{"id":9780,"date":"2025-12-17T11:05:00","date_gmt":"2025-12-17T14:05:00","guid":{"rendered":"https:\/\/nexuz.prosperiuz.com\/?post_type=product&#038;p=9780"},"modified":"2026-03-23T01:40:41","modified_gmt":"2026-03-23T04:40:41","slug":"adobe-after-effects","status":"publish","type":"product","link":"https:\/\/nexuz-teste.prosperiuz.com\/en\/acesso\/adobe-after-effects\/","title":{"rendered":"Adobe After Effects"},"content":{"rendered":"<h3>\ud83c\udfac Adobe After Effects \u2013 motion graphics e efeitos visuais profissionais com recursos ilimitados e controle total.<\/h3>\n<p>&nbsp;<\/p>\n<p>Acesse um poderoso software para cria\u00e7\u00e3o de gr\u00e1ficos em movimento (motion graphics) e efeitos visuais (VFX), animando textos, logotipos, ilustra\u00e7\u00f5es e adicionando efeitos deslumbrantes a v\u00eddeos para cinema, TV e web, atuando como uma ferramenta de p\u00f3s-produ\u00e7\u00e3o para dar vida e realismo a elementos que n\u00e3o podem ser criados apenas na edi\u00e7\u00e3o<\/p>\n<p>&nbsp;<\/p>\n<p>&nbsp;<\/p>\n<p>&#8212;&#8212;&#8212;&#8212;&#8212;&#8212;&#8212;&#8212;&#8212;&#8212;&#8212;&#8212;&#8212;&#8212;&#8212;&#8212;&#8212;&#8211;<\/p>\n<p>&nbsp;<\/p>\n<h4>\u26a0\ufe0f Leia tudo com aten\u00e7\u00e3o para evitar problemas!<\/h4>\n<p>&nbsp;<\/p>\n<p>As informa\u00e7\u00f5es abaixo explicam como voc\u00ea recebe o acesso, o que est\u00e1 incluso e como usar corretamente.<\/p>\n<p>&nbsp;<\/p>\n<p>&nbsp;<\/p>\n<p>&#8212;&#8212;&#8212;&#8212;&#8212;&#8212;&#8212;&#8212;&#8212;&#8212;&#8212;&#8212;&#8212;&#8212;&#8212;&#8212;&#8212;&#8211;<\/p>\n<p>&nbsp;<\/p>\n<h5>\ud83d\udce9 Como recebo meu acesso?<\/h5>\n<p>&nbsp;<\/p>\n<p>\u2705 Ap\u00f3s a confirma\u00e7\u00e3o do pagamento, clique em \u201cJ\u00e1 paguei, e meu acesso?\u201d<\/p>\n<p>\u2705 Escolha a op\u00e7\u00e3o \u201cCom \u26a1\ufe0f\u201d<\/p>\n<p>\u2705 Voc\u00ea vai pra um p\u00e1gina de download onde baixa, extrai os arquivos, ler o tutorial e faz a instala\u00e7\u00e3o e ativa\u00e7\u00e3o.<\/p>\n<p>&nbsp;<\/p>\n<p>&nbsp;<\/p>\n<p>&#8212;&#8212;&#8212;&#8212;&#8212;&#8212;&#8212;&#8212;&#8212;&#8212;&#8212;&#8212;&#8212;&#8212;&#8212;&#8212;&#8212;&#8211;<\/p>\n<p>&nbsp;<\/p>\n<h5>\ud83c\udf81 O que est\u00e1 incluso?<\/h5>\n<p>&nbsp;<\/p>\n<p>\u2705 Adobe after effects completo \u2013 vers\u00e3o mais recente<\/p>\n<p>\u2705 Motion Graphics e Anima\u00e7\u00e3o<\/p>\n<p>\u2705 Efeitos Visuais (VFX) e Composi\u00e7\u00e3o<\/p>\n<p>\u2705 Ferramentas de Intelig\u00eancia Artificial (Adobe Sensei)<\/p>\n<p>\u2705Espa\u00e7o 3D e Integra\u00e7\u00e3o<\/p>\n<p>\u2705 Puppet Tool (Ferramenta de Marionete)<\/p>\n<p>\u2705 <span class=\"Y2IQFc\" lang=\"pt\">Design Responsivo<\/span><\/p>\n<p>&nbsp;<\/p>\n<p>&#8212;&#8212;&#8212;&#8212;&#8212;&#8212;&#8212;&#8212;&#8212;&#8212;&#8212;&#8212;&#8212;&#8212;&#8212;&#8212;&#8212;&#8211;<\/p>\n<p>&nbsp;<\/p>\n<h5>\ud83d\udce6 Plano Dispon\u00edvel<\/h5>\n<p>&nbsp;<\/p>\n<h5>\ud83d\uddd3\ufe0f Assinatura Vers\u00e3o<\/h5>\n<p>&nbsp;<\/p>\n<p>\u2705 Compra acesso ao Adobe after effects<\/p>\n<p>\u2705 Ativa\u00e7\u00e3o r\u00e1pida via login\/senha<\/p>\n<p>\u2705 Suporte ativo para qualquer ajuda<\/p>\n<p>&nbsp;<\/p>\n<p>&nbsp;<\/p>\n<p>&#8212;&#8212;&#8212;&#8212;&#8212;&#8212;&#8212;&#8212;&#8212;&#8212;&#8212;&#8212;&#8212;&#8212;&#8212;&#8212;&#8212;&#8211;<\/p>\n<p>&nbsp;<\/p>\n<h5>\ud83d\udda5\ufe0f Qualidade e Compatibilidade<\/h5>\n<p>&nbsp;<\/p>\n<p>\u2705 Funciona em Windows e macOS<\/p>\n<p>\u2705 Permite instala\u00e7\u00e3o em PC e notebook<\/p>\n<p>\u2705 Interface profissional com ferramentas completas<\/p>\n<p>\u2705 Armazenamento integrado (dependendo do plano)<\/p>\n<p>&nbsp;<\/p>\n<p>&nbsp;<\/p>\n<p>&#8212;&#8212;&#8212;&#8212;&#8212;&#8212;&#8212;&#8212;&#8212;&#8212;&#8212;&#8212;&#8212;&#8212;&#8212;&#8212;&#8212;&#8211;<\/p>\n<p>&nbsp;<\/p>\n<h5>\ud83e\udd1d Suporte e Garantia<\/h5>\n<p>&nbsp;<\/p>\n<p>\u2705 Atendimento direto via WhatsApp<\/p>\n<p>\u2705 Garantia de acesso durante todo o per\u00edodo contratado<\/p>\n<p>\u2705 Ajuda r\u00e1pida em caso de d\u00favidas ou falhas<\/p>\n<p>&nbsp;<\/p>\n<p>&nbsp;<\/p>\n<p>&#8212;&#8212;&#8212;&#8212;&#8212;&#8212;&#8212;&#8212;&#8212;&#8212;&#8212;&#8212;&#8212;&#8212;&#8212;&#8212;&#8212;&#8211;<\/p>\n<p>&nbsp;<\/p>\n<h5>\u2139\ufe0f Observa\u00e7\u00f5es<\/h5>\n<p>&nbsp;<\/p>\n<p>\u25ab\ufe0f Por ser acesso compartilhado, n\u00e3o insira dados pessoais<\/p>\n<p>\u25ab\ufe0f N\u00e3o altere e-mail, senha ou configura\u00e7\u00f5es da conta<\/p>\n<p>\u25ab\ufe0f Leia todas as informa\u00e7\u00f5es antes da compra para evitar imprevistos<\/p>","protected":false},"excerpt":{"rendered":"<p>\ud83c\udfac Adobe After Effects \u2013 motion graphics e efeitos visuais profissionais com recursos ilimitados e controle total. &nbsp; Acesse um poderoso software para cria\u00e7\u00e3o de gr\u00e1ficos em movimento (motion graphics) e efeitos visuais (VFX), animando textos, logotipos, ilustra\u00e7\u00f5es e adicionando efeitos deslumbrantes a v\u00eddeos para cinema, TV e web, atuando como uma ferramenta de p\u00f3s-produ\u00e7\u00e3o [&hellip;]<\/p>\n","protected":false},"featured_media":9781,"comment_status":"open","ping_status":"closed","template":"","meta":[],"product_brand":[],"product_cat":[107],"product_tag":[],"sistema_operacional":[156],"duracao":[164],"plataforma":[169],"outros":[],"entrega":[174],"nexuz_flag":[143,142],"class_list":{"0":"post-9780","1":"product","2":"type-product","3":"status-publish","4":"has-post-thumbnail","6":"product_cat-programas","7":"sistema_operacional-windows","8":"duracao-versao","9":"plataforma-programa","10":"entrega-entrega-automatica-fixo","11":"nexuz_flag-mais-avaliados","12":"nexuz_flag-mais-vendidos","14":"first","15":"instock","16":"sale","17":"downloadable","18":"virtual","19":"purchasable","20":"product-type-simple","21":"produto-sem-combo"},"jetpack_sharing_enabled":true,"_links":{"self":[{"href":"https:\/\/nexuz-teste.prosperiuz.com\/en\/wp-json\/wp\/v2\/product\/9780","targetHints":{"allow":["GET"]}}],"collection":[{"href":"https:\/\/nexuz-teste.prosperiuz.com\/en\/wp-json\/wp\/v2\/product"}],"about":[{"href":"https:\/\/nexuz-teste.prosperiuz.com\/en\/wp-json\/wp\/v2\/types\/product"}],"replies":[{"embeddable":true,"href":"https:\/\/nexuz-teste.prosperiuz.com\/en\/wp-json\/wp\/v2\/comments?post=9780"}],"version-history":[{"count":3,"href":"https:\/\/nexuz-teste.prosperiuz.com\/en\/wp-json\/wp\/v2\/product\/9780\/revisions"}],"predecessor-version":[{"id":11472,"href":"https:\/\/nexuz-teste.prosperiuz.com\/en\/wp-json\/wp\/v2\/product\/9780\/revisions\/11472"}],"wp:featuredmedia":[{"embeddable":true,"href":"https:\/\/nexuz-teste.prosperiuz.com\/en\/wp-json\/wp\/v2\/media\/9781"}],"wp:attachment":[{"href":"https:\/\/nexuz-teste.prosperiuz.com\/en\/wp-json\/wp\/v2\/media?parent=9780"}],"wp:term":[{"taxonomy":"product_brand","embeddable":true,"href":"https:\/\/nexuz-teste.prosperiuz.com\/en\/wp-json\/wp\/v2\/product_brand?post=9780"},{"taxonomy":"product_cat","embeddable":true,"href":"https:\/\/nexuz-teste.prosperiuz.com\/en\/wp-json\/wp\/v2\/product_cat?post=9780"},{"taxonomy":"product_tag","embeddable":true,"href":"https:\/\/nexuz-teste.prosperiuz.com\/en\/wp-json\/wp\/v2\/product_tag?post=9780"},{"taxonomy":"sistema_operacional","embeddable":true,"href":"https:\/\/nexuz-teste.prosperiuz.com\/en\/wp-json\/wp\/v2\/sistema_operacional?post=9780"},{"taxonomy":"duracao","embeddable":true,"href":"https:\/\/nexuz-teste.prosperiuz.com\/en\/wp-json\/wp\/v2\/duracao?post=9780"},{"taxonomy":"plataforma","embeddable":true,"href":"https:\/\/nexuz-teste.prosperiuz.com\/en\/wp-json\/wp\/v2\/plataforma?post=9780"},{"taxonomy":"outros","embeddable":true,"href":"https:\/\/nexuz-teste.prosperiuz.com\/en\/wp-json\/wp\/v2\/outros?post=9780"},{"taxonomy":"entrega","embeddable":true,"href":"https:\/\/nexuz-teste.prosperiuz.com\/en\/wp-json\/wp\/v2\/entrega?post=9780"},{"taxonomy":"nexuz_flag","embeddable":true,"href":"https:\/\/nexuz-teste.prosperiuz.com\/en\/wp-json\/wp\/v2\/nexuz_flag?post=9780"}],"curies":[{"name":"wp","href":"https:\/\/api.w.org\/{rel}","templated":true}]}}