{"id":9703,"date":"2025-12-11T19:07:10","date_gmt":"2025-12-11T22:07:10","guid":{"rendered":"https:\/\/nexuz.prosperiuz.com\/?post_type=product&#038;p=9703"},"modified":"2026-03-22T01:48:41","modified_gmt":"2026-03-22T04:48:41","slug":"poder-do-habito-por-que-fazemos-o-que-fazemos-na-vida-e-nos-negocios","status":"publish","type":"product","link":"https:\/\/nexuz-teste.prosperiuz.com\/en\/acesso\/poder-do-habito-por-que-fazemos-o-que-fazemos-na-vida-e-nos-negocios\/","title":{"rendered":"Poder Do Habito &#8211; Por Que Fazemos O Que Fazemos Na Vida E Nos Negocios"},"content":{"rendered":"<h2><\/h2>\n<h3>\ud83d\udcda O Poder do H\u00e1bito \u2013 conte\u00fado completo em formato digital<\/h3>\n<p>&nbsp;<\/p>\n<p>Acesse a obra o Poder do H\u00e1bito onde <span class=\"a-text-bold\">Charles Duhigg, rep\u00f3rter investigativo do\u00a0\u00a0<\/span><span class=\"a-text-bold a-text-italic\">New York Times<\/span><span class=\"a-text-bold\">\u00a0, mostra que a chave para o sucesso \u00e9 entender como os h\u00e1bitos funcionam &#8211; e como podemos transform\u00e1-los.<\/span><\/p>\n<p>Durante os \u00faltimos dois anos, uma jovem transformou quase todos os aspectos de sua vida. Parou de fumar, correu uma maratona e foi promovida. Em um laborat\u00f3rio, neurologistas descobriram que os padr\u00f5es dentro do c\u00e9rebro dela mudaram de maneira fundamental. Publicit\u00e1rios da Procter &amp; Gamble observaram v\u00eddeos de pessoas fazendo a cama. Tentavam desesperadamente descobrir como vender um novo produto chamado Febreze, que estava prestes a se tornar um dos maiores fracassos na hist\u00f3ria da empresa. De repente, um deles detecta um padr\u00e3o quase impercept\u00edvel &#8211; e, com uma sutil mudan\u00e7a na campanha publicit\u00e1ria, Febreze come\u00e7a a vender um bilh\u00e3o de d\u00f3lares por anos. Um diretor executivo pouco conhecido assume uma das maiores empresas norte-americanas. Seu primeiro passo \u00e9 atacar um \u00fanico padr\u00e3o entre os funcion\u00e1rios &#8211; a maneira como lidam com a seguran\u00e7a no ambiente de trabalho -, e logo a empresa come\u00e7a a ter o melhor desempenho no \u00edndice Dow Jones.<\/p>\n<p>&nbsp;<\/p>\n<p>&nbsp;<\/p>\n<p>&#8212;&#8212;&#8212;&#8212;&#8212;&#8212;&#8212;&#8212;&#8212;&#8212;&#8212;&#8212;&#8212;&#8212;&#8212;&#8212;&#8212;&#8211;<\/p>\n<p>&nbsp;<\/p>\n<h4>\u26a0\ufe0f Leia tudo com aten\u00e7\u00e3o para evitar problemas!<\/h4>\n<p>&nbsp;<\/p>\n<p>As informa\u00e7\u00f5es abaixo explicam como voc\u00ea recebe o arquivo, o que est\u00e1 incluso e as regras de uso.<\/p>\n<p>&nbsp;<\/p>\n<p>&nbsp;<\/p>\n<p>&#8212;&#8212;&#8212;&#8212;&#8212;&#8212;&#8212;&#8212;&#8212;&#8212;&#8212;&#8212;&#8212;&#8212;&#8212;&#8212;&#8212;&#8211;<\/p>\n<p>&nbsp;<\/p>\n<h5>\ud83d\udce9 Como recebo meu acesso?<\/h5>\n<p>&nbsp;<\/p>\n<p>\u2705 Ap\u00f3s a confirma\u00e7\u00e3o do pagamento, clique em \u201cJ\u00e1 paguei, e meu acesso?\u201d<\/p>\n<p>\u2705 Escolha a op\u00e7\u00e3o \u201cCom \u26a1\ufe0f\u201d<\/p>\n<p>\u2705 Receba o livro diretamente pelo WhatsApp em PDF<\/p>\n<p>\u2705 Acesso imediato e permanente ao arquivo<\/p>\n<p>\u2705 Suporte caso tenha dificuldades para abrir ou baixar<\/p>\n<p>&nbsp;<\/p>\n<p>&nbsp;<\/p>\n<p>&#8212;&#8212;&#8212;&#8212;&#8212;&#8212;&#8212;&#8212;&#8212;&#8212;&#8212;&#8212;&#8212;&#8212;&#8212;&#8212;&#8212;&#8211;<\/p>\n<p>&nbsp;<\/p>\n<h5>\ud83c\udf81 O que est\u00e1 incluso?<\/h5>\n<p>&nbsp;<\/p>\n<p>\u2705 Arquivo digital do Livro O Poder do H\u00e1bito<\/p>\n<p>\u2705 Formato PDF, leve e compat\u00edvel com todos os dispositivos<\/p>\n<p>\u2705 Leitura clara em celular, tablet, PC ou notebook<\/p>\n<p>\u2705 Conte\u00fado completo: O Loop do H\u00e1bito (A Estrutura), A Regra de Ouro para a Mudan\u00e7a, H\u00e1bitos Mestres (Keystone Habits), Vontade como um M\u00fasculo, H\u00e1bitos Organizacionais e Sociais<\/p>\n<p>&nbsp;<\/p>\n<p>&nbsp;<\/p>\n<p>&#8212;&#8212;&#8212;&#8212;&#8212;&#8212;&#8212;&#8212;&#8212;&#8212;&#8212;&#8212;&#8212;&#8212;&#8212;&#8212;&#8212;&#8211;<\/p>\n<p>&nbsp;<\/p>\n<h5>\ud83d\udda5\ufe0f Compatibilidade<\/h5>\n<p>&nbsp;<\/p>\n<p>\u2714\ufe0f Android<\/p>\n<p>\u2714\ufe0f iOS (iPhone\/iPad)<\/p>\n<p>\u2714\ufe0f Windows<\/p>\n<p>\u2714\ufe0f MacBook<\/p>\n<p>\u2714\ufe0f Tablets e leitores digitais compat\u00edveis com PDF<\/p>\n<p>&nbsp;<\/p>\n<p>&nbsp;<\/p>\n<p>&#8212;&#8212;&#8212;&#8212;&#8212;&#8212;&#8212;&#8212;&#8212;&#8212;&#8212;&#8212;&#8212;&#8212;&#8212;&#8212;&#8212;&#8211;<\/p>\n<p>&nbsp;<\/p>\n<h5>\ud83d\udce6 Regras e Condi\u00e7\u00f5es Importantes<\/h5>\n<p>&nbsp;<\/p>\n<p>\u26a0\ufe0f Uso exclusivamente pessoal \u2014 n\u00e3o compartilhar o arquivo publicamente<\/p>\n<p>\u26a0\ufe0f N\u00e3o \u00e9 permitida a revenda<\/p>\n<p>\u26a0\ufe0f O arquivo n\u00e3o deve ser enviado para terceiros<\/p>\n<p>\u26a0\ufe0f Fa\u00e7a backup para garantir que n\u00e3o perca o conte\u00fado<\/p>\n<p>\u26a0\ufe0f O material \u00e9 digital \u2014 n\u00e3o enviamos vers\u00e3o f\u00edsica<\/p>\n<p>&nbsp;<\/p>\n<p>&nbsp;<\/p>\n<p>&#8212;&#8212;&#8212;&#8212;&#8212;&#8212;&#8212;&#8212;&#8212;&#8212;&#8212;&#8212;&#8212;&#8212;&#8212;&#8212;&#8212;&#8211;<\/p>\n<p>&nbsp;<\/p>\n<h5>\ud83e\udd1d Suporte e Garantia<\/h5>\n<p>&nbsp;<\/p>\n<p>\u2705 Atendimento direto via WhatsApp<\/p>\n<p>\u2705 Reenvio do arquivo em caso de perda<\/p>\n<p>\u2705 Ajuda r\u00e1pida se o PDF n\u00e3o abrir ou apresentar erro<\/p>\n<p>&nbsp;<\/p>\n<p>&nbsp;<\/p>\n<p>&#8212;&#8212;&#8212;&#8212;&#8212;&#8212;&#8212;&#8212;&#8212;&#8212;&#8212;&#8212;&#8212;&#8212;&#8212;&#8212;&#8212;&#8211;<\/p>\n<p>&nbsp;<\/p>\n<h5>\u2139\ufe0f Observa\u00e7\u00f5es<\/h5>\n<p>&nbsp;<\/p>\n<p>\u25ab\ufe0f O envio \u00e9 na hora<\/p>\n<p>\u25ab\ufe0f Recomenda-se salvar em um local seguro (Google Drive, celular, pendrive etc.)<\/p>\n<p>\u25ab\ufe0f Ideal para Pessoas que buscam Autodesenvolvimento e Produtividade, L\u00edderes, Gestores e Empreendedores, Estudantes e Profissionais de Psicologia ou Neuroci\u00eancia, Pessoas em Transi\u00e7\u00e3o de Vida<\/p>\n<p>&nbsp;<\/p>","protected":false},"excerpt":{"rendered":"<p>\ud83d\udcda O Poder do H\u00e1bito \u2013 conte\u00fado completo em formato digital &nbsp; Acesse a obra o Poder do H\u00e1bito onde Charles Duhigg, rep\u00f3rter investigativo do\u00a0\u00a0New York Times\u00a0, mostra que a chave para o sucesso \u00e9 entender como os h\u00e1bitos funcionam &#8211; e como podemos transform\u00e1-los. Durante os \u00faltimos dois anos, uma jovem transformou quase todos [&hellip;]<\/p>\n","protected":false},"featured_media":9755,"comment_status":"open","ping_status":"closed","template":"","meta":[],"product_brand":[],"product_cat":[120],"product_tag":[],"sistema_operacional":[],"duracao":[163],"plataforma":[166],"outros":[],"entrega":[174],"nexuz_flag":[143,142],"class_list":{"0":"post-9703","1":"product","2":"type-product","3":"status-publish","4":"has-post-thumbnail","6":"product_cat-e-books","7":"duracao-vitalicio","8":"plataforma-e-book","9":"entrega-entrega-automatica-fixo","10":"nexuz_flag-mais-avaliados","11":"nexuz_flag-mais-vendidos","13":"first","14":"instock","15":"sale","16":"downloadable","17":"virtual","18":"purchasable","19":"product-type-simple","20":"produto-sem-combo"},"jetpack_sharing_enabled":true,"_links":{"self":[{"href":"https:\/\/nexuz-teste.prosperiuz.com\/en\/wp-json\/wp\/v2\/product\/9703","targetHints":{"allow":["GET"]}}],"collection":[{"href":"https:\/\/nexuz-teste.prosperiuz.com\/en\/wp-json\/wp\/v2\/product"}],"about":[{"href":"https:\/\/nexuz-teste.prosperiuz.com\/en\/wp-json\/wp\/v2\/types\/product"}],"replies":[{"embeddable":true,"href":"https:\/\/nexuz-teste.prosperiuz.com\/en\/wp-json\/wp\/v2\/comments?post=9703"}],"version-history":[{"count":3,"href":"https:\/\/nexuz-teste.prosperiuz.com\/en\/wp-json\/wp\/v2\/product\/9703\/revisions"}],"predecessor-version":[{"id":9823,"href":"https:\/\/nexuz-teste.prosperiuz.com\/en\/wp-json\/wp\/v2\/product\/9703\/revisions\/9823"}],"wp:featuredmedia":[{"embeddable":true,"href":"https:\/\/nexuz-teste.prosperiuz.com\/en\/wp-json\/wp\/v2\/media\/9755"}],"wp:attachment":[{"href":"https:\/\/nexuz-teste.prosperiuz.com\/en\/wp-json\/wp\/v2\/media?parent=9703"}],"wp:term":[{"taxonomy":"product_brand","embeddable":true,"href":"https:\/\/nexuz-teste.prosperiuz.com\/en\/wp-json\/wp\/v2\/product_brand?post=9703"},{"taxonomy":"product_cat","embeddable":true,"href":"https:\/\/nexuz-teste.prosperiuz.com\/en\/wp-json\/wp\/v2\/product_cat?post=9703"},{"taxonomy":"product_tag","embeddable":true,"href":"https:\/\/nexuz-teste.prosperiuz.com\/en\/wp-json\/wp\/v2\/product_tag?post=9703"},{"taxonomy":"sistema_operacional","embeddable":true,"href":"https:\/\/nexuz-teste.prosperiuz.com\/en\/wp-json\/wp\/v2\/sistema_operacional?post=9703"},{"taxonomy":"duracao","embeddable":true,"href":"https:\/\/nexuz-teste.prosperiuz.com\/en\/wp-json\/wp\/v2\/duracao?post=9703"},{"taxonomy":"plataforma","embeddable":true,"href":"https:\/\/nexuz-teste.prosperiuz.com\/en\/wp-json\/wp\/v2\/plataforma?post=9703"},{"taxonomy":"outros","embeddable":true,"href":"https:\/\/nexuz-teste.prosperiuz.com\/en\/wp-json\/wp\/v2\/outros?post=9703"},{"taxonomy":"entrega","embeddable":true,"href":"https:\/\/nexuz-teste.prosperiuz.com\/en\/wp-json\/wp\/v2\/entrega?post=9703"},{"taxonomy":"nexuz_flag","embeddable":true,"href":"https:\/\/nexuz-teste.prosperiuz.com\/en\/wp-json\/wp\/v2\/nexuz_flag?post=9703"}],"curies":[{"name":"wp","href":"https:\/\/api.w.org\/{rel}","templated":true}]}}