{"id":9011,"date":"2025-11-21T19:52:49","date_gmt":"2025-11-21T22:52:49","guid":{"rendered":"https:\/\/nexuz.prosperiuz.com\/?post_type=product&#038;p=9011"},"modified":"2026-03-09T18:20:20","modified_gmt":"2026-03-09T21:20:20","slug":"expert","status":"publish","type":"product","link":"https:\/\/nexuz-teste.prosperiuz.com\/en\/acesso\/expert\/","title":{"rendered":"ESSENCIAL"},"content":{"rendered":"<p>Ao adquirir o Plano Essencial, voc\u00ea pode escolher 10 acessos de qualquer modalidade na Nexuz.<\/p>\n<p>\u25ab\ufe0fAp\u00f3s o pagamento, clique no bot\u00e3o &#8220;J\u00e1 paguei, e meu acesso?&#8221;, e clique no bot\u00e3o &#8220;Sem \u26a1&#8221; para ir para o suporte no WhatsApp, onde ir\u00e1 receber seu cupom.<\/p>\n<p>\u25ab\ufe0fSelecione 10 acessos (mensal, vers\u00e3o ou vital\u00edcios) e coloque todos juntos no carrinho.<\/p>\n<p>\u274c N\u00e3o \u00e9 permitido dividir a escolha em dias diferentes.<\/p>\n<p>\u25ab\ufe0fAplique o cupom que ir\u00e1 zerar o valor total dos 10 acessos.<\/p>\n<p>\u25ab\ufe0fFinalize o pedido e clique no bot\u00e3o \u201cJ\u00e1 paguei, e meu acesso?\u201d, clique no bot\u00e3o correspondente aos acessos comprados, &#8220;Com \u26a1&#8221; ou &#8220;Sem \u26a1&#8221; (pode comprar acessos das 2 modalidades juntas sem problema).<\/p>\n<p>\u2705 O suporte enviar\u00e1 todos os seus dados de acesso na compra &#8220;Sem \u26a1&#8221;, e em compras &#8220;Com \u26a1&#8221; voc\u00ea recebe em &#8220;Minha conta&#8221; e &#8220;Downloads&#8221;.<\/p>\n<p>\u26a0 O cupom \u00e9 v\u00e1lido por 30 dias e expira ap\u00f3s esse per\u00edodo.<\/p>","protected":false},"excerpt":{"rendered":"<blockquote><p>&nbsp;<\/p><\/blockquote>","protected":false},"featured_media":8892,"comment_status":"open","ping_status":"closed","template":"","meta":[],"product_brand":[],"product_cat":[],"product_tag":[],"sistema_operacional":[],"duracao":[160],"plataforma":[],"outros":[173],"entrega":[],"nexuz_flag":[143,142],"class_list":{"0":"post-9011","1":"product","2":"type-product","3":"status-publish","4":"has-post-thumbnail","6":"duracao-30-dias","7":"outros-planos","8":"nexuz_flag-mais-avaliados","9":"nexuz_flag-mais-vendidos","11":"first","12":"instock","13":"sale","14":"downloadable","15":"virtual","16":"purchasable","17":"product-type-simple","18":"produto-sem-combo"},"jetpack_sharing_enabled":true,"_links":{"self":[{"href":"https:\/\/nexuz-teste.prosperiuz.com\/en\/wp-json\/wp\/v2\/product\/9011","targetHints":{"allow":["GET"]}}],"collection":[{"href":"https:\/\/nexuz-teste.prosperiuz.com\/en\/wp-json\/wp\/v2\/product"}],"about":[{"href":"https:\/\/nexuz-teste.prosperiuz.com\/en\/wp-json\/wp\/v2\/types\/product"}],"replies":[{"embeddable":true,"href":"https:\/\/nexuz-teste.prosperiuz.com\/en\/wp-json\/wp\/v2\/comments?post=9011"}],"version-history":[{"count":25,"href":"https:\/\/nexuz-teste.prosperiuz.com\/en\/wp-json\/wp\/v2\/product\/9011\/revisions"}],"predecessor-version":[{"id":9368,"href":"https:\/\/nexuz-teste.prosperiuz.com\/en\/wp-json\/wp\/v2\/product\/9011\/revisions\/9368"}],"wp:featuredmedia":[{"embeddable":true,"href":"https:\/\/nexuz-teste.prosperiuz.com\/en\/wp-json\/wp\/v2\/media\/8892"}],"wp:attachment":[{"href":"https:\/\/nexuz-teste.prosperiuz.com\/en\/wp-json\/wp\/v2\/media?parent=9011"}],"wp:term":[{"taxonomy":"product_brand","embeddable":true,"href":"https:\/\/nexuz-teste.prosperiuz.com\/en\/wp-json\/wp\/v2\/product_brand?post=9011"},{"taxonomy":"product_cat","embeddable":true,"href":"https:\/\/nexuz-teste.prosperiuz.com\/en\/wp-json\/wp\/v2\/product_cat?post=9011"},{"taxonomy":"product_tag","embeddable":true,"href":"https:\/\/nexuz-teste.prosperiuz.com\/en\/wp-json\/wp\/v2\/product_tag?post=9011"},{"taxonomy":"sistema_operacional","embeddable":true,"href":"https:\/\/nexuz-teste.prosperiuz.com\/en\/wp-json\/wp\/v2\/sistema_operacional?post=9011"},{"taxonomy":"duracao","embeddable":true,"href":"https:\/\/nexuz-teste.prosperiuz.com\/en\/wp-json\/wp\/v2\/duracao?post=9011"},{"taxonomy":"plataforma","embeddable":true,"href":"https:\/\/nexuz-teste.prosperiuz.com\/en\/wp-json\/wp\/v2\/plataforma?post=9011"},{"taxonomy":"outros","embeddable":true,"href":"https:\/\/nexuz-teste.prosperiuz.com\/en\/wp-json\/wp\/v2\/outros?post=9011"},{"taxonomy":"entrega","embeddable":true,"href":"https:\/\/nexuz-teste.prosperiuz.com\/en\/wp-json\/wp\/v2\/entrega?post=9011"},{"taxonomy":"nexuz_flag","embeddable":true,"href":"https:\/\/nexuz-teste.prosperiuz.com\/en\/wp-json\/wp\/v2\/nexuz_flag?post=9011"}],"curies":[{"name":"wp","href":"https:\/\/api.w.org\/{rel}","templated":true}]}}