{"id":9009,"date":"2025-11-21T19:51:24","date_gmt":"2025-11-21T22:51:24","guid":{"rendered":"https:\/\/nexuz.prosperiuz.com\/?post_type=product&#038;p=9009"},"modified":"2026-03-09T18:20:20","modified_gmt":"2026-03-09T21:20:20","slug":"avancado","status":"publish","type":"product","link":"https:\/\/nexuz-teste.prosperiuz.com\/en\/acesso\/avancado\/","title":{"rendered":"FAM\u00cdLIA"},"content":{"rendered":"<p>Ao adquirir o Plano Fam\u00edlia, voc\u00ea pode escolher 20 acessos de qualquer modalidade na Nexuz.<\/p>\n<p>\u25ab\ufe0fAp\u00f3s o pagamento, clique no bot\u00e3o &#8220;J\u00e1 paguei, e meu acesso?&#8221;, e clique no bot\u00e3o &#8220;Sem \u26a1&#8221; para ir para o suporte no WhatsApp, onde ir\u00e1 receber seu cupom.<\/p>\n<p>\u25ab\ufe0fSelecione 20 acessos (mensal, vers\u00e3o ou vital\u00edcios) e coloque todos juntos no carrinho.<\/p>\n<p>\u274c N\u00e3o \u00e9 permitido dividir a escolha em dias diferentes.<\/p>\n<p>\u25ab\ufe0fAplique o cupom que ir\u00e1 zerar o valor total dos 20 acessos.<\/p>\n<p>\u25ab\ufe0fFinalize o pedido e clique no bot\u00e3o \u201cJ\u00e1 paguei, e meu acesso?\u201d, clique no bot\u00e3o correspondente aos acessos comprados, &#8220;Com \u26a1&#8221; ou &#8220;Sem \u26a1&#8221; (pode comprar acessos das 2 modalidades juntas sem problema).<\/p>\n<p>\u2705 O suporte enviar\u00e1 todos os seus dados de acesso na compra &#8220;Sem \u26a1&#8221;, e em compras &#8220;Com \u26a1&#8221; voc\u00ea recebe em &#8220;Minha conta&#8221; e &#8220;Downloads&#8221;.<\/p>\n<p>\u26a0 O cupom \u00e9 v\u00e1lido por 30 dias e expira ap\u00f3s esse per\u00edodo.<\/p>","protected":false},"excerpt":{"rendered":"<p>Ao adquirir o Plano Fam\u00edlia, voc\u00ea pode escolher 20 acessos de qualquer modalidade na Nexuz. \u25ab\ufe0fAp\u00f3s o pagamento, clique no bot\u00e3o &#8220;J\u00e1 paguei, e meu acesso?&#8221;, e clique no bot\u00e3o &#8220;Sem \u26a1&#8221; para ir para o suporte no WhatsApp, onde ir\u00e1 receber seu cupom. \u25ab\ufe0fSelecione 20 acessos (mensal, vers\u00e3o ou vital\u00edcios) e coloque todos juntos [&hellip;]<\/p>\n","protected":false},"featured_media":8893,"comment_status":"open","ping_status":"closed","template":"","meta":[],"product_brand":[],"product_cat":[],"product_tag":[],"sistema_operacional":[],"duracao":[160],"plataforma":[],"outros":[173],"entrega":[],"nexuz_flag":[143,142],"class_list":{"0":"post-9009","1":"product","2":"type-product","3":"status-publish","4":"has-post-thumbnail","6":"duracao-30-dias","7":"outros-planos","8":"nexuz_flag-mais-avaliados","9":"nexuz_flag-mais-vendidos","11":"first","12":"instock","13":"sale","14":"downloadable","15":"virtual","16":"purchasable","17":"product-type-simple","18":"produto-sem-combo"},"jetpack_sharing_enabled":true,"_links":{"self":[{"href":"https:\/\/nexuz-teste.prosperiuz.com\/en\/wp-json\/wp\/v2\/product\/9009","targetHints":{"allow":["GET"]}}],"collection":[{"href":"https:\/\/nexuz-teste.prosperiuz.com\/en\/wp-json\/wp\/v2\/product"}],"about":[{"href":"https:\/\/nexuz-teste.prosperiuz.com\/en\/wp-json\/wp\/v2\/types\/product"}],"replies":[{"embeddable":true,"href":"https:\/\/nexuz-teste.prosperiuz.com\/en\/wp-json\/wp\/v2\/comments?post=9009"}],"version-history":[{"count":10,"href":"https:\/\/nexuz-teste.prosperiuz.com\/en\/wp-json\/wp\/v2\/product\/9009\/revisions"}],"predecessor-version":[{"id":9369,"href":"https:\/\/nexuz-teste.prosperiuz.com\/en\/wp-json\/wp\/v2\/product\/9009\/revisions\/9369"}],"wp:featuredmedia":[{"embeddable":true,"href":"https:\/\/nexuz-teste.prosperiuz.com\/en\/wp-json\/wp\/v2\/media\/8893"}],"wp:attachment":[{"href":"https:\/\/nexuz-teste.prosperiuz.com\/en\/wp-json\/wp\/v2\/media?parent=9009"}],"wp:term":[{"taxonomy":"product_brand","embeddable":true,"href":"https:\/\/nexuz-teste.prosperiuz.com\/en\/wp-json\/wp\/v2\/product_brand?post=9009"},{"taxonomy":"product_cat","embeddable":true,"href":"https:\/\/nexuz-teste.prosperiuz.com\/en\/wp-json\/wp\/v2\/product_cat?post=9009"},{"taxonomy":"product_tag","embeddable":true,"href":"https:\/\/nexuz-teste.prosperiuz.com\/en\/wp-json\/wp\/v2\/product_tag?post=9009"},{"taxonomy":"sistema_operacional","embeddable":true,"href":"https:\/\/nexuz-teste.prosperiuz.com\/en\/wp-json\/wp\/v2\/sistema_operacional?post=9009"},{"taxonomy":"duracao","embeddable":true,"href":"https:\/\/nexuz-teste.prosperiuz.com\/en\/wp-json\/wp\/v2\/duracao?post=9009"},{"taxonomy":"plataforma","embeddable":true,"href":"https:\/\/nexuz-teste.prosperiuz.com\/en\/wp-json\/wp\/v2\/plataforma?post=9009"},{"taxonomy":"outros","embeddable":true,"href":"https:\/\/nexuz-teste.prosperiuz.com\/en\/wp-json\/wp\/v2\/outros?post=9009"},{"taxonomy":"entrega","embeddable":true,"href":"https:\/\/nexuz-teste.prosperiuz.com\/en\/wp-json\/wp\/v2\/entrega?post=9009"},{"taxonomy":"nexuz_flag","embeddable":true,"href":"https:\/\/nexuz-teste.prosperiuz.com\/en\/wp-json\/wp\/v2\/nexuz_flag?post=9009"}],"curies":[{"name":"wp","href":"https:\/\/api.w.org\/{rel}","templated":true}]}}