{"id":8837,"date":"2025-11-18T03:13:43","date_gmt":"2025-11-18T06:13:43","guid":{"rendered":"https:\/\/nexuz.prosperiuz.com\/?post_type=product&#038;p=8837"},"modified":"2026-03-23T01:54:08","modified_gmt":"2026-03-23T04:54:08","slug":"wp-rocket","status":"publish","type":"product","link":"https:\/\/nexuz-teste.prosperiuz.com\/en\/acesso\/wp-rocket\/","title":{"rendered":"WP Rocket"},"content":{"rendered":"<h3>\ud83d\ude80 WP ROCKET \u2013 Otimiza\u00e7\u00e3o profissional de desempenho para WordPress<\/h3>\n<p>&nbsp;<\/p>\n<p>Tenha seu site WordPress otimizado com o WP Rocket, uma das vers\u00f5es mais est\u00e1veis e confi\u00e1veis do plugin. Melhore velocidade, SEO e experi\u00eancia do usu\u00e1rio com configura\u00e7\u00f5es profissionais de cache, minifica\u00e7\u00e3o, preload e muito mais \u2014 sem complica\u00e7\u00e3o. Ideal para sites, lojas, blogs, p\u00e1ginas de vendas e projetos que exigem alto desempenho.<\/p>\n<p>&nbsp;<\/p>\n<p>&nbsp;<\/p>\n<p>\u2014\u2014\u2014\u2014\u2014\u2014\u2014\u2014\u2014\u2014\u2014\u2014\u2014\u2014\u2014\u2014\u2014\u2013<\/p>\n<p>&nbsp;<\/p>\n<h4>\u26a0\ufe0f Leia tudo com aten\u00e7\u00e3o para evitar problemas!<\/h4>\n<p>&nbsp;<\/p>\n<p>As informa\u00e7\u00f5es abaixo explicam como voc\u00ea recebe o acesso, o que est\u00e1 incluso e como usar corretamente.<\/p>\n<p>&nbsp;<\/p>\n<p>&nbsp;<\/p>\n<p>\u2014\u2014\u2014\u2014\u2014\u2014\u2014\u2014\u2014\u2014\u2014\u2014\u2014\u2014\u2014\u2014\u2014\u2013<\/p>\n<p>&nbsp;<\/p>\n<p>&nbsp;<\/p>\n<h5>\ud83d\udce9 Como recebo meu acesso?<\/h5>\n<p>&nbsp;<\/p>\n<p>\u2705 Ap\u00f3s a confirma\u00e7\u00e3o do pagamento, clique em \u201cJ\u00e1 paguei, e meu acesso?\u201d<\/p>\n<p>\u2705 Escolha a op\u00e7\u00e3o \u201cCom\u26a1\ufe0f\u201d<\/p>\n<p>\u2705 Voc\u00ea vai pra um p\u00e1gina de download onde baixa, extrai os arquivos, ler o tutorial e faz a instala\u00e7\u00e3o e ativa\u00e7\u00e3o.<\/p>\n<p>&nbsp;<\/p>\n<p>&nbsp;<\/p>\n<p>\u2014\u2014\u2014\u2014\u2014\u2014\u2014\u2014\u2014\u2014\u2014\u2014\u2014\u2014\u2014\u2014\u2014\u2013<\/p>\n<p>&nbsp;<\/p>\n<p>&nbsp;<\/p>\n<h5>\ud83c\udf81 O que est\u00e1 incluso?<\/h5>\n<p>&nbsp;<\/p>\n<p>\u2705 WP Rocket totalmente funcional<\/p>\n<p>\u2705 Configura\u00e7\u00e3o completa de cache<\/p>\n<p>\u2705 Otimiza\u00e7\u00e3o de CSS, JS e HTML<\/p>\n<p>\u2705 Preload de cache e sitemap<\/p>\n<p>\u2705 Otimiza\u00e7\u00e3o de banco de dados<\/p>\n<p>\u2705 Lazy Load para imagens e iframes<\/p>\n<p>\u2705 Ajustes personalizados para maior desempenho<\/p>\n<p>\u2705 Suporte na ativa\u00e7\u00e3o e no primeiro uso<\/p>\n<p>&nbsp;<\/p>\n<p>&nbsp;<\/p>\n<p>\u2014\u2014\u2014\u2014\u2014\u2014\u2014\u2014\u2014\u2014\u2014\u2014\u2014\u2014\u2014\u2014\u2014\u2013<\/p>\n<p>&nbsp;<\/p>\n<p>&nbsp;<\/p>\n<h5>\ud83d\udce6 Plano Dispon\u00edvel<\/h5>\n<h5>\ud83d\uddd3\ufe0f Assinatura Vers\u00e3o<\/h5>\n<p>&nbsp;<\/p>\n<p>\u2705 Compra acesso ao WP Rocket<\/p>\n<p>\u2705 Ativa\u00e7\u00e3o r\u00e1pida via login\/senha<\/p>\n<p>\u2705 Suporte ativo para qualquer ajuda<\/p>\n<p>&nbsp;<\/p>\n<p>&nbsp;<\/p>\n<p>\u2014\u2014\u2014\u2014\u2014\u2014\u2014\u2014\u2014\u2014\u2014\u2014\u2014\u2014\u2014\u2014\u2014\u2013<\/p>\n<p>&nbsp;<\/p>\n<p>&nbsp;<\/p>\n<h5>\ud83d\udda5\ufe0f Qualidade e Compatibilidade<\/h5>\n<p>&nbsp;<\/p>\n<p>\u2705 Funciona em qualquer site WordPress<\/p>\n<p>\u2705Compat\u00edvel com os principais temas e plugins<\/p>\n<p>\u2705Necess\u00e1rio ter hospedagem pr\u00f3pria<\/p>\n<p>\u2705 Recomendado WordPress atualizado (vers\u00e3o recente)<\/p>\n<p>\u2705 N\u00e3o funciona fora do WordPress<\/p>\n<p>&nbsp;<\/p>\n<p>&nbsp;<\/p>\n<p>\u2014\u2014\u2014\u2014\u2014\u2014\u2014\u2014\u2014\u2014\u2014\u2014\u2014\u2014\u2014\u2014\u2014\u2013<\/p>\n<p>&nbsp;<\/p>\n<p>&nbsp;<\/p>\n<h5>\ud83e\udd1d Suporte e Garantia<\/h5>\n<p>&nbsp;<\/p>\n<p>\u2705 Atendimento direto via WhatsApp<\/p>\n<p>\u2705 Garantia de acesso pelo per\u00edodo contratado<\/p>\n<p>\u2705 Ajuda r\u00e1pida para d\u00favidas e configura\u00e7\u00f5es<\/p>\n<p>&nbsp;<\/p>\n<p>&nbsp;<\/p>\n<p>\u2014\u2014\u2014\u2014\u2014\u2014\u2014\u2014\u2014\u2014\u2014\u2014\u2014\u2014\u2014\u2014\u2014\u2013<\/p>\n<p>&nbsp;<\/p>\n<p>&nbsp;<\/p>\n<h5>\u2139\ufe0f Observa\u00e7\u00f5es<\/h5>\n<h5><\/h5>\n<p>\u25ab\ufe0f N\u00e3o compartilhe a conta com terceiros<\/p>\n<p>\u25ab\ufe0f N\u00e3o altere e-mail ou senha sem autoriza\u00e7\u00e3o<\/p>\n<p>\u25ab\ufe0f Leia todas as informa\u00e7\u00f5es antes da compra para evitar imprevistos<\/p>","protected":false},"excerpt":{"rendered":"<p>\ud83d\ude80 WP ROCKET \u2013 Otimiza\u00e7\u00e3o profissional de desempenho para WordPress &nbsp; Tenha seu site WordPress otimizado com o WP Rocket, uma das vers\u00f5es mais est\u00e1veis e confi\u00e1veis do plugin. Melhore velocidade, SEO e experi\u00eancia do usu\u00e1rio com configura\u00e7\u00f5es profissionais de cache, minifica\u00e7\u00e3o, preload e muito mais \u2014 sem complica\u00e7\u00e3o. Ideal para sites, lojas, blogs, p\u00e1ginas [&hellip;]<\/p>\n","protected":false},"featured_media":8653,"comment_status":"open","ping_status":"closed","template":"","meta":[],"product_brand":[],"product_cat":[110],"product_tag":[],"sistema_operacional":[],"duracao":[164],"plataforma":[168],"outros":[],"entrega":[174],"nexuz_flag":[143,142],"class_list":{"0":"post-8837","1":"product","2":"type-product","3":"status-publish","4":"has-post-thumbnail","6":"product_cat-plugins","7":"duracao-versao","8":"plataforma-plugin","9":"entrega-entrega-automatica-fixo","10":"nexuz_flag-mais-avaliados","11":"nexuz_flag-mais-vendidos","13":"first","14":"instock","15":"sale","16":"downloadable","17":"virtual","18":"purchasable","19":"product-type-simple","20":"produto-sem-combo"},"jetpack_sharing_enabled":true,"_links":{"self":[{"href":"https:\/\/nexuz-teste.prosperiuz.com\/en\/wp-json\/wp\/v2\/product\/8837","targetHints":{"allow":["GET"]}}],"collection":[{"href":"https:\/\/nexuz-teste.prosperiuz.com\/en\/wp-json\/wp\/v2\/product"}],"about":[{"href":"https:\/\/nexuz-teste.prosperiuz.com\/en\/wp-json\/wp\/v2\/types\/product"}],"replies":[{"embeddable":true,"href":"https:\/\/nexuz-teste.prosperiuz.com\/en\/wp-json\/wp\/v2\/comments?post=8837"}],"version-history":[{"count":6,"href":"https:\/\/nexuz-teste.prosperiuz.com\/en\/wp-json\/wp\/v2\/product\/8837\/revisions"}],"predecessor-version":[{"id":9697,"href":"https:\/\/nexuz-teste.prosperiuz.com\/en\/wp-json\/wp\/v2\/product\/8837\/revisions\/9697"}],"wp:featuredmedia":[{"embeddable":true,"href":"https:\/\/nexuz-teste.prosperiuz.com\/en\/wp-json\/wp\/v2\/media\/8653"}],"wp:attachment":[{"href":"https:\/\/nexuz-teste.prosperiuz.com\/en\/wp-json\/wp\/v2\/media?parent=8837"}],"wp:term":[{"taxonomy":"product_brand","embeddable":true,"href":"https:\/\/nexuz-teste.prosperiuz.com\/en\/wp-json\/wp\/v2\/product_brand?post=8837"},{"taxonomy":"product_cat","embeddable":true,"href":"https:\/\/nexuz-teste.prosperiuz.com\/en\/wp-json\/wp\/v2\/product_cat?post=8837"},{"taxonomy":"product_tag","embeddable":true,"href":"https:\/\/nexuz-teste.prosperiuz.com\/en\/wp-json\/wp\/v2\/product_tag?post=8837"},{"taxonomy":"sistema_operacional","embeddable":true,"href":"https:\/\/nexuz-teste.prosperiuz.com\/en\/wp-json\/wp\/v2\/sistema_operacional?post=8837"},{"taxonomy":"duracao","embeddable":true,"href":"https:\/\/nexuz-teste.prosperiuz.com\/en\/wp-json\/wp\/v2\/duracao?post=8837"},{"taxonomy":"plataforma","embeddable":true,"href":"https:\/\/nexuz-teste.prosperiuz.com\/en\/wp-json\/wp\/v2\/plataforma?post=8837"},{"taxonomy":"outros","embeddable":true,"href":"https:\/\/nexuz-teste.prosperiuz.com\/en\/wp-json\/wp\/v2\/outros?post=8837"},{"taxonomy":"entrega","embeddable":true,"href":"https:\/\/nexuz-teste.prosperiuz.com\/en\/wp-json\/wp\/v2\/entrega?post=8837"},{"taxonomy":"nexuz_flag","embeddable":true,"href":"https:\/\/nexuz-teste.prosperiuz.com\/en\/wp-json\/wp\/v2\/nexuz_flag?post=8837"}],"curies":[{"name":"wp","href":"https:\/\/api.w.org\/{rel}","templated":true}]}}