{"id":7232,"date":"2025-10-29T11:32:10","date_gmt":"2025-10-29T14:32:10","guid":{"rendered":"https:\/\/nexuz.prosperiuz.com\/?post_type=product&#038;p=7232"},"modified":"2026-03-23T02:04:41","modified_gmt":"2026-03-23T05:04:41","slug":"elementor-pro","status":"publish","type":"product","link":"https:\/\/nexuz-teste.prosperiuz.com\/en\/acesso\/elementor-pro\/","title":{"rendered":"Elementor PRO"},"content":{"rendered":"<h3>\ud83d\udcbb ELEMENTOR PRO \u2013 cria\u00e7\u00e3o profissional de sites com total liberdade e recursos premium<\/h3>\n<p>&nbsp;<\/p>\n<p>Tenha acesso completo ao Elementor Pro, a vers\u00e3o mais est\u00e1vel e poderosa para cria\u00e7\u00e3o de sites profissionais no WordPress. Construa p\u00e1ginas modernas, r\u00e1pidas e totalmente personalizadas \u2014 sem precisar programar. Ideal para sites, landing pages, lojas, portf\u00f3lios, blogs e p\u00e1ginas de vendas.<\/p>\n<p>&nbsp;<\/p>\n<p>&nbsp;<\/p>\n<p>&#8212;&#8212;&#8212;&#8212;&#8212;&#8212;&#8212;&#8212;&#8212;&#8212;&#8212;&#8212;&#8212;&#8212;&#8212;&#8212;&#8212;&#8211;<\/p>\n<p>&nbsp;<\/p>\n<h4>\u26a0\ufe0f Leia tudo com aten\u00e7\u00e3o para evitar problemas!<\/h4>\n<p>&nbsp;<\/p>\n<p>As informa\u00e7\u00f5es abaixo explicam como voc\u00ea recebe o acesso, o que est\u00e1 incluso e as regras de uso do servi\u00e7o.<\/p>\n<p>&nbsp;<\/p>\n<p>&nbsp;<\/p>\n<p>&#8212;&#8212;&#8212;&#8212;&#8212;&#8212;&#8212;&#8212;&#8212;&#8212;&#8212;&#8212;&#8212;&#8212;&#8212;&#8212;&#8212;&#8211;<\/p>\n<p>&nbsp;<\/p>\n<h5>\ud83d\udce9 Como recebo meu acesso?<\/h5>\n<p>&nbsp;<\/p>\n<p>\u2705 Ap\u00f3s confirma\u00e7\u00e3o do pagamento, clique em \u201cJ\u00e1 paguei, e meu acesso?\u201d<\/p>\n<p>\u2705 Escolha a op\u00e7\u00e3o \u201cCom\u26a1\ufe0f\u201d<\/p>\n<p>\u2705 Voc\u00ea vai pra um p\u00e1gina de download onde baixa, extrai os arquivos, ler o tutorial e faz a instala\u00e7\u00e3o e ativa\u00e7\u00e3o.<\/p>\n<p>&nbsp;<\/p>\n<p>&nbsp;<\/p>\n<p>&#8212;&#8212;&#8212;&#8212;&#8212;&#8212;&#8212;&#8212;&#8212;&#8212;&#8212;&#8212;&#8212;&#8212;&#8212;&#8212;&#8212;&#8211;<\/p>\n<p>&nbsp;<\/p>\n<h5>\ud83c\udf81 O que est\u00e1 incluso?<\/h5>\n<p>&nbsp;<\/p>\n<p>\u2705 Elementor Pro completo<\/p>\n<p>\u2705 Todos os widgets premium liberados<\/p>\n<p>\u2705 Modelos profissionais prontos para uso<\/p>\n<p>\u2705 Construtor de temas (header, footer, blog e posts din\u00e2micos)<\/p>\n<p>\u2705 Construtor de pop-ups integrado<\/p>\n<p>\u2705 Elementor Forms com integra\u00e7\u00f5es<\/p>\n<p>\u2705 Ferramentas avan\u00e7adas de design e anima\u00e7\u00e3o<\/p>\n<p>\u2705 Suporte na ativa\u00e7\u00e3o e no primeiro uso<\/p>\n<p>&nbsp;<\/p>\n<p>&nbsp;<\/p>\n<p>&#8212;&#8212;&#8212;&#8212;&#8212;&#8212;&#8212;&#8212;&#8212;&#8212;&#8212;&#8212;&#8212;&#8212;&#8212;&#8212;&#8212;&#8211;<\/p>\n<p>&nbsp;<\/p>\n<h5>\ud83d\uddd3\ufe0f Plano Dispon\u00edvel<\/h5>\n<p>&nbsp;<\/p>\n<h5>\ud83d\uddd3\ufe0f Assinatura Vers\u00e3o<\/h5>\n<p>\u2714\ufe0f Uso do Elementor Pro<\/p>\n<p>\u2714\ufe0f Suporte durante todo o per\u00edodo contratado<\/p>\n<p>&nbsp;<\/p>\n<p>&nbsp;<\/p>\n<p>&#8212;&#8212;&#8212;&#8212;&#8212;&#8212;&#8212;&#8212;&#8212;&#8212;&#8212;&#8212;&#8212;&#8212;&#8212;&#8212;&#8212;&#8212;<\/p>\n<p>&nbsp;<\/p>\n<h5>\ud83d\udda5\ufe0f Compatibilidade e Requisitos<\/h5>\n<p>&nbsp;<\/p>\n<p>\u2714\ufe0f Funciona em qualquer site WordPress<\/p>\n<p>\u2714\ufe0f Compat\u00edvel com os principais temas e plugins<\/p>\n<p>\u2714\ufe0f Necess\u00e1rio ter hospedagem pr\u00f3pria<\/p>\n<p>\u2714\ufe0f Recomendado WordPress atualizado (vers\u00e3o recente)<\/p>\n<p>\u2714\ufe0f N\u00e3o funciona fora do WordPress<\/p>\n<p>&nbsp;<\/p>\n<p>&nbsp;<\/p>\n<p>&#8212;&#8212;&#8212;&#8212;&#8212;&#8212;&#8212;&#8212;&#8212;&#8212;&#8212;&#8212;&#8212;&#8212;&#8212;&#8212;&#8212;&#8211;<\/p>\n<p>&nbsp;<\/p>\n<h5>\ud83d\udce6 Regras e Condi\u00e7\u00f5es Importantes<\/h5>\n<p>&nbsp;<\/p>\n<p>\u26a0\ufe0f N\u00e3o alterar dados da licen\u00e7a<\/p>\n<p>\u26a0\ufe0f N\u00e3o compartilhar a chave com terceiros<\/p>\n<p>\u26a0\ufe0f Uso exclusivo no dom\u00ednio informado pelo cliente<\/p>\n<p>\u26a0\ufe0f N\u00e3o funciona em hospedagens bloqueadas ou com restri\u00e7\u00f5es<\/p>\n<p>\u26a0\ufe0f Antes da compra, verifique se voc\u00ea possui acesso ao painel WordPress<\/p>\n<p>&nbsp;<\/p>\n<p>&nbsp;<\/p>\n<p>&#8212;&#8212;&#8212;&#8212;&#8212;&#8212;&#8212;&#8212;&#8212;&#8212;&#8212;&#8212;&#8212;&#8212;&#8212;&#8212;&#8212;&#8211;<\/p>\n<p>&nbsp;<\/p>\n<h5>\ud83e\udd1d Suporte e Garantia<\/h5>\n<p>&nbsp;<\/p>\n<p>\u2705 Atendimento direto via WhatsApp<\/p>\n<p>\u2705 Suporte completo na instala\u00e7\u00e3o<\/p>\n<p>\u2705 Garantia de funcionamento durante todo o per\u00edodo contratado<\/p>\n<p>\u2705 Aux\u00edlio em caso de erros ou conflitos de plugin<\/p>\n<p>&nbsp;<\/p>\n<p>&nbsp;<\/p>\n<p>&#8212;&#8212;&#8212;&#8212;&#8212;&#8212;&#8212;&#8212;&#8212;&#8212;&#8212;&#8212;&#8212;&#8212;&#8212;&#8212;&#8212;-<\/p>\n<p>&nbsp;<\/p>\n<h5>\u2139\ufe0f Observa\u00e7\u00f5es<\/h5>\n<p>&nbsp;<\/p>\n<p>\u25ab\ufe0f Atualiza\u00e7\u00f5es limitadas \u00e0 vers\u00e3o durante o per\u00edodo ativo<\/p>\n<p>\u25ab\ufe0f Recomendado fazer backup do site antes da instala\u00e7\u00e3o<\/p>\n<p>\u25ab\ufe0f Leia todas as instru\u00e7\u00f5es para evitar falhas de ativa\u00e7\u00e3o<\/p>\n<p>\u25ab\ufe0f Ideal para quem busca estabilidade e compatibilidade m\u00e1xima<\/p>\n<p>&nbsp;<\/p>","protected":false},"excerpt":{"rendered":"<p>\ud83d\udcbb ELEMENTOR PRO \u2013 cria\u00e7\u00e3o profissional de sites com total liberdade e recursos premium &nbsp; Tenha acesso completo ao Elementor Pro, a vers\u00e3o mais est\u00e1vel e poderosa para cria\u00e7\u00e3o de sites profissionais no WordPress. Construa p\u00e1ginas modernas, r\u00e1pidas e totalmente personalizadas \u2014 sem precisar programar. Ideal para sites, landing pages, lojas, portf\u00f3lios, blogs e p\u00e1ginas [&hellip;]<\/p>\n","protected":false},"featured_media":7234,"comment_status":"open","ping_status":"closed","template":"","meta":[],"product_brand":[],"product_cat":[110],"product_tag":[],"sistema_operacional":[],"duracao":[164],"plataforma":[168],"outros":[],"entrega":[174],"nexuz_flag":[143,142],"class_list":{"0":"post-7232","1":"product","2":"type-product","3":"status-publish","4":"has-post-thumbnail","6":"product_cat-plugins","7":"pa_versao-3-32-2","8":"pa_versao-3-33-0","9":"duracao-versao","10":"plataforma-plugin","11":"entrega-entrega-automatica-fixo","12":"nexuz_flag-mais-avaliados","13":"nexuz_flag-mais-vendidos","15":"first","16":"instock","17":"sale","18":"shipping-taxable","19":"purchasable","20":"product-type-variable","21":"has-default-attributes","22":"produto-sem-combo"},"jetpack_sharing_enabled":true,"_links":{"self":[{"href":"https:\/\/nexuz-teste.prosperiuz.com\/en\/wp-json\/wp\/v2\/product\/7232","targetHints":{"allow":["GET"]}}],"collection":[{"href":"https:\/\/nexuz-teste.prosperiuz.com\/en\/wp-json\/wp\/v2\/product"}],"about":[{"href":"https:\/\/nexuz-teste.prosperiuz.com\/en\/wp-json\/wp\/v2\/types\/product"}],"replies":[{"embeddable":true,"href":"https:\/\/nexuz-teste.prosperiuz.com\/en\/wp-json\/wp\/v2\/comments?post=7232"}],"version-history":[{"count":7,"href":"https:\/\/nexuz-teste.prosperiuz.com\/en\/wp-json\/wp\/v2\/product\/7232\/revisions"}],"predecessor-version":[{"id":9650,"href":"https:\/\/nexuz-teste.prosperiuz.com\/en\/wp-json\/wp\/v2\/product\/7232\/revisions\/9650"}],"wp:featuredmedia":[{"embeddable":true,"href":"https:\/\/nexuz-teste.prosperiuz.com\/en\/wp-json\/wp\/v2\/media\/7234"}],"wp:attachment":[{"href":"https:\/\/nexuz-teste.prosperiuz.com\/en\/wp-json\/wp\/v2\/media?parent=7232"}],"wp:term":[{"taxonomy":"product_brand","embeddable":true,"href":"https:\/\/nexuz-teste.prosperiuz.com\/en\/wp-json\/wp\/v2\/product_brand?post=7232"},{"taxonomy":"product_cat","embeddable":true,"href":"https:\/\/nexuz-teste.prosperiuz.com\/en\/wp-json\/wp\/v2\/product_cat?post=7232"},{"taxonomy":"product_tag","embeddable":true,"href":"https:\/\/nexuz-teste.prosperiuz.com\/en\/wp-json\/wp\/v2\/product_tag?post=7232"},{"taxonomy":"sistema_operacional","embeddable":true,"href":"https:\/\/nexuz-teste.prosperiuz.com\/en\/wp-json\/wp\/v2\/sistema_operacional?post=7232"},{"taxonomy":"duracao","embeddable":true,"href":"https:\/\/nexuz-teste.prosperiuz.com\/en\/wp-json\/wp\/v2\/duracao?post=7232"},{"taxonomy":"plataforma","embeddable":true,"href":"https:\/\/nexuz-teste.prosperiuz.com\/en\/wp-json\/wp\/v2\/plataforma?post=7232"},{"taxonomy":"outros","embeddable":true,"href":"https:\/\/nexuz-teste.prosperiuz.com\/en\/wp-json\/wp\/v2\/outros?post=7232"},{"taxonomy":"entrega","embeddable":true,"href":"https:\/\/nexuz-teste.prosperiuz.com\/en\/wp-json\/wp\/v2\/entrega?post=7232"},{"taxonomy":"nexuz_flag","embeddable":true,"href":"https:\/\/nexuz-teste.prosperiuz.com\/en\/wp-json\/wp\/v2\/nexuz_flag?post=7232"}],"curies":[{"name":"wp","href":"https:\/\/api.w.org\/{rel}","templated":true}]}}