{"id":4791,"date":"2025-10-10T19:11:07","date_gmt":"2025-10-10T22:11:07","guid":{"rendered":"https:\/\/nexuz.prosperiuz.com\/?post_type=product&#038;p=4791"},"modified":"2026-03-22T02:06:23","modified_gmt":"2026-03-22T05:06:23","slug":"god-of-war-ragnarok","status":"publish","type":"product","link":"https:\/\/nexuz-teste.prosperiuz.com\/en\/acesso\/god-of-war-ragnarok\/","title":{"rendered":"God of War Ragnar\u00f6k"},"content":{"rendered":"<h3>\ud83c\udfae God of War Ragnar\u00f6k \u2013 vers\u00e3o vital\u00edcia via Steam (conta compartilhada)<\/h3>\n<p>&nbsp;<\/p>\n<p>Viva duas das maiores jornadas j\u00e1 criadas nos videogames com acesso vital\u00edcio garantido via Steam. Ideal para quem quer se aprofundar no modo hist\u00f3ria, explorar Midgard e enfrentar deuses e monstros em campanhas ricas, intensas e \u00e9picas.<\/p>\n<p>&nbsp;<\/p>\n<p>&nbsp;<\/p>\n<p>&#8212;&#8212;&#8212;&#8212;&#8212;&#8212;&#8212;&#8212;&#8212;&#8212;&#8212;&#8212;&#8212;&#8212;&#8212;&#8212;&#8212;&#8211;<\/p>\n<p>&nbsp;<\/p>\n<h4>\u26a0\ufe0f Leia tudo com aten\u00e7\u00e3o para evitar problemas!<\/h4>\n<p>&nbsp;<\/p>\n<p>As informa\u00e7\u00f5es abaixo explicam como voc\u00ea recebe o acesso, o que est\u00e1 incluso, regras de uso e limita\u00e7\u00f5es importantes.<\/p>\n<p>&nbsp;<\/p>\n<p>&nbsp;<\/p>\n<p>&#8212;&#8212;&#8212;&#8212;&#8212;&#8212;&#8212;&#8212;&#8212;&#8212;&#8212;&#8212;&#8212;&#8212;&#8212;&#8212;&#8212;&#8211;<\/p>\n<p>&nbsp;<\/p>\n<h5>\ud83d\udce9 Como recebo meu acesso?<\/h5>\n<p>&nbsp;<\/p>\n<p>\u2705 Ap\u00f3s a confirma\u00e7\u00e3o do pagamento, clique em \u201cJ\u00e1 paguei, e meu acesso?\u201d<\/p>\n<p>\u2705 Escolha a op\u00e7\u00e3o \u201cSem \u26a1\ufe0f\u201d<\/p>\n<p>\u2705 Receba login e senha pelo WhatsApp<\/p>\n<p>\u2705 Acesso vital\u00edcio ap\u00f3s ativa\u00e7\u00e3o<\/p>\n<p>\u2705 V\u00eddeo tutorial completo enviado junto do pedido<\/p>\n<p>\u2705 Suporte durante todo o processo para garantir que tudo funcione sem interrup\u00e7\u00f5es<\/p>\n<p>&nbsp;<\/p>\n<p>&nbsp;<\/p>\n<p>&#8212;&#8212;&#8212;&#8212;&#8212;&#8212;&#8212;&#8212;&#8212;&#8212;&#8212;&#8212;&#8212;&#8212;&#8212;&#8212;&#8212;&#8211;<\/p>\n<p>&nbsp;<\/p>\n<h5>\ud83c\udf81 O que est\u00e1 incluso?<\/h5>\n<p>&nbsp;<\/p>\n<p>\u2705 Acesso vital\u00edcio ao t\u00edtulo selecionado<\/p>\n<p>\u2705 Licen\u00e7a Steam via conta secund\u00e1ria compartilhada<\/p>\n<p>\u2705 Download e instala\u00e7\u00e3o direto pela Steam<\/p>\n<p>\u2705 Modo campanha completa e experi\u00eancia singleplayer<\/p>\n<p>\u2705 Tutorial em v\u00eddeo ensinando como salvar a conta no seu PC e jogar sem interrup\u00e7\u00f5es<\/p>\n<p>&nbsp;<\/p>\n<p>&nbsp;<\/p>\n<p>&#8212;&#8212;&#8212;&#8212;&#8212;&#8212;&#8212;&#8212;&#8212;&#8212;&#8212;&#8212;&#8212;&#8212;&#8212;&#8212;&#8212;&#8211;<\/p>\n<p>&nbsp;<\/p>\n<h5>\ud83d\udda5\ufe0f Compatibilidade e funcionamento<\/h5>\n<p>&nbsp;<\/p>\n<p>\u2705 Compat\u00edvel com PC via Steam<\/p>\n<p>\u2705 Funciona em Windows (confira requisitos)<\/p>\n<p>\u2705 Jogar apenas no modo offline<\/p>\n<p>\u2705 Singleplayer \u2014 sem multiplayer, sem convites, sem lista de amigos<\/p>\n<p>&nbsp;<\/p>\n<p>&nbsp;<\/p>\n<p>&#8212;&#8212;&#8212;&#8212;&#8212;&#8212;&#8212;&#8212;&#8212;&#8212;&#8212;&#8212;&#8212;&#8212;&#8212;&#8212;&#8212;&#8211;<\/p>\n<p>&nbsp;<\/p>\n<h5>\ud83d\udce6 Regras e Condi\u00e7\u00f5es Importantes<\/h5>\n<p>&nbsp;<\/p>\n<p>\u26a0\ufe0f Voc\u00ea recebe acesso a uma conta secund\u00e1ria compartilhada para jogar em modo offline<\/p>\n<p>\u26a0\ufe0f Uso exclusivo para jogar \u2014 n\u00e3o \u00e9 permitido alterar dados, e-mail ou senha<\/p>\n<p>\u26a0\ufe0f N\u00e3o \u00e9 poss\u00edvel jogar o modo online dos jogos<\/p>\n<p>\u26a0\ufe0f N\u00e3o pode usar em servi\u00e7os de Cloud Gaming ou m\u00e1quinas virtuais<\/p>\n<p>\u26a0\ufe0f Verifique antes de comprar se seu PC atende aos requisitos<\/p>\n<p>\u26a0\ufe0f Pesquise no Google: Especifica\u00e7\u00f5es + Nome do Jogo<\/p>\n<p>\u26a0\ufe0f As contas possuem verifica\u00e7\u00e3o em dois fatores<\/p>\n<p>\u26a0\ufe0f Para o primeiro acesso \u00e9 obrigat\u00f3rio falar com o vendedor<\/p>\n<p>\u26a0\ufe0f 1 PC por pedido \u2014 login permitido apenas em um computador por compra<\/p>\n<p>\u26a0\ufe0f Ative o modo offline da Steam para jogar sem interrup\u00e7\u00f5es<\/p>\n<p>&nbsp;<\/p>\n<p>&nbsp;<\/p>\n<p>&#8212;&#8212;&#8212;&#8212;&#8212;&#8212;&#8212;&#8212;&#8212;&#8212;&#8212;&#8212;&#8212;&#8212;&#8212;&#8212;&#8212;&#8211;<\/p>\n<p>&nbsp;<\/p>\n<h5>\ud83e\udd1d Suporte e Garantia<\/h5>\n<p>&nbsp;<\/p>\n<p>\u2705 Garantia m\u00e1xima para este tipo de produto: 30 dias de acesso<\/p>\n<p>\u2705 Suporte via WhatsApp para d\u00favidas<\/p>\n<p>\u2705 Envio de c\u00f3digos de verifica\u00e7\u00e3o (2FA) durante o hor\u00e1rio de atendimento<\/p>\n<p>\u2705 Assist\u00eancia na ativa\u00e7\u00e3o e primeiros passos<\/p>\n<p>&nbsp;<\/p>\n<p>&nbsp;<\/p>\n<p>&#8212;&#8212;&#8212;&#8212;&#8212;&#8212;&#8212;&#8212;&#8212;&#8212;&#8212;&#8212;&#8212;&#8212;&#8212;&#8212;&#8212;&#8211;<\/p>\n<p>&nbsp;<\/p>\n<h5>\u2139\ufe0f Observa\u00e7\u00f5es<\/h5>\n<p>&nbsp;<\/p>\n<p>\u25ab\ufe0f N\u00e3o altere configura\u00e7\u00f5es da conta compartilhada<\/p>\n<p>\u25ab\ufe0f Jogar sempre no modo offline<\/p>\n<p>\u25ab\ufe0f Leia e siga as instru\u00e7\u00f5es para evitar bloqueios<\/p>\n<p>&nbsp;<\/p>","protected":false},"excerpt":{"rendered":"<p>\u00c9 a sequ\u00eancia do aclamado jogo God of War (2018), trazendo Kratos e Atreus em uma nova aventura pela mitologia n\u00f3rdica. O jogo combina combates intensos, explora\u00e7\u00e3o de vastos reinos e uma hist\u00f3ria profunda sobre destino, fam\u00edlia e conflitos entre deuses. Com gr\u00e1ficos impressionantes e jogabilidade refinada, \u00e9 ideal para quem busca a\u00e7\u00e3o \u00e9pica com narrativa envolvente e emocional.<\/p>","protected":false},"featured_media":4797,"comment_status":"open","ping_status":"closed","template":"","meta":[],"product_brand":[],"product_cat":[99],"product_tag":[],"sistema_operacional":[],"duracao":[163],"plataforma":[167],"outros":[],"entrega":[],"nexuz_flag":[143,142],"class_list":{"0":"post-4791","1":"product","2":"type-product","3":"status-publish","4":"has-post-thumbnail","6":"product_cat-jogos-originais","7":"duracao-vitalicio","8":"plataforma-jogo","9":"nexuz_flag-mais-avaliados","10":"nexuz_flag-mais-vendidos","12":"first","13":"instock","14":"sale","15":"virtual","16":"purchasable","17":"product-type-simple","18":"produto-sem-combo"},"jetpack_sharing_enabled":true,"_links":{"self":[{"href":"https:\/\/nexuz-teste.prosperiuz.com\/en\/wp-json\/wp\/v2\/product\/4791","targetHints":{"allow":["GET"]}}],"collection":[{"href":"https:\/\/nexuz-teste.prosperiuz.com\/en\/wp-json\/wp\/v2\/product"}],"about":[{"href":"https:\/\/nexuz-teste.prosperiuz.com\/en\/wp-json\/wp\/v2\/types\/product"}],"replies":[{"embeddable":true,"href":"https:\/\/nexuz-teste.prosperiuz.com\/en\/wp-json\/wp\/v2\/comments?post=4791"}],"version-history":[{"count":4,"href":"https:\/\/nexuz-teste.prosperiuz.com\/en\/wp-json\/wp\/v2\/product\/4791\/revisions"}],"predecessor-version":[{"id":8524,"href":"https:\/\/nexuz-teste.prosperiuz.com\/en\/wp-json\/wp\/v2\/product\/4791\/revisions\/8524"}],"wp:featuredmedia":[{"embeddable":true,"href":"https:\/\/nexuz-teste.prosperiuz.com\/en\/wp-json\/wp\/v2\/media\/4797"}],"wp:attachment":[{"href":"https:\/\/nexuz-teste.prosperiuz.com\/en\/wp-json\/wp\/v2\/media?parent=4791"}],"wp:term":[{"taxonomy":"product_brand","embeddable":true,"href":"https:\/\/nexuz-teste.prosperiuz.com\/en\/wp-json\/wp\/v2\/product_brand?post=4791"},{"taxonomy":"product_cat","embeddable":true,"href":"https:\/\/nexuz-teste.prosperiuz.com\/en\/wp-json\/wp\/v2\/product_cat?post=4791"},{"taxonomy":"product_tag","embeddable":true,"href":"https:\/\/nexuz-teste.prosperiuz.com\/en\/wp-json\/wp\/v2\/product_tag?post=4791"},{"taxonomy":"sistema_operacional","embeddable":true,"href":"https:\/\/nexuz-teste.prosperiuz.com\/en\/wp-json\/wp\/v2\/sistema_operacional?post=4791"},{"taxonomy":"duracao","embeddable":true,"href":"https:\/\/nexuz-teste.prosperiuz.com\/en\/wp-json\/wp\/v2\/duracao?post=4791"},{"taxonomy":"plataforma","embeddable":true,"href":"https:\/\/nexuz-teste.prosperiuz.com\/en\/wp-json\/wp\/v2\/plataforma?post=4791"},{"taxonomy":"outros","embeddable":true,"href":"https:\/\/nexuz-teste.prosperiuz.com\/en\/wp-json\/wp\/v2\/outros?post=4791"},{"taxonomy":"entrega","embeddable":true,"href":"https:\/\/nexuz-teste.prosperiuz.com\/en\/wp-json\/wp\/v2\/entrega?post=4791"},{"taxonomy":"nexuz_flag","embeddable":true,"href":"https:\/\/nexuz-teste.prosperiuz.com\/en\/wp-json\/wp\/v2\/nexuz_flag?post=4791"}],"curies":[{"name":"wp","href":"https:\/\/api.w.org\/{rel}","templated":true}]}}