{"id":4778,"date":"2025-10-10T18:54:47","date_gmt":"2025-10-10T21:54:47","guid":{"rendered":"https:\/\/nexuz.prosperiuz.com\/?post_type=product&#038;p=4778"},"modified":"2026-03-23T02:11:36","modified_gmt":"2026-03-23T05:11:36","slug":"heygen-team","status":"publish","type":"product","link":"https:\/\/nexuz-teste.prosperiuz.com\/en\/acesso\/heygen-team\/","title":{"rendered":"HeyGen Team"},"content":{"rendered":"<h3>\ud83d\ude80 HeyGen TEAM \u2013 Colabora\u00e7\u00e3o profissional com IA em alto n\u00edvel<\/h3>\n<p>&nbsp;<\/p>\n<p>Acesso \u00e0 vers\u00e3o Team do Heygen para equipes, criadores e empresas que precisam produzir v\u00eddeos avan\u00e7ados com recursos completos, colabora\u00e7\u00e3o e gerenciamento integrado.<\/p>\n<p>&nbsp;<\/p>\n<p>&nbsp;<\/p>\n<p>&#8212;&#8212;&#8212;&#8212;&#8212;&#8212;&#8212;&#8212;&#8212;&#8212;&#8212;&#8212;&#8212;&#8212;&#8212;&#8212;&#8212;&#8211;<\/p>\n<p>&nbsp;<\/p>\n<h4>\u26a0\ufe0f Leia tudo com aten\u00e7\u00e3o para evitar problemas!<\/h4>\n<p>&nbsp;<\/p>\n<p>As informa\u00e7\u00f5es abaixo explicam como voc\u00ea recebe e utiliza o acesso corretamente.<\/p>\n<p>&nbsp;<\/p>\n<p>&nbsp;<\/p>\n<p>&#8212;&#8212;&#8212;&#8212;&#8212;&#8212;&#8212;&#8212;&#8212;&#8212;&#8212;&#8212;&#8212;&#8212;&#8212;&#8212;&#8212;&#8211;<\/p>\n<p>&nbsp;<\/p>\n<h5>\ud83d\udce9 Como recebo meu acesso?<\/h5>\n<p>&nbsp;<\/p>\n<p>\u2705 Ap\u00f3s o pagamento, clique em \u201cJ\u00e1 paguei, e meu acesso?\u201d<\/p>\n<p>\u2705 Escolha \u201cSem \u26a1\u201d<\/p>\n<p>\u2705 Receba login e senha pelo WhatsApp com instru\u00e7\u00f5es de uso<\/p>\n<p>\u2705 Entrega r\u00e1pida, segura e acompanhada<\/p>\n<p>&nbsp;<\/p>\n<p>&nbsp;<\/p>\n<p>&#8212;&#8212;&#8212;&#8212;&#8212;&#8212;&#8212;&#8212;&#8212;&#8212;&#8212;&#8212;&#8212;&#8212;&#8212;&#8212;&#8212;&#8211;<\/p>\n<p>&nbsp;<\/p>\n<h5>\ud83c\udf81 O que est\u00e1 incluso?<\/h5>\n<p>&nbsp;<\/p>\n<p>\u2705 Acesso ao Heygen Team (fun\u00e7\u00f5es liberadas)<\/p>\n<p>\u2705 Avatares realistas + ferramentas avan\u00e7adas de clonagem de voz<\/p>\n<p>\u2705 Tradu\u00e7\u00e3o de v\u00eddeo com sincronia labial<\/p>\n<p>\u2705 Biblioteca colaborativa para equipes<\/p>\n<p>\u2705 Armazenamento e projetos compartilhados<\/p>\n<p>\u2705 Cr\u00e9ditos aumentados para gera\u00e7\u00e3o de v\u00eddeos<\/p>\n<p>\u2705 Recursos empresariais e produtivos<\/p>\n<p>\u2705 Uso compartilhado (orientado e seguro)<\/p>\n<p>&nbsp;<\/p>\n<p>&nbsp;<\/p>\n<p>&#8212;&#8212;&#8212;&#8212;&#8212;&#8212;&#8212;&#8212;&#8212;&#8212;&#8212;&#8212;&#8212;&#8212;&#8212;&#8212;&#8212;&#8211;<\/p>\n<p>&nbsp;<\/p>\n<h5>\ud83d\udce6 Plano Dispon\u00edvel<\/h5>\n<p>&nbsp;<\/p>\n<h5>\ud83d\uddd3\ufe0f Assinatura Mensal \u2013 30 dias<\/h5>\n<p>&nbsp;<\/p>\n<p>\u2705 30 dias de acesso ao Heygen Team<\/p>\n<p>\u2705 Ativa\u00e7\u00e3o imediata<\/p>\n<p>\u2705 Sem fidelidade \u2014 renove quando quiser<\/p>\n<p>\u2705 Suporte ativo durante todo o per\u00edodo<\/p>\n<p>&nbsp;<\/p>\n<p>Renova\u00e7\u00e3o simples e direta. \ud83d\udc97<\/p>\n<p>&nbsp;<\/p>\n<p>&nbsp;<\/p>\n<p>&#8212;&#8212;&#8212;&#8212;&#8212;&#8212;&#8212;&#8212;&#8212;&#8212;&#8212;&#8212;&#8212;&#8212;&#8212;&#8212;&#8212;&#8211;<\/p>\n<p>&nbsp;<\/p>\n<h5>\ud83d\udda5\ufe0f Qualidade e Compatibilidade<\/h5>\n<p>&nbsp;<\/p>\n<p>\u2705 Compat\u00edvel com todos os navegadores<\/p>\n<p>\u2705 Interface premium e recursos colaborativos<\/p>\n<p>\u2705 Exporta\u00e7\u00f5es em alta resolu\u00e7\u00e3o<\/p>\n<p>\u2705 Sincroniza\u00e7\u00e3o na nuvem e hist\u00f3rico de vers\u00f5es<\/p>\n<p>&nbsp;<\/p>\n<p>&nbsp;<\/p>\n<p>&#8212;&#8212;&#8212;&#8212;&#8212;&#8212;&#8212;&#8212;&#8212;&#8212;&#8212;&#8212;&#8212;&#8212;&#8212;&#8212;&#8212;&#8211;<\/p>\n<p>&nbsp;<\/p>\n<h5>\ud83e\udd1d Suporte e Garantia<\/h5>\n<p>&nbsp;<\/p>\n<p>\u2705 Atendimento via WhatsApp<\/p>\n<p>\u2705 Garantia de acesso durante todo o per\u00edodo contratado<\/p>\n<p>\u2705 Ajuda para d\u00favidas ou problemas t\u00e9cnicos<\/p>\n<p>&nbsp;<\/p>\n<p>&nbsp;<\/p>\n<p>&#8212;&#8212;&#8212;&#8212;&#8212;&#8212;&#8212;&#8212;&#8212;&#8212;&#8212;&#8212;&#8212;&#8212;&#8212;&#8212;&#8212;&#8211;<\/p>\n<p>&nbsp;<\/p>\n<h5>\u2139\ufe0f\u00a0Observa\u00e7\u00f5es<\/h5>\n<p>&nbsp;<\/p>\n<p>\u25ab\ufe0f N\u00e3o altere senha, e-mail ou configura\u00e7\u00f5es da conta Team<\/p>\n<p>\u25ab\ufe0f Evite inserir dados pessoais, j\u00e1 que o acesso \u00e9 compartilhado<\/p>\n<p>\u25ab\ufe0f Leia todas as orienta\u00e7\u00f5es antes da compra para evitar imprevistos<\/p>\n<p>&nbsp;<\/p>","protected":false},"excerpt":{"rendered":"<p>\u00c9 uma solu\u00e7\u00e3o colaborativa da plataforma HeyGen que permite equipes criarem e gerenciarem v\u00eddeos com avatares gerados por IA de forma integrada. Ideal para empresas que produzem conte\u00fados em equipe, facilitando a comunica\u00e7\u00e3o, personaliza\u00e7\u00e3o e aprova\u00e7\u00e3o de v\u00eddeos. Oferece controle de acesso, fluxos de trabalho simplificados e recursos para otimizar a produ\u00e7\u00e3o audiovisual corporativa. Perfeito para times que buscam agilidade e profissionalismo na cria\u00e7\u00e3o\u00a0de\u00a0v\u00eddeos.<\/p>","protected":false},"featured_media":4776,"comment_status":"open","ping_status":"closed","template":"","meta":[],"product_brand":[],"product_cat":[96],"product_tag":[],"sistema_operacional":[],"duracao":[160],"plataforma":[176],"outros":[],"entrega":[],"nexuz_flag":[143,142],"class_list":{"0":"post-4778","1":"product","2":"type-product","3":"status-publish","4":"has-post-thumbnail","6":"product_cat-inteligencia-artificial","7":"duracao-30-dias","8":"plataforma-multi","9":"nexuz_flag-mais-avaliados","10":"nexuz_flag-mais-vendidos","12":"first","13":"instock","14":"sale","15":"virtual","16":"purchasable","17":"product-type-simple","18":"produto-sem-combo"},"jetpack_sharing_enabled":true,"_links":{"self":[{"href":"https:\/\/nexuz-teste.prosperiuz.com\/en\/wp-json\/wp\/v2\/product\/4778","targetHints":{"allow":["GET"]}}],"collection":[{"href":"https:\/\/nexuz-teste.prosperiuz.com\/en\/wp-json\/wp\/v2\/product"}],"about":[{"href":"https:\/\/nexuz-teste.prosperiuz.com\/en\/wp-json\/wp\/v2\/types\/product"}],"replies":[{"embeddable":true,"href":"https:\/\/nexuz-teste.prosperiuz.com\/en\/wp-json\/wp\/v2\/comments?post=4778"}],"version-history":[{"count":2,"href":"https:\/\/nexuz-teste.prosperiuz.com\/en\/wp-json\/wp\/v2\/product\/4778\/revisions"}],"predecessor-version":[{"id":8483,"href":"https:\/\/nexuz-teste.prosperiuz.com\/en\/wp-json\/wp\/v2\/product\/4778\/revisions\/8483"}],"wp:featuredmedia":[{"embeddable":true,"href":"https:\/\/nexuz-teste.prosperiuz.com\/en\/wp-json\/wp\/v2\/media\/4776"}],"wp:attachment":[{"href":"https:\/\/nexuz-teste.prosperiuz.com\/en\/wp-json\/wp\/v2\/media?parent=4778"}],"wp:term":[{"taxonomy":"product_brand","embeddable":true,"href":"https:\/\/nexuz-teste.prosperiuz.com\/en\/wp-json\/wp\/v2\/product_brand?post=4778"},{"taxonomy":"product_cat","embeddable":true,"href":"https:\/\/nexuz-teste.prosperiuz.com\/en\/wp-json\/wp\/v2\/product_cat?post=4778"},{"taxonomy":"product_tag","embeddable":true,"href":"https:\/\/nexuz-teste.prosperiuz.com\/en\/wp-json\/wp\/v2\/product_tag?post=4778"},{"taxonomy":"sistema_operacional","embeddable":true,"href":"https:\/\/nexuz-teste.prosperiuz.com\/en\/wp-json\/wp\/v2\/sistema_operacional?post=4778"},{"taxonomy":"duracao","embeddable":true,"href":"https:\/\/nexuz-teste.prosperiuz.com\/en\/wp-json\/wp\/v2\/duracao?post=4778"},{"taxonomy":"plataforma","embeddable":true,"href":"https:\/\/nexuz-teste.prosperiuz.com\/en\/wp-json\/wp\/v2\/plataforma?post=4778"},{"taxonomy":"outros","embeddable":true,"href":"https:\/\/nexuz-teste.prosperiuz.com\/en\/wp-json\/wp\/v2\/outros?post=4778"},{"taxonomy":"entrega","embeddable":true,"href":"https:\/\/nexuz-teste.prosperiuz.com\/en\/wp-json\/wp\/v2\/entrega?post=4778"},{"taxonomy":"nexuz_flag","embeddable":true,"href":"https:\/\/nexuz-teste.prosperiuz.com\/en\/wp-json\/wp\/v2\/nexuz_flag?post=4778"}],"curies":[{"name":"wp","href":"https:\/\/api.w.org\/{rel}","templated":true}]}}