{"id":4769,"date":"2025-10-10T18:47:35","date_gmt":"2025-10-10T21:47:35","guid":{"rendered":"https:\/\/nexuz.prosperiuz.com\/?post_type=product&#038;p=4769"},"modified":"2026-03-23T02:14:05","modified_gmt":"2026-03-23T05:14:05","slug":"call-of-duty-black-ops-6","status":"publish","type":"product","link":"https:\/\/nexuz-teste.prosperiuz.com\/en\/acesso\/call-of-duty-black-ops-6\/","title":{"rendered":"Call of Duty"},"content":{"rendered":"<h3>\ud83c\udfae CALL OF DUTY \u2013 vers\u00e3o vital\u00edcia via Steam<\/h3>\n<p>&nbsp;<\/p>\n<p>Escolha entre os cl\u00e1ssicos e os t\u00edtulos mais intensos da franquia Call of Duty, com acesso vital\u00edcio garantido via Steam. Ideal para quem quer jogar a campanha, reviver hist\u00f3rias \u00e9picas e aproveitar a experi\u00eancia completa no modo offline.<\/p>\n<p>&nbsp;<\/p>\n<h5>T\u00edtulos dispon\u00edveis:<\/h5>\n<p>&nbsp;<\/p>\n<p>Call of Duty: Black Ops 3<\/p>\n<p>Call of Duty: Black Ops 2<\/p>\n<p>Call of Duty: Black Ops<\/p>\n<p>Call of Duty: Ghosts<\/p>\n<p>Call of Duty: Modern Warfare 2 (2009)<\/p>\n<p>Call of Duty: Modern Warfare 3 (2011)<\/p>\n<p>Call of Duty: WWII (DUBLADO)<\/p>\n<p>Call of Duty: Infinite Warfare<\/p>\n<p>Call of Duty 4: Modern Warfare (2007)<\/p>\n<p>Call of Duty: Modern Warfare Remastered (2017)<\/p>\n<p>&nbsp;<\/p>\n<p>&nbsp;<\/p>\n<p>&nbsp;<\/p>\n<p>&#8212;&#8212;&#8212;&#8212;&#8212;&#8212;&#8212;&#8212;&#8212;&#8212;&#8212;&#8212;&#8212;&#8212;&#8212;&#8212;&#8212;&#8211;<\/p>\n<p>&nbsp;<\/p>\n<h4>\u26a0\ufe0f Leia tudo com aten\u00e7\u00e3o para evitar problemas!<\/h4>\n<p>&nbsp;<\/p>\n<p>As informa\u00e7\u00f5es abaixo explicam como voc\u00ea recebe o acesso, o que est\u00e1 incluso, regras de uso e limita\u00e7\u00f5es importantes.<\/p>\n<p>&nbsp;<\/p>\n<p>&nbsp;<\/p>\n<p>&#8212;&#8212;&#8212;&#8212;&#8212;&#8212;&#8212;&#8212;&#8212;&#8212;&#8212;&#8212;&#8212;&#8212;&#8212;&#8212;&#8212;&#8211;<\/p>\n<p>&nbsp;<\/p>\n<h5>\ud83d\udce9 Como recebo meu acesso?<\/h5>\n<p>&nbsp;<\/p>\n<p>\u2705 Ap\u00f3s a confirma\u00e7\u00e3o do pagamento, clique em \u201cJ\u00e1 paguei, e meu acesso?\u201d<\/p>\n<p>\u2705 Escolha a op\u00e7\u00e3o \u201cSem \u26a1\ufe0f\u201d<\/p>\n<p>\u2705 Receba login e senha pelo WhatsApp<\/p>\n<p>\u2705 Acesso vital\u00edcio ap\u00f3s ativa\u00e7\u00e3o<\/p>\n<p>\u2705 Instru\u00e7\u00f5es completas e suporte no processo<\/p>\n<p>&nbsp;<\/p>\n<p>&nbsp;<\/p>\n<p>&#8212;&#8212;&#8212;&#8212;&#8212;&#8212;&#8212;&#8212;&#8212;&#8212;&#8212;&#8212;&#8212;&#8212;&#8212;&#8212;&#8212;&#8211;<\/p>\n<p>&nbsp;<\/p>\n<h5>\ud83c\udf81 O que est\u00e1 incluso?<\/h5>\n<p>&nbsp;<\/p>\n<p>\u2705 Acesso vital\u00edcio a 1 t\u00edtulo escolhido<\/p>\n<p>\u2705 Licen\u00e7a Steam via conta compartilhada<\/p>\n<p>\u2705 Downloads e instala\u00e7\u00e3o direto na Steam<\/p>\n<p>\u2705 Modo campanha, hist\u00f3ria e coop local (quando dispon\u00edvel)<\/p>\n<p>&nbsp;<\/p>\n<p>&nbsp;<\/p>\n<p>&#8212;&#8212;&#8212;&#8212;&#8212;&#8212;&#8212;&#8212;&#8212;&#8212;&#8212;&#8212;&#8212;&#8212;&#8212;&#8212;&#8212;&#8211;<\/p>\n<p>&nbsp;<\/p>\n<h5>\ud83d\udda5\ufe0f Compatibilidade e funcionamento<\/h5>\n<p>&nbsp;<\/p>\n<p>\u2705 Compat\u00edvel com PC via Steam<\/p>\n<p>\u2705\ufe0f Jogar somente offline<\/p>\n<p>\u2705 Funciona em Windows (confira requisitos na Steam)<\/p>\n<p>&nbsp;<\/p>\n<p>&nbsp;<\/p>\n<p>&#8212;&#8212;&#8212;&#8212;&#8212;&#8212;&#8212;&#8212;&#8212;&#8212;&#8212;&#8212;&#8212;&#8212;&#8212;&#8212;&#8212;&#8211;<\/p>\n<p>&nbsp;<\/p>\n<h5>\ud83d\udce6 Regras e Condi\u00e7\u00f5es Importantes<\/h5>\n<p>&nbsp;<\/p>\n<p>\u26a0\ufe0f Revenda proibida \u2014 uso estritamente pessoal<\/p>\n<p>\u26a0\ufe0f Voc\u00ea recebe acesso a uma ou mais contas compartilhadas, dependendo do item adquirido<\/p>\n<p>\u26a0\ufe0f Uso exclusivo para jogar \u2014 n\u00e3o \u00e9 poss\u00edvel alterar dados, e-mail ou senha<\/p>\n<p>\u26a0\ufe0f N\u00e3o \u00e9 poss\u00edvel usar em Cloud Gaming, Boosteroid ou m\u00e1quinas virtuais<\/p>\n<p>\u26a0\ufe0f Verifique os requisitos na Steam antes da compra<\/p>\n<p>\u26a0\ufe0f 1 PC por pedido \u2014 login permitido apenas em um computador por compra<\/p>\n<p>\u26a0\ufe0f 1 ativa\u00e7\u00e3o por pedido \u2014 contas com Steam Guard ter\u00e3o direito a apenas um c\u00f3digo por compra<\/p>\n<p>\u26a0\ufe0f Somente offline \u2014 n\u00e3o \u00e9 poss\u00edvel jogar online, acessar multiplayer, convites ou adicionar amigos<\/p>\n<p>\u26a0\ufe0f Sem trocas ap\u00f3s a compra \u2014 assista a uma gameplay antes para garantir que \u00e9 o jogo que deseja<\/p>\n<p>\u26a0\ufe0f C\u00f3digos Steam Guard ser\u00e3o enviados apenas dentro do hor\u00e1rio de atendimento<\/p>\n<p>&nbsp;<\/p>\n<p>&nbsp;<\/p>\n<p>&#8212;&#8212;&#8212;&#8212;&#8212;&#8212;&#8212;&#8212;&#8212;&#8212;&#8212;&#8212;&#8212;&#8212;&#8212;&#8212;&#8212;&#8211;<\/p>\n<p>&nbsp;<\/p>\n<h5>\ud83e\udd1d Suporte e Garantia<\/h5>\n<p>&nbsp;<\/p>\n<p>\u2705 Atendimento direto via WhatsApp<\/p>\n<p>\u2705 Suporte na ativa\u00e7\u00e3o e primeiros passos<\/p>\n<p>\u2705 Garantia de acesso vital\u00edcio ap\u00f3s ativa\u00e7\u00e3o<\/p>\n<p>&nbsp;<\/p>\n<p>&nbsp;<\/p>\n<p>&#8212;&#8212;&#8212;&#8212;&#8212;&#8212;&#8212;&#8212;&#8212;&#8212;&#8212;&#8212;&#8212;&#8212;&#8212;&#8212;&#8212;&#8211;<\/p>\n<p>&nbsp;<\/p>\n<h5>\u2139\ufe0f Observa\u00e7\u00f5es<\/h5>\n<p>&nbsp;<\/p>\n<p>\u25ab\ufe0f N\u00e3o altere configura\u00e7\u00f5es da conta compartilhada<\/p>\n<p>\u25ab\ufe0f Jogue sempre no modo offline para evitar bloqueios<\/p>\n<p>\u25ab\ufe0f Leia todas as instru\u00e7\u00f5es para uma ativa\u00e7\u00e3o correta<\/p>\n<p>&nbsp;<\/p>\n<p>&nbsp;<\/p>","protected":false},"excerpt":{"rendered":"<p>\u00c9 a nova entrada da famosa franquia de tiro em primeira pessoa, trazendo uma campanha intensa, modos multiplayer competitivos e o cl\u00e1ssico modo zumbi. Ambientado em um per\u00edodo de espionagem e conflitos globais, o jogo oferece gr\u00e1ficos realistas, mec\u00e2nicas refinadas e a\u00e7\u00e3o fren\u00e9tica. Ideal para f\u00e3s de combates modernos e experi\u00eancias online de alta\u00a0adrenalina.<\/p>","protected":false},"featured_media":4770,"comment_status":"open","ping_status":"closed","template":"","meta":[],"product_brand":[],"product_cat":[99],"product_tag":[],"sistema_operacional":[],"duracao":[163],"plataforma":[167],"outros":[],"entrega":[],"nexuz_flag":[143,142],"class_list":{"0":"post-4769","1":"product","2":"type-product","3":"status-publish","4":"has-post-thumbnail","6":"product_cat-jogos-originais","7":"duracao-vitalicio","8":"plataforma-jogo","9":"nexuz_flag-mais-avaliados","10":"nexuz_flag-mais-vendidos","12":"first","13":"instock","14":"sale","15":"virtual","16":"purchasable","17":"product-type-simple","18":"produto-sem-combo"},"jetpack_sharing_enabled":true,"_links":{"self":[{"href":"https:\/\/nexuz-teste.prosperiuz.com\/en\/wp-json\/wp\/v2\/product\/4769","targetHints":{"allow":["GET"]}}],"collection":[{"href":"https:\/\/nexuz-teste.prosperiuz.com\/en\/wp-json\/wp\/v2\/product"}],"about":[{"href":"https:\/\/nexuz-teste.prosperiuz.com\/en\/wp-json\/wp\/v2\/types\/product"}],"replies":[{"embeddable":true,"href":"https:\/\/nexuz-teste.prosperiuz.com\/en\/wp-json\/wp\/v2\/comments?post=4769"}],"version-history":[{"count":5,"href":"https:\/\/nexuz-teste.prosperiuz.com\/en\/wp-json\/wp\/v2\/product\/4769\/revisions"}],"predecessor-version":[{"id":8525,"href":"https:\/\/nexuz-teste.prosperiuz.com\/en\/wp-json\/wp\/v2\/product\/4769\/revisions\/8525"}],"wp:featuredmedia":[{"embeddable":true,"href":"https:\/\/nexuz-teste.prosperiuz.com\/en\/wp-json\/wp\/v2\/media\/4770"}],"wp:attachment":[{"href":"https:\/\/nexuz-teste.prosperiuz.com\/en\/wp-json\/wp\/v2\/media?parent=4769"}],"wp:term":[{"taxonomy":"product_brand","embeddable":true,"href":"https:\/\/nexuz-teste.prosperiuz.com\/en\/wp-json\/wp\/v2\/product_brand?post=4769"},{"taxonomy":"product_cat","embeddable":true,"href":"https:\/\/nexuz-teste.prosperiuz.com\/en\/wp-json\/wp\/v2\/product_cat?post=4769"},{"taxonomy":"product_tag","embeddable":true,"href":"https:\/\/nexuz-teste.prosperiuz.com\/en\/wp-json\/wp\/v2\/product_tag?post=4769"},{"taxonomy":"sistema_operacional","embeddable":true,"href":"https:\/\/nexuz-teste.prosperiuz.com\/en\/wp-json\/wp\/v2\/sistema_operacional?post=4769"},{"taxonomy":"duracao","embeddable":true,"href":"https:\/\/nexuz-teste.prosperiuz.com\/en\/wp-json\/wp\/v2\/duracao?post=4769"},{"taxonomy":"plataforma","embeddable":true,"href":"https:\/\/nexuz-teste.prosperiuz.com\/en\/wp-json\/wp\/v2\/plataforma?post=4769"},{"taxonomy":"outros","embeddable":true,"href":"https:\/\/nexuz-teste.prosperiuz.com\/en\/wp-json\/wp\/v2\/outros?post=4769"},{"taxonomy":"entrega","embeddable":true,"href":"https:\/\/nexuz-teste.prosperiuz.com\/en\/wp-json\/wp\/v2\/entrega?post=4769"},{"taxonomy":"nexuz_flag","embeddable":true,"href":"https:\/\/nexuz-teste.prosperiuz.com\/en\/wp-json\/wp\/v2\/nexuz_flag?post=4769"}],"curies":[{"name":"wp","href":"https:\/\/api.w.org\/{rel}","templated":true}]}}