{"id":4766,"date":"2025-10-10T18:46:00","date_gmt":"2025-10-10T21:46:00","guid":{"rendered":"https:\/\/nexuz.prosperiuz.com\/?post_type=product&#038;p=4766"},"modified":"2026-03-23T02:15:01","modified_gmt":"2026-03-23T05:15:01","slug":"marvel-spider-man-2","status":"publish","type":"product","link":"https:\/\/nexuz-teste.prosperiuz.com\/en\/acesso\/marvel-spider-man-2\/","title":{"rendered":"Marvel Spider-Man 2"},"content":{"rendered":"<h3>\ud83c\udfae Marvel\u2019s Spider-Man 2 (PC) \u2013 vers\u00e3o vital\u00edcia via Steam<\/h3>\n<p>&nbsp;<\/p>\n<p>A continua\u00e7\u00e3o \u00e9pica da hist\u00f3ria de Peter Parker e Miles Morales. Gr\u00e1ficos ainda mais avan\u00e7ados, mapa expandido e combate aprimorado \u2014 tudo em uma experi\u00eancia totalmente singleplayer, feita para f\u00e3s que querem jogar a campanha completa no PC.<\/p>\n<p>&nbsp;<\/p>\n<p>&nbsp;<\/p>\n<p>&#8212;&#8212;&#8212;&#8212;&#8212;&#8212;&#8212;&#8212;&#8212;&#8212;&#8212;&#8212;&#8212;&#8212;&#8212;&#8212;&#8212;&#8211;<\/p>\n<p>&nbsp;<\/p>\n<h4>\u26a0\ufe0f Leia tudo com aten\u00e7\u00e3o para evitar problemas!<\/h4>\n<p>A seguir est\u00e3o as regras de uso, forma de entrega e todas as condi\u00e7\u00f5es da conta compartilhada.<\/p>\n<p>&nbsp;<\/p>\n<p>&nbsp;<\/p>\n<p>&#8212;&#8212;&#8212;&#8212;&#8212;&#8212;&#8212;&#8212;&#8212;&#8212;&#8212;&#8212;&#8212;&#8212;&#8212;&#8212;&#8212;&#8211;<\/p>\n<p>&nbsp;<\/p>\n<h5>\ud83d\udce9 Como recebo meu acesso?<\/h5>\n<p>&nbsp;<\/p>\n<p>\u2705 Ap\u00f3s a confirma\u00e7\u00e3o do pagamento, clique em \u201cJ\u00e1 paguei, e meu acesso?\u201d<\/p>\n<p>\u2705 Escolha a op\u00e7\u00e3o \u201cSem \u26a1\ufe0f\u201d<\/p>\n<p>\u2705 Receba login e senha pelo WhatsApp<\/p>\n<p>\u2705 Acesso vital\u00edcio ap\u00f3s ativa\u00e7\u00e3o<\/p>\n<p>\u2705 V\u00eddeo tutorial completo de como salvar a conta e jogar sem interrup\u00e7\u00f5es<\/p>\n<p>\u2705 Suporte durante todo o processo de ativa\u00e7\u00e3o<\/p>\n<p>&nbsp;<\/p>\n<p>&nbsp;<\/p>\n<p>&#8212;&#8212;&#8212;&#8212;&#8212;&#8212;&#8212;&#8212;&#8212;&#8212;&#8212;&#8212;&#8212;&#8212;&#8212;&#8212;&#8212;&#8211;<\/p>\n<p>&nbsp;<\/p>\n<h5>\ud83c\udf81 O que est\u00e1 incluso?<\/h5>\n<p>&nbsp;<\/p>\n<p>\u2705 Acesso vital\u00edcio ao Marvel\u2019s Spider-Man 2 (PC)<\/p>\n<p>\u2705 Licen\u00e7a Steam via conta secund\u00e1ria compartilhada<\/p>\n<p>\u2705 Download e instala\u00e7\u00e3o direto pela Steam<\/p>\n<p>\u2705 Campanha completa com Peter e Miles<\/p>\n<p>\u2705 Conte\u00fados e melhorias oficiais da vers\u00e3o de PC<\/p>\n<p>\u2705 Gr\u00e1ficos de \u00faltima gera\u00e7\u00e3o, modo hist\u00f3ria completo<\/p>\n<p>&nbsp;<\/p>\n<p>&nbsp;<\/p>\n<p>&#8212;&#8212;&#8212;&#8212;&#8212;&#8212;&#8212;&#8212;&#8212;&#8212;&#8212;&#8212;&#8212;&#8212;&#8212;&#8212;&#8212;&#8211;<\/p>\n<p>&nbsp;<\/p>\n<h5>\ud83d\udda5\ufe0f Compatibilidade e funcionamento<\/h5>\n<p>&nbsp;<\/p>\n<p>\u2705 Compat\u00edvel com PC via Steam<\/p>\n<p>\u2705 Funciona em Windows \u2014 verifique os requisitos antes da compra<\/p>\n<p>\u2705 Jogo somente em modo offline<\/p>\n<p>\u2705 Modo singleplayer completo (o jogo n\u00e3o possui multiplayer)<\/p>\n<p>&nbsp;<\/p>\n<p>&nbsp;<\/p>\n<p>&#8212;&#8212;&#8212;&#8212;&#8212;&#8212;&#8212;&#8212;&#8212;&#8212;&#8212;&#8212;&#8212;&#8212;&#8212;&#8212;&#8212;&#8211;<\/p>\n<p>&nbsp;<\/p>\n<h5>\ud83d\udce6 Regras e Condi\u00e7\u00f5es Importantes<\/h5>\n<p>&nbsp;<\/p>\n<p>\u26a0\ufe0f Voc\u00ea receber\u00e1 acesso a uma conta secund\u00e1ria compartilhada para jogar offline<\/p>\n<p>\u26a0\ufe0f N\u00e3o \u00e9 poss\u00edvel alterar senha, e-mail, foto ou qualquer dado da conta<\/p>\n<p>\u26a0\ufe0f N\u00e3o funciona em servi\u00e7os de Cloud Gaming, Boosteroid ou m\u00e1quinas virtuais<\/p>\n<p>\u26a0\ufe0f N\u00e3o \u00e9 poss\u00edvel jogar online (o jogo \u00e9 exclusivamente hist\u00f3ria)<\/p>\n<p>\u26a0\ufe0f Verifique se o seu PC atende aos requisitos m\u00ednimos antes de comprar<\/p>\n<p>\u25b9 Pesquise no Google: Especifica\u00e7\u00f5es + Spider-Man 2 PC<\/p>\n<p>\u26a0\ufe0f As contas possuem verifica\u00e7\u00e3o em dois fatores (2FA)<\/p>\n<p>\u26a0\ufe0f \u00c9 obrigat\u00f3rio falar com o vendedor para realizar o primeiro acesso<\/p>\n<p>\u26a0\ufe0f 1 PC por pedido \u2014 logins extras n\u00e3o s\u00e3o permitidos<\/p>\n<p>\u26a0\ufe0f Ativar e permanecer no modo offline \u00e9 essencial para evitar interrup\u00e7\u00f5es<\/p>\n<p>&nbsp;<\/p>\n<p>&nbsp;<\/p>\n<p>&#8212;&#8212;&#8212;&#8212;&#8212;&#8212;&#8212;&#8212;&#8212;&#8212;&#8212;&#8212;&#8212;&#8212;&#8212;&#8212;&#8212;&#8211;<\/p>\n<p>&nbsp;<\/p>\n<h5>\ud83e\udd1d Suporte e Garantia<\/h5>\n<p>&nbsp;<\/p>\n<p>\u2705 Garantia m\u00e1xima para esse tipo de produto: 30 dias de acesso garantido<\/p>\n<p>\u2705 Suporte via WhatsApp sempre que precisar<\/p>\n<p>\u2705 Envio de c\u00f3digos Steam Guard dentro do hor\u00e1rio de atendimento<\/p>\n<p>\u2705 Orienta\u00e7\u00e3o completa na ativa\u00e7\u00e3o e manuten\u00e7\u00e3o do acesso<\/p>\n<p>&nbsp;<\/p>\n<p>&nbsp;<\/p>\n<p>&#8212;&#8212;&#8212;&#8212;&#8212;&#8212;&#8212;&#8212;&#8212;&#8212;&#8212;&#8212;&#8212;&#8212;&#8212;&#8212;&#8212;&#8211;<\/p>\n<p>&nbsp;<\/p>\n<h5>\u2139\ufe0f Observa\u00e7\u00f5es finais<\/h5>\n<p>&nbsp;<\/p>\n<p>\u25ab\ufe0f Nunca altere qualquer configura\u00e7\u00e3o da conta<\/p>\n<p>\u25ab\ufe0f Siga o tutorial enviado para evitar travamentos ou perda de acesso<\/p>\n<p>\u25ab\ufe0f Sempre jogue no modo offline<\/p>","protected":false},"excerpt":{"rendered":"<p>\u00c9 a sequ\u00eancia do aclamado jogo da Insomniac Games, trazendo Peter Parker e Miles Morales como protagonistas em uma hist\u00f3ria ainda mais intensa. Com gr\u00e1ficos aprimorados, novos poderes, combate mais din\u00e2mico e vil\u00f5es ic\u00f4nicos como Venom, o jogo oferece uma experi\u00eancia envolvente em um mundo aberto ainda maior. Ideal para f\u00e3s de super-her\u00f3is e jogos de a\u00e7\u00e3o com narrativa cinematogr\u00e1fica.<\/p>","protected":false},"featured_media":4767,"comment_status":"open","ping_status":"closed","template":"","meta":[],"product_brand":[],"product_cat":[99],"product_tag":[],"sistema_operacional":[],"duracao":[163],"plataforma":[167],"outros":[],"entrega":[],"nexuz_flag":[143,142],"class_list":{"0":"post-4766","1":"product","2":"type-product","3":"status-publish","4":"has-post-thumbnail","6":"product_cat-jogos-originais","7":"duracao-vitalicio","8":"plataforma-jogo","9":"nexuz_flag-mais-avaliados","10":"nexuz_flag-mais-vendidos","12":"first","13":"instock","14":"sale","15":"virtual","16":"purchasable","17":"product-type-simple","18":"produto-sem-combo"},"jetpack_sharing_enabled":true,"_links":{"self":[{"href":"https:\/\/nexuz-teste.prosperiuz.com\/en\/wp-json\/wp\/v2\/product\/4766","targetHints":{"allow":["GET"]}}],"collection":[{"href":"https:\/\/nexuz-teste.prosperiuz.com\/en\/wp-json\/wp\/v2\/product"}],"about":[{"href":"https:\/\/nexuz-teste.prosperiuz.com\/en\/wp-json\/wp\/v2\/types\/product"}],"replies":[{"embeddable":true,"href":"https:\/\/nexuz-teste.prosperiuz.com\/en\/wp-json\/wp\/v2\/comments?post=4766"}],"version-history":[{"count":2,"href":"https:\/\/nexuz-teste.prosperiuz.com\/en\/wp-json\/wp\/v2\/product\/4766\/revisions"}],"predecessor-version":[{"id":8578,"href":"https:\/\/nexuz-teste.prosperiuz.com\/en\/wp-json\/wp\/v2\/product\/4766\/revisions\/8578"}],"wp:featuredmedia":[{"embeddable":true,"href":"https:\/\/nexuz-teste.prosperiuz.com\/en\/wp-json\/wp\/v2\/media\/4767"}],"wp:attachment":[{"href":"https:\/\/nexuz-teste.prosperiuz.com\/en\/wp-json\/wp\/v2\/media?parent=4766"}],"wp:term":[{"taxonomy":"product_brand","embeddable":true,"href":"https:\/\/nexuz-teste.prosperiuz.com\/en\/wp-json\/wp\/v2\/product_brand?post=4766"},{"taxonomy":"product_cat","embeddable":true,"href":"https:\/\/nexuz-teste.prosperiuz.com\/en\/wp-json\/wp\/v2\/product_cat?post=4766"},{"taxonomy":"product_tag","embeddable":true,"href":"https:\/\/nexuz-teste.prosperiuz.com\/en\/wp-json\/wp\/v2\/product_tag?post=4766"},{"taxonomy":"sistema_operacional","embeddable":true,"href":"https:\/\/nexuz-teste.prosperiuz.com\/en\/wp-json\/wp\/v2\/sistema_operacional?post=4766"},{"taxonomy":"duracao","embeddable":true,"href":"https:\/\/nexuz-teste.prosperiuz.com\/en\/wp-json\/wp\/v2\/duracao?post=4766"},{"taxonomy":"plataforma","embeddable":true,"href":"https:\/\/nexuz-teste.prosperiuz.com\/en\/wp-json\/wp\/v2\/plataforma?post=4766"},{"taxonomy":"outros","embeddable":true,"href":"https:\/\/nexuz-teste.prosperiuz.com\/en\/wp-json\/wp\/v2\/outros?post=4766"},{"taxonomy":"entrega","embeddable":true,"href":"https:\/\/nexuz-teste.prosperiuz.com\/en\/wp-json\/wp\/v2\/entrega?post=4766"},{"taxonomy":"nexuz_flag","embeddable":true,"href":"https:\/\/nexuz-teste.prosperiuz.com\/en\/wp-json\/wp\/v2\/nexuz_flag?post=4766"}],"curies":[{"name":"wp","href":"https:\/\/api.w.org\/{rel}","templated":true}]}}