{"id":4761,"date":"2025-10-10T18:39:28","date_gmt":"2025-10-10T21:39:28","guid":{"rendered":"https:\/\/nexuz.prosperiuz.com\/?post_type=product&#038;p=4761"},"modified":"2026-03-23T02:16:08","modified_gmt":"2026-03-23T05:16:08","slug":"marvel-spider-man","status":"publish","type":"product","link":"https:\/\/nexuz-teste.prosperiuz.com\/en\/acesso\/marvel-spider-man\/","title":{"rendered":"Marvel Spider-Man"},"content":{"rendered":"<h3>\ud83c\udfaeMarvel\u2019s Spider-Man Remastered \u2013 vers\u00e3o vital\u00edcia via Steam<\/h3>\n<p>&nbsp;<\/p>\n<p>Viva a experi\u00eancia definitiva do Homem-Aranha no PC com a vers\u00e3o Remastered. Gr\u00e1ficos aprimorados, hist\u00f3ria cinematogr\u00e1fica e total liberdade para balan\u00e7ar por Nova York em um dos melhores jogos singleplayer j\u00e1 feitos.<\/p>\n<p>&nbsp;<\/p>\n<p>&nbsp;<\/p>\n<p>&#8212;&#8212;&#8212;&#8212;&#8212;&#8212;&#8212;&#8212;&#8212;&#8212;&#8212;&#8212;&#8212;&#8212;&#8212;&#8212;&#8212;&#8211;<\/p>\n<p>&nbsp;<\/p>\n<h4>\u26a0\ufe0f Leia tudo com aten\u00e7\u00e3o para evitar problemas!<\/h4>\n<p>As informa\u00e7\u00f5es abaixo explicam como voc\u00ea recebe o acesso, como funciona a conta compartilhada e o que \u00e9 permitido ou n\u00e3o.<\/p>\n<p>&nbsp;<\/p>\n<p>&nbsp;<\/p>\n<p>&#8212;&#8212;&#8212;&#8212;&#8212;&#8212;&#8212;&#8212;&#8212;&#8212;&#8212;&#8212;&#8212;&#8212;&#8212;&#8212;&#8212;&#8211;<\/p>\n<p>&nbsp;<\/p>\n<h5>\ud83d\udce9 Como recebo meu acesso?<\/h5>\n<p>&nbsp;<\/p>\n<p>\u2705 Ap\u00f3s a confirma\u00e7\u00e3o do pagamento, clique em \u201cJ\u00e1 paguei, e meu acesso?\u201d<\/p>\n<p>\u2705 Escolha a op\u00e7\u00e3o \u201cSem \u26a1\ufe0f\u201d<\/p>\n<p>\u2705 Login e senha enviados diretamente pelo WhatsApp<\/p>\n<p>\u2705 Acesso vital\u00edcio ap\u00f3s ativa\u00e7\u00e3o<\/p>\n<p>\u2705 V\u00eddeo tutorial completo de como salvar a conta no PC e jogar sem interrup\u00e7\u00f5es<\/p>\n<p>\u2705 Suporte total no processo de ativa\u00e7\u00e3o<\/p>\n<p>&nbsp;<\/p>\n<p>&nbsp;<\/p>\n<p>&#8212;&#8212;&#8212;&#8212;&#8212;&#8212;&#8212;&#8212;&#8212;&#8212;&#8212;&#8212;&#8212;&#8212;&#8212;&#8212;&#8212;&#8211;<\/p>\n<p>&nbsp;<\/p>\n<h5>\ud83c\udf81 O que est\u00e1 incluso?<\/h5>\n<p>&nbsp;<\/p>\n<p>\u2705 Acesso vital\u00edcio ao Marvel\u2019s Spider-Man Remastered<\/p>\n<p>\u2705 Licen\u00e7a Steam via conta secund\u00e1ria compartilhada<\/p>\n<p>\u2705 Download e instala\u00e7\u00e3o diretamente pela Steam<\/p>\n<p>\u2705 Modo campanha completo<\/p>\n<p>\u2705 Gr\u00e1ficos aprimorados, DLCs e conte\u00fados inclusos na vers\u00e3o Remastered<\/p>\n<p>&nbsp;<\/p>\n<p>&nbsp;<\/p>\n<p>&#8212;&#8212;&#8212;&#8212;&#8212;&#8212;&#8212;&#8212;&#8212;&#8212;&#8212;&#8212;&#8212;&#8212;&#8212;&#8212;&#8212;&#8211;<\/p>\n<p>&nbsp;<\/p>\n<h5>\ud83d\udda5\ufe0f Compatibilidade e funcionamento<\/h5>\n<p>&nbsp;<\/p>\n<p>\u2705 Compat\u00edvel com PC via Steam<\/p>\n<p>\u2705 Funciona em Windows (confira requisitos antes de comprar)<\/p>\n<p>\u2705 Apenas modo offline<\/p>\n<p>\u2705 Jogo 100% singleplayer \u2014 hist\u00f3ria completa do Peter Parker<\/p>\n<p>&nbsp;<\/p>\n<p>&nbsp;<\/p>\n<p>&#8212;&#8212;&#8212;&#8212;&#8212;&#8212;&#8212;&#8212;&#8212;&#8212;&#8212;&#8212;&#8212;&#8212;&#8212;&#8212;&#8212;&#8211;<\/p>\n<p>&nbsp;<\/p>\n<h5>\ud83d\udce6 Regras e Condi\u00e7\u00f5es Importantes<\/h5>\n<p>&nbsp;<\/p>\n<p>\u26a0\ufe0f Voc\u00ea recebe acesso a uma conta secund\u00e1ria compartilhada para jogar em modo offline<\/p>\n<p>\u26a0\ufe0f Uso exclusivo para jogar \u2014 n\u00e3o \u00e9 poss\u00edvel alterar e-mail, senha ou dados da conta<\/p>\n<p>\u26a0\ufe0f N\u00e3o \u00e9 poss\u00edvel jogar online (o jogo n\u00e3o possui multiplayer)<\/p>\n<p>\u26a0\ufe0f N\u00e3o funciona em Cloud Gaming, Boosteroid ou m\u00e1quinas virtuais<\/p>\n<p>\u26a0\ufe0f Verifique antes de comprar se seu PC atende aos requisitos m\u00ednimos<\/p>\n<p>\u26a0\ufe0f Pesquise no Google: Especifica\u00e7\u00f5es + Spider-Man Remastered<\/p>\n<p>\u26a0\ufe0f As contas possuem verifica\u00e7\u00e3o em dois fatores<\/p>\n<p>\u26a0\ufe0f \u00c9 obrigat\u00f3rio falar com o vendedor para realizar o primeiro acesso<\/p>\n<p>\u26a0\ufe0f 1 PC por pedido \u2014 login permitido apenas em um computador por compra<\/p>\n<p>\u26a0\ufe0f Ative o modo offline da Steam para jogar sem interrup\u00e7\u00f5es<\/p>\n<p>&nbsp;<\/p>\n<p>&nbsp;<\/p>\n<p>&#8212;&#8212;&#8212;&#8212;&#8212;&#8212;&#8212;&#8212;&#8212;&#8212;&#8212;&#8212;&#8212;&#8212;&#8212;&#8212;&#8212;&#8211;<\/p>\n<p>&nbsp;<\/p>\n<h5>\ud83e\udd1d Suporte e Garantia<\/h5>\n<p>&nbsp;<\/p>\n<p>\u2705 Garantia m\u00e1xima permitida para esse tipo de produto: 30 dias<\/p>\n<p>\u2705 Suporte via WhatsApp para d\u00favidas<\/p>\n<p>\u2705 Envio de c\u00f3digos 2FA durante hor\u00e1rio de atendimento<\/p>\n<p>\u2705 Aux\u00edlio completo na ativa\u00e7\u00e3o e configura\u00e7\u00e3o<\/p>\n<p>&nbsp;<\/p>\n<p>&nbsp;<\/p>\n<p>&#8212;&#8212;&#8212;&#8212;&#8212;&#8212;&#8212;&#8212;&#8212;&#8212;&#8212;&#8212;&#8212;&#8212;&#8212;&#8212;&#8212;&#8211;<\/p>\n<p>&nbsp;<\/p>\n<h5>\u2139\ufe0f Observa\u00e7\u00f5es finais<\/h5>\n<p>&nbsp;<\/p>\n<p>\u25ab\ufe0f N\u00e3o altere nenhuma configura\u00e7\u00e3o da conta<\/p>\n<p>\u25ab\ufe0f Sempre jogue no modo offline<\/p>\n<p>\u25ab\ufe0f Siga o tutorial enviado para evitar bloqueios ou quedas de acesso<\/p>","protected":false},"excerpt":{"rendered":"<p>\u00c9\u00a0a sequ\u00eancia do aclamado jogo da Naughty Dog, trazendo uma hist\u00f3ria ainda mais intensa, emocional e madura. A trama acompanha Ellie em uma jornada marcada por vingan\u00e7a, dor e conflitos morais em um mundo devastado. Com gr\u00e1ficos impressionantes, jogabilidade aprimorada e trilha sonora envolvente, \u00e9 uma experi\u00eancia profunda e impactante para quem busca mais do que apenas a\u00e7\u00e3o.<\/p>","protected":false},"featured_media":4763,"comment_status":"open","ping_status":"closed","template":"","meta":[],"product_brand":[],"product_cat":[99],"product_tag":[],"sistema_operacional":[],"duracao":[163],"plataforma":[167],"outros":[],"entrega":[],"nexuz_flag":[143,142],"class_list":{"0":"post-4761","1":"product","2":"type-product","3":"status-publish","4":"has-post-thumbnail","6":"product_cat-jogos-originais","7":"duracao-vitalicio","8":"plataforma-jogo","9":"nexuz_flag-mais-avaliados","10":"nexuz_flag-mais-vendidos","12":"first","13":"instock","14":"sale","15":"virtual","16":"purchasable","17":"product-type-simple","18":"produto-sem-combo"},"jetpack_sharing_enabled":true,"_links":{"self":[{"href":"https:\/\/nexuz-teste.prosperiuz.com\/en\/wp-json\/wp\/v2\/product\/4761","targetHints":{"allow":["GET"]}}],"collection":[{"href":"https:\/\/nexuz-teste.prosperiuz.com\/en\/wp-json\/wp\/v2\/product"}],"about":[{"href":"https:\/\/nexuz-teste.prosperiuz.com\/en\/wp-json\/wp\/v2\/types\/product"}],"replies":[{"embeddable":true,"href":"https:\/\/nexuz-teste.prosperiuz.com\/en\/wp-json\/wp\/v2\/comments?post=4761"}],"version-history":[{"count":2,"href":"https:\/\/nexuz-teste.prosperiuz.com\/en\/wp-json\/wp\/v2\/product\/4761\/revisions"}],"predecessor-version":[{"id":8576,"href":"https:\/\/nexuz-teste.prosperiuz.com\/en\/wp-json\/wp\/v2\/product\/4761\/revisions\/8576"}],"wp:featuredmedia":[{"embeddable":true,"href":"https:\/\/nexuz-teste.prosperiuz.com\/en\/wp-json\/wp\/v2\/media\/4763"}],"wp:attachment":[{"href":"https:\/\/nexuz-teste.prosperiuz.com\/en\/wp-json\/wp\/v2\/media?parent=4761"}],"wp:term":[{"taxonomy":"product_brand","embeddable":true,"href":"https:\/\/nexuz-teste.prosperiuz.com\/en\/wp-json\/wp\/v2\/product_brand?post=4761"},{"taxonomy":"product_cat","embeddable":true,"href":"https:\/\/nexuz-teste.prosperiuz.com\/en\/wp-json\/wp\/v2\/product_cat?post=4761"},{"taxonomy":"product_tag","embeddable":true,"href":"https:\/\/nexuz-teste.prosperiuz.com\/en\/wp-json\/wp\/v2\/product_tag?post=4761"},{"taxonomy":"sistema_operacional","embeddable":true,"href":"https:\/\/nexuz-teste.prosperiuz.com\/en\/wp-json\/wp\/v2\/sistema_operacional?post=4761"},{"taxonomy":"duracao","embeddable":true,"href":"https:\/\/nexuz-teste.prosperiuz.com\/en\/wp-json\/wp\/v2\/duracao?post=4761"},{"taxonomy":"plataforma","embeddable":true,"href":"https:\/\/nexuz-teste.prosperiuz.com\/en\/wp-json\/wp\/v2\/plataforma?post=4761"},{"taxonomy":"outros","embeddable":true,"href":"https:\/\/nexuz-teste.prosperiuz.com\/en\/wp-json\/wp\/v2\/outros?post=4761"},{"taxonomy":"entrega","embeddable":true,"href":"https:\/\/nexuz-teste.prosperiuz.com\/en\/wp-json\/wp\/v2\/entrega?post=4761"},{"taxonomy":"nexuz_flag","embeddable":true,"href":"https:\/\/nexuz-teste.prosperiuz.com\/en\/wp-json\/wp\/v2\/nexuz_flag?post=4761"}],"curies":[{"name":"wp","href":"https:\/\/api.w.org\/{rel}","templated":true}]}}