{"id":4745,"date":"2025-10-10T18:18:06","date_gmt":"2025-10-10T21:18:06","guid":{"rendered":"https:\/\/nexuz.prosperiuz.com\/?post_type=product&#038;p=4745"},"modified":"2026-03-23T02:18:01","modified_gmt":"2026-03-23T05:18:01","slug":"the-last-of-us-part-i","status":"publish","type":"product","link":"https:\/\/nexuz-teste.prosperiuz.com\/en\/acesso\/the-last-of-us-part-i\/","title":{"rendered":"The Last of Us"},"content":{"rendered":"<h3>\ud83c\udfaeThe Last of Us Part I \u2013 vers\u00e3o vital\u00edcia via Steam<\/h3>\n<p>&nbsp;<\/p>\n<p>Viva a jornada completa de Joel e Ellie em uma das hist\u00f3rias mais marcantes j\u00e1 criadas nos videogames. The Last of Us Part I chega ao PC totalmente remasterizado, com gr\u00e1ficos aprimorados, jogabilidade modernizada e narrativa cinematogr\u00e1fica. Ideal para quem deseja jogar o modo hist\u00f3ria completo no PC via Steam.<\/p>\n<p>&nbsp;<\/p>\n<p>&nbsp;<\/p>\n<p>&#8212;&#8212;&#8212;&#8212;&#8212;&#8212;&#8212;&#8212;&#8212;&#8212;&#8212;&#8212;&#8212;&#8212;&#8212;&#8212;&#8212;&#8211;<\/p>\n<p>&nbsp;<\/p>\n<h4>\u26a0\ufe0f Leia tudo com aten\u00e7\u00e3o para evitar problemas!<\/h4>\n<p>As informa\u00e7\u00f5es abaixo garantem acesso seguro, correto e sem interrup\u00e7\u00f5es.<\/p>\n<p>&nbsp;<\/p>\n<p>&nbsp;<\/p>\n<p>&#8212;&#8212;&#8212;&#8212;&#8212;&#8212;&#8212;&#8212;&#8212;&#8212;&#8212;&#8212;&#8212;&#8212;&#8212;&#8212;&#8212;&#8211;<\/p>\n<p>&nbsp;<\/p>\n<h5>\ud83d\udce9 Como recebo meu acesso?<\/h5>\n<p>&nbsp;<\/p>\n<p>\u2705 Ap\u00f3s confirmar o pagamento, clique em \u201cJ\u00e1 paguei, e meu acesso?\u201d<\/p>\n<p>\u2705 Escolha a op\u00e7\u00e3o \u201cSem \u26a1\ufe0f\u201d<\/p>\n<p>\u2705 Receba login e senha pelo WhatsApp<\/p>\n<p>\u2705 Inclui v\u00eddeo tutorial ensinando ativar e salvar a conta no PC<\/p>\n<p>\u2705 Suporte direto para realizar o primeiro acesso com seguran\u00e7a<\/p>\n<p>\u2705 Acesso vital\u00edcio ap\u00f3s a ativa\u00e7\u00e3o<\/p>\n<p>&nbsp;<\/p>\n<p>&nbsp;<\/p>\n<p>&#8212;&#8212;&#8212;&#8212;&#8212;&#8212;&#8212;&#8212;&#8212;&#8212;&#8212;&#8212;&#8212;&#8212;&#8212;&#8212;&#8212;&#8211;<\/p>\n<p>&nbsp;<\/p>\n<h5>\ud83c\udf81 O que est\u00e1 incluso?<\/h5>\n<p>&nbsp;<\/p>\n<p>\u2705 Acesso vital\u00edcio ao The Last of Us Part I (PC \u2013 Steam)<\/p>\n<p>\u2705 Download direto pela Steam<\/p>\n<p>\u2705 Gr\u00e1ficos remasterizados + melhorias de PC<\/p>\n<p>\u2705 Acesso total ao modo hist\u00f3ria (singleplayer)<\/p>\n<p>\u274c N\u00e3o inclui modo online (n\u00e3o dispon\u00edvel nesta vers\u00e3o)<\/p>\n<p>&nbsp;<\/p>\n<p>&nbsp;<\/p>\n<p>&#8212;&#8212;&#8212;&#8212;&#8212;&#8212;&#8212;&#8212;&#8212;&#8212;&#8212;&#8212;&#8212;&#8212;&#8212;&#8212;&#8212;&#8211;<\/p>\n<p>&nbsp;<\/p>\n<h5>\ud83d\udda5\ufe0f Compatibilidade e Funcionamento<\/h5>\n<p>&nbsp;<\/p>\n<p>\u2705 Compat\u00edvel com PC Windows via Steam<\/p>\n<p>\u274c N\u00e3o funciona online, multiplayer ou convites<\/p>\n<p>\u274c N\u00e3o permite adicionar amigos<\/p>\n<p>\ud83d\udd12 Jogo deve ser utilizado somente no modo offline<\/p>\n<p>&nbsp;<\/p>\n<p>&nbsp;<\/p>\n<p>&#8212;&#8212;&#8212;&#8212;&#8212;&#8212;&#8212;&#8212;&#8212;&#8212;&#8212;&#8212;&#8212;&#8212;&#8212;&#8212;&#8212;&#8211;<\/p>\n<p>&nbsp;<\/p>\n<h5>\ud83d\udce6 Regras e Condi\u00e7\u00f5es Importantes<\/h5>\n<p>&nbsp;<\/p>\n<p>\u26a0\ufe0f Acesso fornecido via conta secund\u00e1ria compartilhada<\/p>\n<p>\u26a0\ufe0f N\u00e3o \u00e9 permitido alterar e-mail, senha, nome ou qualquer configura\u00e7\u00e3o<\/p>\n<p>\u26a0\ufe0f As contas possuem verifica\u00e7\u00e3o em dois fatores (2FA)<\/p>\n<p>\u26a0\ufe0f O c\u00f3digo 2FA ser\u00e1 enviado pelo vendedor durante o hor\u00e1rio de atendimento<\/p>\n<p>\u26a0\ufe0f 1 PC por pedido \u2014 apenas um computador autorizado por compra<\/p>\n<p>\u26a0\ufe0f N\u00e3o \u00e9 poss\u00edvel usar em Cloud Gaming, Boosteroid, Geforce Now ou m\u00e1quinas virtuais<\/p>\n<p>\u26a0\ufe0f Confirme se seu PC roda o jogo \u2014 pesquise no Google:<\/p>\n<p>Especifica\u00e7\u00f5es + The Last of Us Part I PC<\/p>\n<p>\u26a0\ufe0f N\u00e3o realizamos trocas \u2014 veja gameplay antes da compra, se tiver d\u00favidas<\/p>\n<p>&nbsp;<\/p>\n<p>&nbsp;<\/p>\n<p>&#8212;&#8212;&#8212;&#8212;&#8212;&#8212;&#8212;&#8212;&#8212;&#8212;&#8212;&#8212;&#8212;&#8212;&#8212;&#8212;&#8212;&#8211;<\/p>\n<p>&nbsp;<\/p>\n<h5>\ud83e\udd1d Suporte e Garantia<\/h5>\n<p>&nbsp;<\/p>\n<p>\u2705 30 dias de garantia de acesso<\/p>\n<p>\u2705 Suporte no WhatsApp para d\u00favidas e ativa\u00e7\u00e3o<\/p>\n<p>\u2705 Aux\u00edlio na configura\u00e7\u00e3o e no primeiro login<\/p>\n<p>\u2705 Envio de c\u00f3digos 2FA dentro do hor\u00e1rio de atendimento<\/p>\n<p>&nbsp;<\/p>\n<p>&nbsp;<\/p>\n<p>&#8212;&#8212;&#8212;&#8212;&#8212;&#8212;&#8212;&#8212;&#8212;&#8212;&#8212;&#8212;&#8212;&#8212;&#8212;&#8212;&#8212;&#8211;<\/p>\n<p>&nbsp;<\/p>\n<h6>\u2139\ufe0f Observa\u00e7\u00f5es<\/h6>\n<p>&nbsp;<\/p>\n<p>\u25ab\ufe0f Mantenha sempre o modo offline ativado para evitar bloqueios<\/p>\n<p>\u25ab\ufe0f N\u00e3o altere nenhuma configura\u00e7\u00e3o dentro da conta<\/p>\n<p>\u25ab\ufe0f Revenda proibida<\/p>\n<p>\u25ab\ufe0f Uso estritamente individual<\/p>\n<p>&nbsp;<\/p>","protected":false},"excerpt":{"rendered":"<p>\u00c9\u00a0um jogo de a\u00e7\u00e3o e aventura com narrativa intensa e emocional. Ambientado em um mundo p\u00f3s-apocal\u00edptico, voc\u00ea acompanha Joel e Ellie em uma jornada de sobreviv\u00eancia marcada por perigos, inimigos e la\u00e7os humanos profundos. Com gr\u00e1ficos aprimorados e jogabilidade refinada, \u00e9 ideal para quem busca uma experi\u00eancia cinematogr\u00e1fica envolvente e marcante.<\/p>","protected":false},"featured_media":4746,"comment_status":"open","ping_status":"closed","template":"","meta":[],"product_brand":[],"product_cat":[99],"product_tag":[],"sistema_operacional":[],"duracao":[163],"plataforma":[167],"outros":[],"entrega":[],"nexuz_flag":[143,142],"class_list":{"0":"post-4745","1":"product","2":"type-product","3":"status-publish","4":"has-post-thumbnail","6":"product_cat-jogos-originais","7":"duracao-vitalicio","8":"plataforma-jogo","9":"nexuz_flag-mais-avaliados","10":"nexuz_flag-mais-vendidos","12":"first","13":"instock","14":"sale","15":"virtual","16":"purchasable","17":"product-type-simple","18":"produto-sem-combo"},"jetpack_sharing_enabled":true,"_links":{"self":[{"href":"https:\/\/nexuz-teste.prosperiuz.com\/en\/wp-json\/wp\/v2\/product\/4745","targetHints":{"allow":["GET"]}}],"collection":[{"href":"https:\/\/nexuz-teste.prosperiuz.com\/en\/wp-json\/wp\/v2\/product"}],"about":[{"href":"https:\/\/nexuz-teste.prosperiuz.com\/en\/wp-json\/wp\/v2\/types\/product"}],"replies":[{"embeddable":true,"href":"https:\/\/nexuz-teste.prosperiuz.com\/en\/wp-json\/wp\/v2\/comments?post=4745"}],"version-history":[{"count":4,"href":"https:\/\/nexuz-teste.prosperiuz.com\/en\/wp-json\/wp\/v2\/product\/4745\/revisions"}],"predecessor-version":[{"id":8637,"href":"https:\/\/nexuz-teste.prosperiuz.com\/en\/wp-json\/wp\/v2\/product\/4745\/revisions\/8637"}],"wp:featuredmedia":[{"embeddable":true,"href":"https:\/\/nexuz-teste.prosperiuz.com\/en\/wp-json\/wp\/v2\/media\/4746"}],"wp:attachment":[{"href":"https:\/\/nexuz-teste.prosperiuz.com\/en\/wp-json\/wp\/v2\/media?parent=4745"}],"wp:term":[{"taxonomy":"product_brand","embeddable":true,"href":"https:\/\/nexuz-teste.prosperiuz.com\/en\/wp-json\/wp\/v2\/product_brand?post=4745"},{"taxonomy":"product_cat","embeddable":true,"href":"https:\/\/nexuz-teste.prosperiuz.com\/en\/wp-json\/wp\/v2\/product_cat?post=4745"},{"taxonomy":"product_tag","embeddable":true,"href":"https:\/\/nexuz-teste.prosperiuz.com\/en\/wp-json\/wp\/v2\/product_tag?post=4745"},{"taxonomy":"sistema_operacional","embeddable":true,"href":"https:\/\/nexuz-teste.prosperiuz.com\/en\/wp-json\/wp\/v2\/sistema_operacional?post=4745"},{"taxonomy":"duracao","embeddable":true,"href":"https:\/\/nexuz-teste.prosperiuz.com\/en\/wp-json\/wp\/v2\/duracao?post=4745"},{"taxonomy":"plataforma","embeddable":true,"href":"https:\/\/nexuz-teste.prosperiuz.com\/en\/wp-json\/wp\/v2\/plataforma?post=4745"},{"taxonomy":"outros","embeddable":true,"href":"https:\/\/nexuz-teste.prosperiuz.com\/en\/wp-json\/wp\/v2\/outros?post=4745"},{"taxonomy":"entrega","embeddable":true,"href":"https:\/\/nexuz-teste.prosperiuz.com\/en\/wp-json\/wp\/v2\/entrega?post=4745"},{"taxonomy":"nexuz_flag","embeddable":true,"href":"https:\/\/nexuz-teste.prosperiuz.com\/en\/wp-json\/wp\/v2\/nexuz_flag?post=4745"}],"curies":[{"name":"wp","href":"https:\/\/api.w.org\/{rel}","templated":true}]}}