{"id":4709,"date":"2025-10-10T17:39:52","date_gmt":"2025-10-10T20:39:52","guid":{"rendered":"https:\/\/nexuz.prosperiuz.com\/?post_type=product&#038;p=4709"},"modified":"2026-03-23T02:22:54","modified_gmt":"2026-03-23T05:22:54","slug":"playstation-plus","status":"publish","type":"product","link":"https:\/\/nexuz-teste.prosperiuz.com\/en\/acesso\/playstation-plus\/","title":{"rendered":"PlayStation Plus"},"content":{"rendered":"<h3>\ud83c\udfae PLAYSTATION PLUS DELUXE \u2013 30 dias | Conta Full Access<\/h3>\n<p>&nbsp;<\/p>\n<p>Tenha acesso completo \u00e0 PlayStation Plus Deluxe por 30 dias, usando uma conta full access, onde voc\u00ea pode alterar e-mail e senha livremente. Ideal para quem quer jogar, aproveitar jogos do cat\u00e1logo, cl\u00e1ssicos, benef\u00edcios exclusivos e muito mais.<\/p>\n<p>&nbsp;<\/p>\n<p>&nbsp;<\/p>\n<p>\u2014\u2014\u2014\u2014\u2014\u2014\u2014\u2014\u2014\u2014\u2014\u2014\u2014\u2014\u2014\u2014\u2014\u2013<\/p>\n<p>&nbsp;<\/p>\n<h4>\u26a0\ufe0f Leia tudo com aten\u00e7\u00e3o para evitar problemas!<\/h4>\n<p>&nbsp;<\/p>\n<p>As informa\u00e7\u00f5es abaixo explicam como funciona a entrega, o que est\u00e1 incluso e todas as regras importantes para o uso correto.<\/p>\n<p>&nbsp;<\/p>\n<p>&nbsp;<\/p>\n<p>\u2014\u2014\u2014\u2014\u2014\u2014\u2014\u2014\u2014\u2014\u2014\u2014\u2014\u2014\u2014\u2014\u2014\u2013<\/p>\n<p>&nbsp;<\/p>\n<h5>\ud83d\udce9 Como recebo meu acesso?<\/h5>\n<p>&nbsp;<\/p>\n<p>\u2705 Ap\u00f3s a confirma\u00e7\u00e3o do pagamento, clique em \u201cJ\u00e1 paguei, e meu acesso?\u201d<\/p>\n<p>\u2705 Escolha a op\u00e7\u00e3o \u201cSem \u26a1\ufe0f\u201d<\/p>\n<p>\u2705 Voc\u00ea receber\u00e1 login e senha da conta full access<\/p>\n<p>\u2705 Ativa\u00e7\u00e3o r\u00e1pida e segura<\/p>\n<p>\u2705 Suporte para o primeiro acesso<\/p>\n<p>&nbsp;<\/p>\n<p>&nbsp;<\/p>\n<p>\u2014\u2014\u2014\u2014\u2014\u2014\u2014\u2014\u2014\u2014\u2014\u2014\u2014\u2014\u2014\u2014\u2014\u2013<\/p>\n<p>&nbsp;<\/p>\n<h5>\ud83c\udf81 O que est\u00e1 incluso?<\/h5>\n<p>&nbsp;<\/p>\n<p>\u2728 30 dias de PlayStation Plus Deluxe<\/p>\n<p>\u2728 Acesso completo ao cat\u00e1logo Deluxe<\/p>\n<p>\u2728 Jogos cl\u00e1ssicos, testes exclusivos e benef\u00edcios PS Plus<\/p>\n<p>\u2728 Conta Full Access \u2014 voc\u00ea pode alterar e-mail e senha<\/p>\n<p>\u2728 100% digital, testada e verificada<\/p>\n<p>&nbsp;<\/p>\n<p>&nbsp;<\/p>\n<p>\u2014\u2014\u2014\u2014\u2014\u2014\u2014\u2014\u2014\u2014\u2014\u2014\u2014\u2014\u2014\u2014\u2014\u2013<\/p>\n<p>&nbsp;<\/p>\n<h5>\ud83d\udda5\ufe0f Compatibilidade e Funcionamento<\/h5>\n<p>&nbsp;<\/p>\n<p>\u2714\ufe0f Funciona em PS4 e PS5<\/p>\n<p>\u2714\ufe0f Conta pessoal e exclusiva para voc\u00ea<\/p>\n<p>\u2714\ufe0f Pode jogar todos os conte\u00fados da PS Plus Deluxe<\/p>\n<p>\u2714\ufe0f Mant\u00e9m acesso total durante os 30 dias<\/p>\n<p>&nbsp;<\/p>\n<p>&nbsp;<\/p>\n<p>\u2014\u2014\u2014\u2014\u2014\u2014\u2014\u2014\u2014\u2014\u2014\u2014\u2014\u2014\u2014\u2014\u2014\u2013<\/p>\n<p>&nbsp;<\/p>\n<h5>\ud83d\udce6 Regras e Condi\u00e7\u00f5es Importantes<\/h5>\n<p>&nbsp;<\/p>\n<p>\u26a0\ufe0f Todas as contas s\u00e3o testadas antes da entrega<\/p>\n<p>\u26a0\ufe0f N\u00e3o h\u00e1 reembolso por:<\/p>\n<p>\u2013 Senha incorreta ap\u00f3s o envio<\/p>\n<p>\u2013 Esquecimento de dados<\/p>\n<p>\u2013 Altera\u00e7\u00f5es indevidas feitas pelo comprador<\/p>\n<p>\u26a0\ufe0f Em caso de qualquer problema real, o suporte ir\u00e1 ajudar<\/p>\n<p>\u26a0\ufe0f O descumprimento das regras resulta na perda imediata do acesso e suporte<\/p>\n<p>\u2714\ufe0f Contas verificadas diariamente para m\u00e1xima seguran\u00e7a<\/p>\n<p>&nbsp;<\/p>\n<p>&nbsp;<\/p>\n<p>\u2014\u2014\u2014\u2014\u2014\u2014\u2014\u2014\u2014\u2014\u2014\u2014\u2014\u2014\u2014\u2014\u2014\u2013<\/p>\n<p>&nbsp;<\/p>\n<h5>\ud83e\udd1d Suporte e Garantia<\/h5>\n<p>&nbsp;<\/p>\n<p>\u2714\ufe0f Atendimento direto para d\u00favidas<\/p>\n<p>\u2714\ufe0f Aux\u00edlio na ativa\u00e7\u00e3o e primeiros passos<\/p>\n<p>\u2714\ufe0f Garantia completa pelo per\u00edodo contratado<\/p>\n<p>&nbsp;<\/p>\n<p>&nbsp;<\/p>\n<p>\u2014\u2014\u2014\u2014\u2014\u2014\u2014\u2014\u2014\u2014\u2014\u2014\u2014\u2014\u2014\u2014\u2014\u2013<\/p>\n<p>&nbsp;<\/p>\n<h5>\u2139\ufe0f Observa\u00e7\u00f5es<\/h5>\n<p>&nbsp;<\/p>\n<p>\u25ab\ufe0f Mantenha a seguran\u00e7a da conta para evitar bloqueios<\/p>\n<p>\u25ab\ufe0f Utilize somente conforme orientado<\/p>\n<p>\u25ab\ufe0f Leia tudo antes de ativar para evitar problemas<\/p>","protected":false},"excerpt":{"rendered":"<p>\u00c9 o servi\u00e7o de assinatura da Sony que oferece acesso ao modo multiplayer online, jogos mensais gratuitos e descontos exclusivos na PlayStation Store. Nas vers\u00f5es Extra e Deluxe, tamb\u00e9m inclui um cat\u00e1logo de jogos para download e streaming. Ideal para quem quer aproveitar ao m\u00e1ximo sua experi\u00eancia no PlayStation. Dispon\u00edvel em diferentes planos para se adaptar ao seu estilo de jogo.<\/p>","protected":false},"featured_media":4712,"comment_status":"open","ping_status":"closed","template":"","meta":[],"product_brand":[],"product_cat":[100],"product_tag":[],"sistema_operacional":[],"duracao":[160],"plataforma":[176],"outros":[],"entrega":[],"nexuz_flag":[143,142],"class_list":{"0":"post-4709","1":"product","2":"type-product","3":"status-publish","4":"has-post-thumbnail","6":"product_cat-servicos-de-jogos","7":"duracao-30-dias","8":"plataforma-multi","9":"nexuz_flag-mais-avaliados","10":"nexuz_flag-mais-vendidos","12":"first","13":"instock","14":"sale","15":"virtual","16":"purchasable","17":"product-type-simple","18":"produto-sem-combo"},"jetpack_sharing_enabled":true,"_links":{"self":[{"href":"https:\/\/nexuz-teste.prosperiuz.com\/en\/wp-json\/wp\/v2\/product\/4709","targetHints":{"allow":["GET"]}}],"collection":[{"href":"https:\/\/nexuz-teste.prosperiuz.com\/en\/wp-json\/wp\/v2\/product"}],"about":[{"href":"https:\/\/nexuz-teste.prosperiuz.com\/en\/wp-json\/wp\/v2\/types\/product"}],"replies":[{"embeddable":true,"href":"https:\/\/nexuz-teste.prosperiuz.com\/en\/wp-json\/wp\/v2\/comments?post=4709"}],"version-history":[{"count":2,"href":"https:\/\/nexuz-teste.prosperiuz.com\/en\/wp-json\/wp\/v2\/product\/4709\/revisions"}],"predecessor-version":[{"id":8632,"href":"https:\/\/nexuz-teste.prosperiuz.com\/en\/wp-json\/wp\/v2\/product\/4709\/revisions\/8632"}],"wp:featuredmedia":[{"embeddable":true,"href":"https:\/\/nexuz-teste.prosperiuz.com\/en\/wp-json\/wp\/v2\/media\/4712"}],"wp:attachment":[{"href":"https:\/\/nexuz-teste.prosperiuz.com\/en\/wp-json\/wp\/v2\/media?parent=4709"}],"wp:term":[{"taxonomy":"product_brand","embeddable":true,"href":"https:\/\/nexuz-teste.prosperiuz.com\/en\/wp-json\/wp\/v2\/product_brand?post=4709"},{"taxonomy":"product_cat","embeddable":true,"href":"https:\/\/nexuz-teste.prosperiuz.com\/en\/wp-json\/wp\/v2\/product_cat?post=4709"},{"taxonomy":"product_tag","embeddable":true,"href":"https:\/\/nexuz-teste.prosperiuz.com\/en\/wp-json\/wp\/v2\/product_tag?post=4709"},{"taxonomy":"sistema_operacional","embeddable":true,"href":"https:\/\/nexuz-teste.prosperiuz.com\/en\/wp-json\/wp\/v2\/sistema_operacional?post=4709"},{"taxonomy":"duracao","embeddable":true,"href":"https:\/\/nexuz-teste.prosperiuz.com\/en\/wp-json\/wp\/v2\/duracao?post=4709"},{"taxonomy":"plataforma","embeddable":true,"href":"https:\/\/nexuz-teste.prosperiuz.com\/en\/wp-json\/wp\/v2\/plataforma?post=4709"},{"taxonomy":"outros","embeddable":true,"href":"https:\/\/nexuz-teste.prosperiuz.com\/en\/wp-json\/wp\/v2\/outros?post=4709"},{"taxonomy":"entrega","embeddable":true,"href":"https:\/\/nexuz-teste.prosperiuz.com\/en\/wp-json\/wp\/v2\/entrega?post=4709"},{"taxonomy":"nexuz_flag","embeddable":true,"href":"https:\/\/nexuz-teste.prosperiuz.com\/en\/wp-json\/wp\/v2\/nexuz_flag?post=4709"}],"curies":[{"name":"wp","href":"https:\/\/api.w.org\/{rel}","templated":true}]}}