{"id":4592,"date":"2025-10-10T14:59:11","date_gmt":"2025-10-10T17:59:11","guid":{"rendered":"https:\/\/nexuz.prosperiuz.com\/?post_type=product&#038;p=4592"},"modified":"2026-03-23T02:36:16","modified_gmt":"2026-03-23T05:36:16","slug":"youtube-premium-youtube-music","status":"publish","type":"product","link":"https:\/\/nexuz-teste.prosperiuz.com\/en\/acesso\/youtube-premium-youtube-music\/","title":{"rendered":"YouTube Premium + YouTube Music Individual"},"content":{"rendered":"<h4><\/h4>\n<h3>\ud83c\udfac YOUTUBE PREMIUM + YOUTUBE MUSIC \u2013 liberdade total para assistir e ouvir sem interrup\u00e7\u00f5es<\/h3>\n<p>&nbsp;<\/p>\n<p>V\u00eddeos sem an\u00fancios, reprodu\u00e7\u00e3o em segundo plano e downloads offline. No YouTube Music, voc\u00ea ouve tudo sem an\u00fancios, com tela bloqueada e m\u00fasicas offline. Ideal para uso individual, simples e direto.<\/p>\n<p>&nbsp;<\/p>\n<p>&nbsp;<\/p>\n<p>&#8212;&#8212;&#8212;&#8212;&#8212;&#8212;&#8212;&#8212;&#8212;&#8212;&#8212;&#8212;&#8212;&#8212;&#8212;&#8212;&#8212;-<\/p>\n<p>&nbsp;<\/p>\n<h5>\u26a0\ufe0f Leia tudo com aten\u00e7\u00e3o para evitar problemas!<\/h5>\n<p>&nbsp;<\/p>\n<p>As informa\u00e7\u00f5es abaixo explicam como voc\u00ea recebe o acesso, o que est\u00e1 incluso e como usar corretamente.<\/p>\n<p>&nbsp;<\/p>\n<p>&nbsp;<\/p>\n<p>&#8212;&#8212;&#8212;&#8212;&#8212;&#8212;&#8212;&#8212;&#8212;&#8212;&#8212;&#8212;&#8212;&#8212;&#8212;&#8212;&#8212;&#8211;<\/p>\n<p>&nbsp;<\/p>\n<h5>\ud83d\udce9 Como recebo meu acesso?<\/h5>\n<p>&nbsp;<\/p>\n<p>\u2705 Ap\u00f3s a confirma\u00e7\u00e3o do pagamento, clique em \u201cJ\u00e1 paguei, e meu acesso?\u201d<\/p>\n<p>\u2705 Escolha a op\u00e7\u00e3o \u201cSem \u26a1\u201d<\/p>\n<p>\u2705 Enviamos login e senha pelo WhatsApp (ou convite de ativa\u00e7\u00e3o, conforme o formato de acesso)<\/p>\n<p>\u2705 Entrega r\u00e1pida e acompanhada<\/p>\n<p>&nbsp;<\/p>\n<p>&nbsp;<\/p>\n<p>&#8212;&#8212;&#8212;&#8212;&#8212;&#8212;&#8212;&#8212;&#8212;&#8212;&#8212;&#8212;&#8212;&#8212;&#8212;&#8212;&#8212;&#8211;<\/p>\n<p>&nbsp;<\/p>\n<h5>\ud83c\udf81 O que est\u00e1 incluso?<\/h5>\n<p>&nbsp;<\/p>\n<p>\u2705 YouTube Premium sem an\u00fancios<\/p>\n<p>\u2705 Reprodu\u00e7\u00e3o em segundo plano<\/p>\n<p>\u2705 Downloads para assistir offline<\/p>\n<p>\u2705 YouTube Music com acesso Premium \u2013 m\u00fasicas sem an\u00fancios, modo offline e tela bloqueada<\/p>\n<p>\u2705 Uso individual, exclusivo para 1 pessoa<\/p>\n<p>\u2705 Acesso simples e direto<\/p>\n<p>&nbsp;<\/p>\n<p>&nbsp;<\/p>\n<p>&#8212;&#8212;&#8212;&#8212;&#8212;&#8212;&#8212;&#8212;&#8212;&#8212;&#8212;&#8212;&#8212;&#8212;&#8212;&#8212;&#8212;&#8211;<\/p>\n<p>&nbsp;<\/p>\n<p>&nbsp;<\/p>\n<h5>\ud83d\udce6 Planos Dispon\u00edveis<\/h5>\n<p>&nbsp;<\/p>\n<h5>\ud83d\uddd3\ufe0f Plano 30 dias<\/h5>\n<p>&nbsp;<\/p>\n<p>\u2705 30 dias de acesso individual<\/p>\n<p>\u2705 Ativa\u00e7\u00e3o imediata ap\u00f3s confirma\u00e7\u00e3o<\/p>\n<p>\u2705 Login e senha enviados pelo WhatsApp<\/p>\n<p>\u2705 Sem fidelidade \u2013 renove quando quiser<\/p>\n<p>\u2705 Suporte incluso durante todo o per\u00edodo<\/p>\n<p>&nbsp;<\/p>\n<p>Renova\u00e7\u00e3o r\u00e1pida. \ud83d\ude09<\/p>\n<p>&nbsp;<\/p>\n<p>&nbsp;<\/p>\n<p>&#8212;&#8212;&#8212;&#8212;&#8212;&#8212;&#8212;&#8212;&#8212;&#8212;&#8212;&#8212;&#8212;&#8212;&#8212;&#8212;&#8212;&#8211;<\/p>\n<p>&nbsp;<\/p>\n<h5>\ud83d\udda5\ufe0f Qualidade e Compatibilidade<\/h5>\n<p>&nbsp;<\/p>\n<p>\u2705 At\u00e9 4K (quando dispon\u00edvel)<\/p>\n<p>\u2705 M\u00fasicas em alta qualidade<\/p>\n<p>\u2705 Compat\u00edvel com Android, iOS, Smart TV, tablet, notebook e mais<\/p>\n<p>&nbsp;<\/p>\n<p>&nbsp;<\/p>\n<p>&#8212;&#8212;&#8212;&#8212;&#8212;&#8212;&#8212;&#8212;&#8212;&#8212;&#8212;&#8212;&#8212;&#8212;&#8212;&#8212;&#8212;&#8211;<\/p>\n<p>&nbsp;<\/p>\n<h5>\ud83e\udded Passo a Passo<\/h5>\n<p>&nbsp;<\/p>\n<p>\u2705 Receba login\/senha ou convite no WhatsApp<\/p>\n<p>\u2705 Acesse o app\/site do YouTube<\/p>\n<p>\u2705 Fa\u00e7a login<\/p>\n<p>\u2705 Aproveite v\u00eddeos e m\u00fasicas sem an\u00fancios e com recursos Premium<\/p>\n<p>&nbsp;<\/p>\n<p>&nbsp;<\/p>\n<p>&#8212;&#8212;&#8212;&#8212;&#8212;&#8212;&#8212;&#8212;&#8212;&#8212;&#8212;&#8212;&#8212;&#8212;&#8212;&#8212;&#8212;&#8211;<\/p>\n<p>&nbsp;<\/p>\n<h5>\ud83e\udd1d Suporte e Garantia<\/h5>\n<p>&nbsp;<\/p>\n<p>\u2705 Atendimento pelo WhatsApp<\/p>\n<p>\u2705 Garantia de acesso durante o per\u00edodo contratado<\/p>\n<p>\u2705 Ajuda r\u00e1pida caso seja necess\u00e1rio<\/p>\n<p>&nbsp;<\/p>\n<p>&nbsp;<\/p>\n<p>&#8212;&#8212;&#8212;&#8212;&#8212;&#8212;&#8212;&#8212;&#8212;&#8212;&#8212;&#8212;&#8212;&#8212;&#8212;&#8212;&#8212;&#8211;<\/p>\n<p>&nbsp;<\/p>\n<h5>\u2139\ufe0f Observa\u00e7\u00f5es<\/h5>\n<p>&nbsp;<\/p>\n<p>\u25ab\ufe0f A qualidade depende do dispositivo e da internet<\/p>\n<p>\u25ab\ufe0f Conte\u00fados baixados ficam dispon\u00edveis offline enquanto o plano estiver ativo<\/p>\n<p>\u25ab\ufe0f Leia toda a p\u00e1gina antes da compra para evitar imprevistos<\/p>\n<p>&nbsp;<\/p>","protected":false},"excerpt":{"rendered":"<p>\u00c9 um servi\u00e7o de assinatura que oferece acesso ilimitado a m\u00fasicas e v\u00eddeos sem an\u00fancios. Permite baixar conte\u00fados para assistir e ouvir offline, al\u00e9m de reproduzir em segundo plano no celular. Ideal para quem quer aproveitar YouTube e m\u00fasica sem interrup\u00e7\u00f5es. Combina entretenimento e praticidade em uma \u00fanica assinatura.<\/p>","protected":false},"featured_media":4594,"comment_status":"open","ping_status":"closed","template":"","meta":[],"product_brand":[],"product_cat":[177],"product_tag":[],"sistema_operacional":[],"duracao":[160],"plataforma":[176],"outros":[170],"entrega":[],"nexuz_flag":[143,142],"class_list":{"0":"post-4592","1":"product","2":"type-product","3":"status-publish","4":"has-post-thumbnail","6":"product_cat-streamings","7":"duracao-30-dias","8":"plataforma-multi","9":"outros-combo","10":"nexuz_flag-mais-avaliados","11":"nexuz_flag-mais-vendidos","12":"tem-combo-outros","14":"first","15":"instock","16":"sale","17":"virtual","18":"purchasable","19":"product-type-simple","20":"produto-combo"},"jetpack_sharing_enabled":true,"_links":{"self":[{"href":"https:\/\/nexuz-teste.prosperiuz.com\/en\/wp-json\/wp\/v2\/product\/4592","targetHints":{"allow":["GET"]}}],"collection":[{"href":"https:\/\/nexuz-teste.prosperiuz.com\/en\/wp-json\/wp\/v2\/product"}],"about":[{"href":"https:\/\/nexuz-teste.prosperiuz.com\/en\/wp-json\/wp\/v2\/types\/product"}],"replies":[{"embeddable":true,"href":"https:\/\/nexuz-teste.prosperiuz.com\/en\/wp-json\/wp\/v2\/comments?post=4592"}],"version-history":[{"count":4,"href":"https:\/\/nexuz-teste.prosperiuz.com\/en\/wp-json\/wp\/v2\/product\/4592\/revisions"}],"predecessor-version":[{"id":12616,"href":"https:\/\/nexuz-teste.prosperiuz.com\/en\/wp-json\/wp\/v2\/product\/4592\/revisions\/12616"}],"wp:featuredmedia":[{"embeddable":true,"href":"https:\/\/nexuz-teste.prosperiuz.com\/en\/wp-json\/wp\/v2\/media\/4594"}],"wp:attachment":[{"href":"https:\/\/nexuz-teste.prosperiuz.com\/en\/wp-json\/wp\/v2\/media?parent=4592"}],"wp:term":[{"taxonomy":"product_brand","embeddable":true,"href":"https:\/\/nexuz-teste.prosperiuz.com\/en\/wp-json\/wp\/v2\/product_brand?post=4592"},{"taxonomy":"product_cat","embeddable":true,"href":"https:\/\/nexuz-teste.prosperiuz.com\/en\/wp-json\/wp\/v2\/product_cat?post=4592"},{"taxonomy":"product_tag","embeddable":true,"href":"https:\/\/nexuz-teste.prosperiuz.com\/en\/wp-json\/wp\/v2\/product_tag?post=4592"},{"taxonomy":"sistema_operacional","embeddable":true,"href":"https:\/\/nexuz-teste.prosperiuz.com\/en\/wp-json\/wp\/v2\/sistema_operacional?post=4592"},{"taxonomy":"duracao","embeddable":true,"href":"https:\/\/nexuz-teste.prosperiuz.com\/en\/wp-json\/wp\/v2\/duracao?post=4592"},{"taxonomy":"plataforma","embeddable":true,"href":"https:\/\/nexuz-teste.prosperiuz.com\/en\/wp-json\/wp\/v2\/plataforma?post=4592"},{"taxonomy":"outros","embeddable":true,"href":"https:\/\/nexuz-teste.prosperiuz.com\/en\/wp-json\/wp\/v2\/outros?post=4592"},{"taxonomy":"entrega","embeddable":true,"href":"https:\/\/nexuz-teste.prosperiuz.com\/en\/wp-json\/wp\/v2\/entrega?post=4592"},{"taxonomy":"nexuz_flag","embeddable":true,"href":"https:\/\/nexuz-teste.prosperiuz.com\/en\/wp-json\/wp\/v2\/nexuz_flag?post=4592"}],"curies":[{"name":"wp","href":"https:\/\/api.w.org\/{rel}","templated":true}]}}