{"id":4580,"date":"2025-10-10T14:44:02","date_gmt":"2025-10-10T17:44:02","guid":{"rendered":"https:\/\/nexuz.prosperiuz.com\/?post_type=product&#038;p=4580"},"modified":"2026-03-22T02:37:57","modified_gmt":"2026-03-22T05:37:57","slug":"max-hbo-sem-anuncio","status":"publish","type":"product","link":"https:\/\/nexuz-teste.prosperiuz.com\/en\/acesso\/max-hbo-sem-anuncio\/","title":{"rendered":"Max (HBO) \u2022 Sem An\u00fancio"},"content":{"rendered":"<blockquote><p>&nbsp;<\/p><\/blockquote>\n<h3>\ud83c\udfac MAX \u2013 s\u00e9ries, filmes e originals que voc\u00ea s\u00f3 encontra aqui<\/h3>\n<p>&nbsp;<\/p>\n<p>Aproveite produ\u00e7\u00f5es exclusivas, grandes sucessos e um cat\u00e1logo variado da HBO, Warner, DC e muito mais. Assista em alta defini\u00e7\u00e3o, sem an\u00fancios e com acesso r\u00e1pido e seguro.<\/p>\n<p>&nbsp;<\/p>\n<p>&nbsp;<\/p>\n<p>&#8212;&#8212;&#8212;&#8212;&#8212;&#8212;&#8212;&#8212;&#8212;&#8212;&#8212;&#8212;&#8212;&#8212;&#8212;&#8212;&#8212;&#8211;<\/p>\n<p>&nbsp;<\/p>\n<h4>\u26a0\ufe0fLeia tudo com aten\u00e7\u00e3o para evitar problemas!<\/h4>\n<p>As informa\u00e7\u00f5es abaixo explicam como voc\u00ea recebe o acesso, o que est\u00e1 incluso e como usar da melhor forma.<\/p>\n<p>&nbsp;<\/p>\n<p>&nbsp;<\/p>\n<p>&#8212;&#8212;&#8212;&#8212;&#8212;&#8212;&#8212;&#8212;&#8212;&#8212;&#8212;&#8212;&#8212;&#8212;&#8212;&#8212;&#8212;&#8211;<\/p>\n<p>&nbsp;<\/p>\n<h5>\ud83d\udce9 Como recebo meu acesso?<\/h5>\n<p>&nbsp;<\/p>\n<p>\u2705 Ap\u00f3s a confirma\u00e7\u00e3o do pagamento, clique em \u201cJ\u00e1 paguei, e meu acesso?\u201d<\/p>\n<p>\u2705 Escolha a op\u00e7\u00e3o \u201cSem \u26a1&#8221;<\/p>\n<p>\u2705 Enviamos login e senha pelo WhatsApp com passo a passo simples de ativa\u00e7\u00e3o<\/p>\n<p>\u2705 Entrega r\u00e1pida e acompanhada<\/p>\n<p>&nbsp;<\/p>\n<p>&nbsp;<\/p>\n<p>&#8212;&#8212;&#8212;&#8212;&#8212;&#8212;&#8212;&#8212;&#8212;&#8212;&#8212;&#8212;&#8212;&#8212;&#8212;&#8212;&#8212;&#8211;<\/p>\n<p>&nbsp;<\/p>\n<h5>\ud83c\udf81 O que est\u00e1 incluso?<\/h5>\n<p>&nbsp;<\/p>\n<p>\u2705 Cat\u00e1logo completo Max (HBO, Warner, DC, Discovery e mais)<\/p>\n<p>\u2705 Sem an\u00fancios \u2013 experi\u00eancia cont\u00ednua<\/p>\n<p>\u2705 Perfis personalizados (at\u00e9 5)<\/p>\n<p>\u2705 Download para assistir offline<\/p>\n<p>\u2705 Multiplataforma: celulares, tablets, TV, notebook e consoles<\/p>\n<p>&nbsp;<\/p>\n<p>&nbsp;<\/p>\n<p>&#8212;&#8212;&#8212;&#8212;&#8212;&#8212;&#8212;&#8212;&#8212;&#8212;&#8212;&#8212;&#8212;&#8212;&#8212;&#8212;&#8212;&#8211;<\/p>\n<p>&nbsp;<\/p>\n<h5>\ud83d\udce6 Planos Dispon\u00edveis<\/h5>\n<p>&nbsp;<\/p>\n<h5>\ud83d\uddd3\ufe0f Plano 30 dias<\/h5>\n<p>&nbsp;<\/p>\n<p>\u2705 Dura\u00e7\u00e3o: 30 dias de acesso<\/p>\n<p>\u2705 Entrega: login e senha enviados pelo WhatsApp<\/p>\n<p>\u2705 Ativa\u00e7\u00e3o imediata ap\u00f3s confirma\u00e7\u00e3o do pagamento<\/p>\n<p>\u2705 Sem fidelidade \u2013 renove quando quiser<\/p>\n<p>\u2705 Suporte incluso durante todo o per\u00edodo<\/p>\n<p>&nbsp;<\/p>\n<p>Renove sempre que desejar. \ud83d\ude09<\/p>\n<p>&nbsp;<\/p>\n<p>&nbsp;<\/p>\n<p>&#8212;&#8212;&#8212;&#8212;&#8212;&#8212;&#8212;&#8212;&#8212;&#8212;&#8212;&#8212;&#8212;&#8212;&#8212;&#8212;&#8212;&#8211;<\/p>\n<p>&nbsp;<\/p>\n<h5>\ud83d\udda5\ufe0f Qualidade e Compatibilidade<\/h5>\n<p>&nbsp;<\/p>\n<p>\u2705 At\u00e9 4K UHD e HDR (quando dispon\u00edvel)<\/p>\n<p>\u2705 Legendas e \u00e1udio em v\u00e1rios idiomas<\/p>\n<p>\u2705 Compat\u00edvel com Android, iOS, Smart TV, Fire TV, Chromecast, consoles e outros<\/p>\n<p>&nbsp;<\/p>\n<p>&nbsp;<\/p>\n<p>&#8212;&#8212;&#8212;&#8212;&#8212;&#8212;&#8212;&#8212;&#8212;&#8212;&#8212;&#8212;&#8212;&#8212;&#8212;&#8212;&#8212;&#8211;<\/p>\n<p>&nbsp;<\/p>\n<h5>\ud83e\udded Passo a Passo<\/h5>\n<p>&nbsp;<\/p>\n<p>\u2705 Receba login\/senha no WhatsApp<\/p>\n<p>\u2705 Acesse o app\/site do Max<\/p>\n<p>\u2705 Fa\u00e7a login e selecione seu perfil<\/p>\n<p>\u2705 Ajuste configura\u00e7\u00f5es de idioma\/legenda e fa\u00e7a downloads se quiser assistir offline<\/p>\n<p>&nbsp;<\/p>\n<p>&nbsp;<\/p>\n<p>&#8212;&#8212;&#8212;&#8212;&#8212;&#8212;&#8212;&#8212;&#8212;&#8212;&#8212;&#8212;&#8212;&#8212;&#8212;&#8212;&#8212;&#8211;<\/p>\n<p>&nbsp;<\/p>\n<h5>\ud83e\udd1d Suporte e Garantia<\/h5>\n<p>\u2705 Atendimento pelo WhatsApp para ativa\u00e7\u00e3o e uso<\/p>\n<p>\u2705 Garantia de acesso durante o per\u00edodo contratado<\/p>\n<p>\u2705 Ajuda r\u00e1pida em caso de d\u00favidas<\/p>\n<p>&nbsp;<\/p>\n<p>&nbsp;<\/p>\n<p>&#8212;&#8212;&#8212;&#8212;&#8212;&#8212;&#8212;&#8212;&#8212;&#8212;&#8212;&#8212;&#8212;&#8212;&#8212;&#8212;&#8212;&#8211;<\/p>\n<p>&nbsp;<\/p>\n<h5>\u2139\ufe0f Observa\u00e7\u00f5es<\/h5>\n<p>&nbsp;<\/p>\n<p>\u25ab\ufe0f A qualidade 4K\/HDR depende do t\u00edtulo e do dispositivo<\/p>\n<p>\u25ab\ufe0f Internet est\u00e1vel melhora a experi\u00eancia de reprodu\u00e7\u00e3o<\/p>\n<p>\u25ab\ufe0f Leia toda a p\u00e1gina antes da compra para evitar imprevistos<\/p>\n<p>&nbsp;<\/p>","protected":false},"excerpt":{"rendered":"<p>HBO Max \u00e9 uma plataforma de streaming que oferece uma grande variedade de filmes, s\u00e9ries e produ\u00e7\u00f5es originais da HBO e parceiros. Conta com conte\u00fado para toda a fam\u00edlia, desde dramas premiados at\u00e9 anima\u00e7\u00f5es e document\u00e1rios. Oferece op\u00e7\u00f5es de assistir offline e v\u00e1rios perfis para diferentes usu\u00e1rios. Excelente para quem gosta de conte\u00fado de alta qualidade.<\/p>","protected":false},"featured_media":4568,"comment_status":"open","ping_status":"closed","template":"","meta":[],"product_brand":[],"product_cat":[177],"product_tag":[],"sistema_operacional":[],"duracao":[160],"plataforma":[176],"outros":[],"entrega":[],"nexuz_flag":[143,142],"class_list":{"0":"post-4580","1":"product","2":"type-product","3":"status-publish","4":"has-post-thumbnail","6":"product_cat-streamings","7":"duracao-30-dias","8":"plataforma-multi","9":"nexuz_flag-mais-avaliados","10":"nexuz_flag-mais-vendidos","12":"first","13":"instock","14":"sale","15":"virtual","16":"purchasable","17":"product-type-simple","18":"produto-sem-combo"},"jetpack_sharing_enabled":true,"_links":{"self":[{"href":"https:\/\/nexuz-teste.prosperiuz.com\/en\/wp-json\/wp\/v2\/product\/4580","targetHints":{"allow":["GET"]}}],"collection":[{"href":"https:\/\/nexuz-teste.prosperiuz.com\/en\/wp-json\/wp\/v2\/product"}],"about":[{"href":"https:\/\/nexuz-teste.prosperiuz.com\/en\/wp-json\/wp\/v2\/types\/product"}],"replies":[{"embeddable":true,"href":"https:\/\/nexuz-teste.prosperiuz.com\/en\/wp-json\/wp\/v2\/comments?post=4580"}],"version-history":[{"count":3,"href":"https:\/\/nexuz-teste.prosperiuz.com\/en\/wp-json\/wp\/v2\/product\/4580\/revisions"}],"predecessor-version":[{"id":8445,"href":"https:\/\/nexuz-teste.prosperiuz.com\/en\/wp-json\/wp\/v2\/product\/4580\/revisions\/8445"}],"wp:featuredmedia":[{"embeddable":true,"href":"https:\/\/nexuz-teste.prosperiuz.com\/en\/wp-json\/wp\/v2\/media\/4568"}],"wp:attachment":[{"href":"https:\/\/nexuz-teste.prosperiuz.com\/en\/wp-json\/wp\/v2\/media?parent=4580"}],"wp:term":[{"taxonomy":"product_brand","embeddable":true,"href":"https:\/\/nexuz-teste.prosperiuz.com\/en\/wp-json\/wp\/v2\/product_brand?post=4580"},{"taxonomy":"product_cat","embeddable":true,"href":"https:\/\/nexuz-teste.prosperiuz.com\/en\/wp-json\/wp\/v2\/product_cat?post=4580"},{"taxonomy":"product_tag","embeddable":true,"href":"https:\/\/nexuz-teste.prosperiuz.com\/en\/wp-json\/wp\/v2\/product_tag?post=4580"},{"taxonomy":"sistema_operacional","embeddable":true,"href":"https:\/\/nexuz-teste.prosperiuz.com\/en\/wp-json\/wp\/v2\/sistema_operacional?post=4580"},{"taxonomy":"duracao","embeddable":true,"href":"https:\/\/nexuz-teste.prosperiuz.com\/en\/wp-json\/wp\/v2\/duracao?post=4580"},{"taxonomy":"plataforma","embeddable":true,"href":"https:\/\/nexuz-teste.prosperiuz.com\/en\/wp-json\/wp\/v2\/plataforma?post=4580"},{"taxonomy":"outros","embeddable":true,"href":"https:\/\/nexuz-teste.prosperiuz.com\/en\/wp-json\/wp\/v2\/outros?post=4580"},{"taxonomy":"entrega","embeddable":true,"href":"https:\/\/nexuz-teste.prosperiuz.com\/en\/wp-json\/wp\/v2\/entrega?post=4580"},{"taxonomy":"nexuz_flag","embeddable":true,"href":"https:\/\/nexuz-teste.prosperiuz.com\/en\/wp-json\/wp\/v2\/nexuz_flag?post=4580"}],"curies":[{"name":"wp","href":"https:\/\/api.w.org\/{rel}","templated":true}]}}