{"id":4574,"date":"2025-10-10T14:36:16","date_gmt":"2025-10-10T17:36:16","guid":{"rendered":"https:\/\/nexuz.prosperiuz.com\/?post_type=product&#038;p=4574"},"modified":"2026-03-23T02:38:23","modified_gmt":"2026-03-23T05:38:23","slug":"netflix-premium","status":"publish","type":"product","link":"https:\/\/nexuz-teste.prosperiuz.com\/en\/acesso\/netflix-premium\/","title":{"rendered":"Netflix \u2022 Premium"},"content":{"rendered":"<h3>\ud83c\udfac NETFLIX \u2013 filmes, s\u00e9ries e document\u00e1rios sem limites!<\/h3>\n<p>Aproveite maratonas completas, lan\u00e7amentos exclusivos e conte\u00fado para todos os gostos. Alta defini\u00e7\u00e3o, sem an\u00fancios e com acesso por e-mail e senha. Assista quando quiser!<\/p>\n<p>&nbsp;<\/p>\n<p>&nbsp;<\/p>\n<p>&#8212;&#8212;&#8212;&#8212;&#8212;&#8212;&#8212;&#8212;&#8212;&#8212;&#8212;&#8212;&#8212;&#8212;&#8212;&#8212;&#8212;&#8211;<\/p>\n<p>&nbsp;<\/p>\n<h4>\u26a0\ufe0f Leia tudo com aten\u00e7\u00e3o para evitar problemas!<\/h4>\n<p>&nbsp;<\/p>\n<p>As informa\u00e7\u00f5es abaixo explicam como voc\u00ea recebe o acesso, o que est\u00e1 incluso e como usar da melhor forma.<\/p>\n<p>&nbsp;<\/p>\n<p>&nbsp;<\/p>\n<p>&#8212;&#8212;&#8212;&#8212;&#8212;&#8212;&#8212;&#8212;&#8212;&#8212;&#8212;&#8212;&#8212;&#8212;&#8212;&#8212;&#8212;&#8211;<\/p>\n<p>&nbsp;<\/p>\n<h5>\ud83d\udce9Como recebo meu acesso? <!--more--><\/h5>\n<p>&nbsp;<\/p>\n<p>\u2705 Ap\u00f3s a confirma\u00e7\u00e3o do pagamento, clique em \u201cJ\u00e1 paguei, e meu acesso?\u201d<\/p>\n<p>\u2705 Escolha a op\u00e7\u00e3o \u201cSem \u26a1\u201d<\/p>\n<p>\u2705 Enviamos e-mail e senha pelo WhatsApp com o passo a passo simples de ativa\u00e7\u00e3o<\/p>\n<p>\u2705 Entrega r\u00e1pida, segura e acompanhada<\/p>\n<p>&nbsp;<\/p>\n<p>&nbsp;<\/p>\n<p>&#8212;&#8212;&#8212;&#8212;&#8212;&#8212;&#8212;&#8212;&#8212;&#8212;&#8212;&#8212;&#8212;&#8212;&#8212;&#8212;&#8212;&#8211;<\/p>\n<p>&nbsp;<\/p>\n<h5>\ud83c\udf81 O que est\u00e1 incluso?<\/h5>\n<p>&nbsp;<\/p>\n<p>\u2705 Cat\u00e1logo completo da Netflix (filmes, s\u00e9ries, reality shows, document\u00e1rios)<\/p>\n<p>\u2705 Sem an\u00fancios \u2013 experi\u00eancia 100% fluida<\/p>\n<p>\u2705 Perfis personalizados (at\u00e9 5)<\/p>\n<p>\u2705 Download para assistir offline<\/p>\n<p>\u2705 Multiplataforma: TV, celular, tablet, notebook e console<\/p>\n<p>&nbsp;<\/p>\n<p>&nbsp;<\/p>\n<p>&#8212;&#8212;&#8212;&#8212;&#8212;&#8212;&#8212;&#8212;&#8212;&#8212;&#8212;&#8212;&#8212;&#8212;&#8212;&#8212;&#8212;&#8211;<\/p>\n<p>&nbsp;<\/p>\n<h5>\ud83d\udce6 Planos Dispon\u00edveis<\/h5>\n<p>&nbsp;<\/p>\n<h5>\ud83d\uddd3\ufe0f Plano 30 dias<\/h5>\n<p>&nbsp;<\/p>\n<p>\u2705 Dura\u00e7\u00e3o: 30 dias de acesso<\/p>\n<p>\u2705 Entrega: e-mail e senha enviados pelo WhatsApp<\/p>\n<p>\u2705 Ativa\u00e7\u00e3o imediata ap\u00f3s confirma\u00e7\u00e3o do pagamento<\/p>\n<p>\u2705 Sem fidelidade \u2013 renove quando quiser<\/p>\n<p>\u2705 Suporte durante todo o per\u00edodo contratado<\/p>\n<p>&nbsp;<\/p>\n<p>Renovar \u00e9 simples e r\u00e1pido. \ud83d\ude09<\/p>\n<p>&nbsp;<\/p>\n<p>&nbsp;<\/p>\n<h5>&#8212;&#8212;&#8212;&#8212;&#8212;&#8212;&#8212;&#8212;&#8212;&#8212;&#8212;&#8212;&#8212;&#8212;&#8212;&#8212;&#8212;&#8211;<\/h5>\n<p>&nbsp;<\/p>\n<h5>\ud83d\udda5\ufe0f Qualidade e Compatibilidade<\/h5>\n<h5><\/h5>\n<p>\u2705 At\u00e9 Full HD \/ 4K (dependendo do plano dispon\u00edvel no acesso)<\/p>\n<p>\u2705 Legendas e \u00e1udio em v\u00e1rios idiomas<\/p>\n<p>\u2705 Compat\u00edvel com Android, iOS, Smart TV, Fire TV, Chromecast, consoles e mais<\/p>\n<p>&nbsp;<\/p>\n<p>&nbsp;<\/p>\n<h5>&#8212;&#8212;&#8212;&#8212;&#8212;&#8212;&#8212;&#8212;&#8212;&#8212;&#8212;&#8212;&#8212;&#8212;&#8212;&#8212;&#8212;&#8211;<\/h5>\n<p>&nbsp;<\/p>\n<h5>\ud83e\udded Passo a Passo<\/h5>\n<p>&nbsp;<\/p>\n<p>\u2705 Receba o e-mail\/senha no WhatsApp<\/p>\n<p>\u2705 Acesse o app\/site da Netflix<\/p>\n<p>\u2705 Fa\u00e7a login e selecione seu perfil<\/p>\n<p>\u2705 Ajuste idioma, legenda e configure downloads conforme desejar<\/p>\n<p>&nbsp;<\/p>\n<p>&nbsp;<\/p>\n<p>&#8212;&#8212;&#8212;&#8212;&#8212;&#8212;&#8212;&#8212;&#8212;&#8212;&#8212;&#8212;&#8212;&#8212;&#8212;&#8212;&#8212;&#8211;<\/p>\n<p>&nbsp;<\/p>\n<h5>\ud83e\udd1d Suporte e Garantia<\/h5>\n<p>\u2705 Atendimento pelo WhatsApp para ativa\u00e7\u00e3o<\/p>\n<p>\u2705 Garantia de acesso durante todo o per\u00edodo contratado<\/p>\n<p>\u2705 Ajuda r\u00e1pida em caso de d\u00favidas<\/p>\n<p>&nbsp;<\/p>\n<p>&nbsp;<\/p>\n<p>&#8212;&#8212;&#8212;&#8212;&#8212;&#8212;&#8212;&#8212;&#8212;&#8212;&#8212;&#8212;&#8212;&#8212;&#8212;&#8212;&#8212;&#8211;<\/p>\n<p>&nbsp;<\/p>\n<h5>\u2139\ufe0f Observa\u00e7\u00f5es<\/h5>\n<p>&nbsp;<\/p>\n<p>\u25ab\ufe0f A qualidade m\u00e1xima depende do dispositivo e internet<\/p>\n<p>\u25ab\ufe0f Use conex\u00e3o est\u00e1vel para evitar travamentos<\/p>\n<p>\u25ab\ufe0f Leia toda a p\u00e1gina antes da compra para aproveitar tudo sem imprevistos<\/p>","protected":false},"excerpt":{"rendered":"<p>Netflix \u00e9 um servi\u00e7o de streaming global com milhares de filmes, s\u00e9ries e produ\u00e7\u00f5es originais exclusivas. Oferece conte\u00fados variados para todos os gostos e idades, incluindo document\u00e1rios e anima\u00e7\u00f5es. Permite assistir offline e criar perfis personalizados. \u00c9 refer\u00eancia em entretenimento sob demanda.<\/p>","protected":false},"featured_media":4575,"comment_status":"open","ping_status":"closed","template":"","meta":[],"product_brand":[],"product_cat":[177],"product_tag":[],"sistema_operacional":[],"duracao":[160],"plataforma":[176],"outros":[],"entrega":[],"nexuz_flag":[143,142],"class_list":{"0":"post-4574","1":"product","2":"type-product","3":"status-publish","4":"has-post-thumbnail","6":"product_cat-streamings","7":"duracao-30-dias","8":"plataforma-multi","9":"nexuz_flag-mais-avaliados","10":"nexuz_flag-mais-vendidos","12":"first","13":"instock","14":"sale","15":"virtual","16":"purchasable","17":"product-type-simple","18":"produto-sem-combo"},"jetpack_sharing_enabled":true,"_links":{"self":[{"href":"https:\/\/nexuz-teste.prosperiuz.com\/en\/wp-json\/wp\/v2\/product\/4574","targetHints":{"allow":["GET"]}}],"collection":[{"href":"https:\/\/nexuz-teste.prosperiuz.com\/en\/wp-json\/wp\/v2\/product"}],"about":[{"href":"https:\/\/nexuz-teste.prosperiuz.com\/en\/wp-json\/wp\/v2\/types\/product"}],"replies":[{"embeddable":true,"href":"https:\/\/nexuz-teste.prosperiuz.com\/en\/wp-json\/wp\/v2\/comments?post=4574"}],"version-history":[{"count":5,"href":"https:\/\/nexuz-teste.prosperiuz.com\/en\/wp-json\/wp\/v2\/product\/4574\/revisions"}],"predecessor-version":[{"id":10247,"href":"https:\/\/nexuz-teste.prosperiuz.com\/en\/wp-json\/wp\/v2\/product\/4574\/revisions\/10247"}],"wp:featuredmedia":[{"embeddable":true,"href":"https:\/\/nexuz-teste.prosperiuz.com\/en\/wp-json\/wp\/v2\/media\/4575"}],"wp:attachment":[{"href":"https:\/\/nexuz-teste.prosperiuz.com\/en\/wp-json\/wp\/v2\/media?parent=4574"}],"wp:term":[{"taxonomy":"product_brand","embeddable":true,"href":"https:\/\/nexuz-teste.prosperiuz.com\/en\/wp-json\/wp\/v2\/product_brand?post=4574"},{"taxonomy":"product_cat","embeddable":true,"href":"https:\/\/nexuz-teste.prosperiuz.com\/en\/wp-json\/wp\/v2\/product_cat?post=4574"},{"taxonomy":"product_tag","embeddable":true,"href":"https:\/\/nexuz-teste.prosperiuz.com\/en\/wp-json\/wp\/v2\/product_tag?post=4574"},{"taxonomy":"sistema_operacional","embeddable":true,"href":"https:\/\/nexuz-teste.prosperiuz.com\/en\/wp-json\/wp\/v2\/sistema_operacional?post=4574"},{"taxonomy":"duracao","embeddable":true,"href":"https:\/\/nexuz-teste.prosperiuz.com\/en\/wp-json\/wp\/v2\/duracao?post=4574"},{"taxonomy":"plataforma","embeddable":true,"href":"https:\/\/nexuz-teste.prosperiuz.com\/en\/wp-json\/wp\/v2\/plataforma?post=4574"},{"taxonomy":"outros","embeddable":true,"href":"https:\/\/nexuz-teste.prosperiuz.com\/en\/wp-json\/wp\/v2\/outros?post=4574"},{"taxonomy":"entrega","embeddable":true,"href":"https:\/\/nexuz-teste.prosperiuz.com\/en\/wp-json\/wp\/v2\/entrega?post=4574"},{"taxonomy":"nexuz_flag","embeddable":true,"href":"https:\/\/nexuz-teste.prosperiuz.com\/en\/wp-json\/wp\/v2\/nexuz_flag?post=4574"}],"curies":[{"name":"wp","href":"https:\/\/api.w.org\/{rel}","templated":true}]}}