{"id":4571,"date":"2025-10-10T14:33:51","date_gmt":"2025-10-10T17:33:51","guid":{"rendered":"https:\/\/nexuz.prosperiuz.com\/?post_type=product&#038;p=4571"},"modified":"2026-03-23T02:39:55","modified_gmt":"2026-03-23T05:39:55","slug":"prime-video","status":"publish","type":"product","link":"https:\/\/nexuz-teste.prosperiuz.com\/en\/acesso\/prime-video\/","title":{"rendered":"Prime\u00a0Video"},"content":{"rendered":"<h4><\/h4>\n<h3>\ud83c\udfac PRIME VIDEO \u2013 filmes, s\u00e9ries, originals e muito mais<\/h3>\n<p>&nbsp;<\/p>\n<p>Tenha acesso a produ\u00e7\u00f5es exclusivas, lan\u00e7amentos, cl\u00e1ssicos e conte\u00fado variado para todos os gostos. Assista em alta defini\u00e7\u00e3o, com navega\u00e7\u00e3o simples e acesso seguro por login e senha.<\/p>\n<p>&nbsp;<\/p>\n<p>&nbsp;<\/p>\n<p>&#8212;&#8212;&#8212;&#8212;&#8212;&#8212;&#8212;&#8212;&#8212;&#8212;&#8212;&#8212;&#8212;&#8212;&#8212;&#8212;&#8212;&#8211;<\/p>\n<p>&nbsp;<\/p>\n<h4>\u26a0\ufe0f Leia tudo com aten\u00e7\u00e3o para evitar problemas!<\/h4>\n<p>&nbsp;<\/p>\n<p>As informa\u00e7\u00f5es abaixo explicam como voc\u00ea recebe o acesso, o que est\u00e1 incluso e como usar corretamente.<\/p>\n<p>&nbsp;<\/p>\n<p>&nbsp;<\/p>\n<p>&#8212;&#8212;&#8212;&#8212;&#8212;&#8212;&#8212;&#8212;&#8212;&#8212;&#8212;&#8212;&#8212;&#8212;&#8212;&#8212;&#8212;&#8211;<\/p>\n<p>&nbsp;<\/p>\n<h5>\ud83d\udce9 Como recebo meu acesso?<\/h5>\n<p>&nbsp;<\/p>\n<p>\u2705 Ap\u00f3s a confirma\u00e7\u00e3o do pagamento, clique em \u201cJ\u00e1 paguei, e meu acesso?\u201d<\/p>\n<p>\u2705 Escolha a op\u00e7\u00e3o \u201cSem \u26a1\u201d<\/p>\n<p>\u2705 Enviamos login e senha pelo WhatsApp + passo a passo de ativa\u00e7\u00e3o<\/p>\n<p>\u2705 Entrega acompanhada e segura<\/p>\n<p>&nbsp;<\/p>\n<p>&nbsp;<\/p>\n<p>&#8212;&#8212;&#8212;&#8212;&#8212;&#8212;&#8212;&#8212;&#8212;&#8212;&#8212;&#8212;&#8212;&#8212;&#8212;&#8212;&#8212;&#8211;<\/p>\n<p>&nbsp;<\/p>\n<h5>\ud83c\udf81 O que est\u00e1 incluso?<\/h5>\n<p>&nbsp;<\/p>\n<p>\u2705 Cat\u00e1logo completo do Prime Video (filmes, s\u00e9ries, document\u00e1rios, produ\u00e7\u00f5es Amazon Originals)<\/p>\n<p>\u2705 Perfis personalizados<\/p>\n<p>\u2705 Download para assistir offline<\/p>\n<p>\u2705 Acesso em m\u00faltiplos dispositivos<\/p>\n<p>\u2705 Conte\u00fados exclusivos que voc\u00ea s\u00f3 encontra no Prime Video<\/p>\n<p>&nbsp;<\/p>\n<p>&nbsp;<\/p>\n<p>&#8212;&#8212;&#8212;&#8212;&#8212;&#8212;&#8212;&#8212;&#8212;&#8212;&#8212;&#8212;&#8212;&#8212;&#8212;&#8212;&#8212;&#8211;<\/p>\n<p>&nbsp;<\/p>\n<h5>\ud83d\udce6 Planos Dispon\u00edveis<\/h5>\n<p>&nbsp;<\/p>\n<h5>\ud83d\uddd3\ufe0f Plano 30 dias<\/h5>\n<p>&nbsp;<\/p>\n<p>\u2705 30 dias de acesso<\/p>\n<p>\u2705 Ativa\u00e7\u00e3o imediata ap\u00f3s confirma\u00e7\u00e3o<\/p>\n<p>\u2705 Login e senha enviados pelo WhatsApp<\/p>\n<p>\u2705 Sem fidelidade \u2014 renove quando quiser<\/p>\n<p>\u2705 Suporte durante todo o per\u00edodo contratado<\/p>\n<p>&nbsp;<\/p>\n<p>Renove com liberdade. \ud83d\ude09<\/p>\n<p>&nbsp;<\/p>\n<p>&nbsp;<\/p>\n<p>&#8212;&#8212;&#8212;&#8212;&#8212;&#8212;&#8212;&#8212;&#8212;&#8212;&#8212;&#8212;&#8212;&#8212;&#8212;&#8212;&#8212;&#8211;<\/p>\n<p>&nbsp;<\/p>\n<h5>\ud83d\udda5\ufe0f Qualidade e Compatibilidade<\/h5>\n<p>&nbsp;<\/p>\n<p>\u2705 At\u00e9 4K HDR (quando dispon\u00edvel)<\/p>\n<p>\u2705 Legendas e \u00e1udio em v\u00e1rios idiomas<\/p>\n<p>\u2705 Compat\u00edvel com Android, iOS, Smart TV, Fire TV, Chromecast, consoles e mais<\/p>\n<p>&nbsp;<\/p>\n<p>&nbsp;<\/p>\n<p>&#8212;&#8212;&#8212;&#8212;&#8212;&#8212;&#8212;&#8212;&#8212;&#8212;&#8212;&#8212;&#8212;&#8212;&#8212;&#8212;&#8212;&#8212;<\/p>\n<p>&nbsp;<\/p>\n<h5>\ud83e\udded Passo a Passo<\/h5>\n<p>&nbsp;<\/p>\n<p>\u2705 Receba login\/senha no WhatsApp<\/p>\n<p>\u2705 Acesse o app\/site do Prime Video<\/p>\n<p>\u2705 Fa\u00e7a login e selecione seu perfil<\/p>\n<p>\u2705 Ajuste idioma\/legenda e baixe o que quiser ver offline<\/p>\n<p>&nbsp;<\/p>\n<p>&nbsp;<\/p>\n<p>&#8212;&#8212;&#8212;&#8212;&#8212;&#8212;&#8212;&#8212;&#8212;&#8212;&#8212;&#8212;&#8212;&#8212;&#8212;&#8212;&#8212;&#8211;<\/p>\n<p>&nbsp;<\/p>\n<h5>\ud83e\udd1d\u00a0<strong>Suporte e Garantia<\/strong><\/h5>\n<p>&nbsp;<\/p>\n<p>\u2705 Atendimento via WhatsApp<\/p>\n<p>\u2705 Garantia de acesso durante o per\u00edodo contratado<\/p>\n<p>\u2705 Ajuda r\u00e1pida e pr\u00e1tica em caso de d\u00favidas<\/p>\n<p>&nbsp;<\/p>\n<p>&nbsp;<\/p>\n<p>&#8212;&#8212;&#8212;&#8212;&#8212;&#8212;&#8212;&#8212;&#8212;&#8212;&#8212;&#8212;&#8212;&#8212;&#8212;&#8212;&#8212;&#8211;<\/p>\n<p>&nbsp;<\/p>\n<h5>\u2139\ufe0f Observa\u00e7\u00f5es<\/h5>\n<p>&nbsp;<\/p>\n<p>\u25ab\ufe0f Qualidade m\u00e1xima depende do dispositivo e internet<\/p>\n<p>\u25ab\ufe0f Requer conex\u00e3o est\u00e1vel para melhor reprodu\u00e7\u00e3o<\/p>\n<p>\u25ab\ufe0f Leia tudo antes da compra para evitar imprevistos<\/p>\n<p>&nbsp;<\/p>\n<p>&nbsp;<\/p>","protected":false},"excerpt":{"rendered":"<p>Prime Video \u00e9 o servi\u00e7o de streaming da Amazon que oferece milhares de filmes, s\u00e9ries e conte\u00fados originais exclusivos. Possui op\u00e7\u00f5es para aluguel e compra al\u00e9m da assinatura. \u00c9 conhecido por seu cat\u00e1logo diversificado e recursos como downloads para assistir offline. Ideal para quem j\u00e1 \u00e9 assinante Amazon Prime.<\/p>","protected":false},"featured_media":4572,"comment_status":"open","ping_status":"closed","template":"","meta":[],"product_brand":[],"product_cat":[177],"product_tag":[],"sistema_operacional":[],"duracao":[160],"plataforma":[176],"outros":[],"entrega":[],"nexuz_flag":[143,142],"class_list":{"0":"post-4571","1":"product","2":"type-product","3":"status-publish","4":"has-post-thumbnail","6":"product_cat-streamings","7":"duracao-30-dias","8":"plataforma-multi","9":"nexuz_flag-mais-avaliados","10":"nexuz_flag-mais-vendidos","12":"first","13":"instock","14":"sale","15":"virtual","16":"purchasable","17":"product-type-simple","18":"produto-sem-combo"},"jetpack_sharing_enabled":true,"_links":{"self":[{"href":"https:\/\/nexuz-teste.prosperiuz.com\/en\/wp-json\/wp\/v2\/product\/4571","targetHints":{"allow":["GET"]}}],"collection":[{"href":"https:\/\/nexuz-teste.prosperiuz.com\/en\/wp-json\/wp\/v2\/product"}],"about":[{"href":"https:\/\/nexuz-teste.prosperiuz.com\/en\/wp-json\/wp\/v2\/types\/product"}],"replies":[{"embeddable":true,"href":"https:\/\/nexuz-teste.prosperiuz.com\/en\/wp-json\/wp\/v2\/comments?post=4571"}],"version-history":[{"count":2,"href":"https:\/\/nexuz-teste.prosperiuz.com\/en\/wp-json\/wp\/v2\/product\/4571\/revisions"}],"predecessor-version":[{"id":8451,"href":"https:\/\/nexuz-teste.prosperiuz.com\/en\/wp-json\/wp\/v2\/product\/4571\/revisions\/8451"}],"wp:featuredmedia":[{"embeddable":true,"href":"https:\/\/nexuz-teste.prosperiuz.com\/en\/wp-json\/wp\/v2\/media\/4572"}],"wp:attachment":[{"href":"https:\/\/nexuz-teste.prosperiuz.com\/en\/wp-json\/wp\/v2\/media?parent=4571"}],"wp:term":[{"taxonomy":"product_brand","embeddable":true,"href":"https:\/\/nexuz-teste.prosperiuz.com\/en\/wp-json\/wp\/v2\/product_brand?post=4571"},{"taxonomy":"product_cat","embeddable":true,"href":"https:\/\/nexuz-teste.prosperiuz.com\/en\/wp-json\/wp\/v2\/product_cat?post=4571"},{"taxonomy":"product_tag","embeddable":true,"href":"https:\/\/nexuz-teste.prosperiuz.com\/en\/wp-json\/wp\/v2\/product_tag?post=4571"},{"taxonomy":"sistema_operacional","embeddable":true,"href":"https:\/\/nexuz-teste.prosperiuz.com\/en\/wp-json\/wp\/v2\/sistema_operacional?post=4571"},{"taxonomy":"duracao","embeddable":true,"href":"https:\/\/nexuz-teste.prosperiuz.com\/en\/wp-json\/wp\/v2\/duracao?post=4571"},{"taxonomy":"plataforma","embeddable":true,"href":"https:\/\/nexuz-teste.prosperiuz.com\/en\/wp-json\/wp\/v2\/plataforma?post=4571"},{"taxonomy":"outros","embeddable":true,"href":"https:\/\/nexuz-teste.prosperiuz.com\/en\/wp-json\/wp\/v2\/outros?post=4571"},{"taxonomy":"entrega","embeddable":true,"href":"https:\/\/nexuz-teste.prosperiuz.com\/en\/wp-json\/wp\/v2\/entrega?post=4571"},{"taxonomy":"nexuz_flag","embeddable":true,"href":"https:\/\/nexuz-teste.prosperiuz.com\/en\/wp-json\/wp\/v2\/nexuz_flag?post=4571"}],"curies":[{"name":"wp","href":"https:\/\/api.w.org\/{rel}","templated":true}]}}