{"id":10255,"date":"2026-01-28T01:31:02","date_gmt":"2026-01-28T04:31:02","guid":{"rendered":"https:\/\/nexuz.prosperiuz.com\/?post_type=product&#038;p=10255"},"modified":"2026-03-23T01:10:14","modified_gmt":"2026-03-23T04:10:14","slug":"10255","status":"publish","type":"product","link":"https:\/\/nexuz-teste.prosperiuz.com\/en\/acesso\/10255\/","title":{"rendered":"Discord Nitro"},"content":{"rendered":"<h3>\ud83c\udfae DISCORD NITRO \u2013 assinatura de 3 meses<\/h3>\n<p>&nbsp;<\/p>\n<p>Tenha acesso ao Discord Nitro por 3 meses e aproveite recursos premium que deixam sua experi\u00eancia no Discord muito mais completa, personalizada e divertida. Ideal para quem usa servidores, joga com amigos ou participa de comunidades.<\/p>\n<p>&nbsp;<\/p>\n<p>&nbsp;<\/p>\n<p>\u2014\u2014\u2014\u2014\u2014\u2014\u2014\u2014\u2014\u2014\u2014\u2014\u2014\u2014\u2014\u2014\u2014\u2013<\/p>\n<p>&nbsp;<\/p>\n<h4>\u26a0\ufe0f Leia tudo com aten\u00e7\u00e3o para evitar problemas!<\/h4>\n<p>&nbsp;<\/p>\n<p>As informa\u00e7\u00f5es abaixo explicam como funciona a ativa\u00e7\u00e3o, o que est\u00e1 incluso e as regras de uso.<\/p>\n<p>&nbsp;<\/p>\n<p>&nbsp;<\/p>\n<p>\u2014\u2014\u2014\u2014\u2014\u2014\u2014\u2014\u2014\u2014\u2014\u2014\u2014\u2014\u2014\u2014\u2014\u2013<\/p>\n<p>&nbsp;<\/p>\n<h5>\ud83d\udce9 Como recebo meu acesso?<\/h5>\n<p>&nbsp;<\/p>\n<p>\u2705 Ap\u00f3s a confirma\u00e7\u00e3o do pagamento, basta clicar em &#8220;Sem \u26a1\ufe0f&#8221; voc\u00ea receber\u00e1 um link de ativa\u00e7\u00e3o no WhatsApp<\/p>\n<p>\u2705 A ativa\u00e7\u00e3o \u00e9 feita diretamente na sua conta Discord<\/p>\n<p>\u2705 Processo r\u00e1pido e simples<\/p>\n<p>\u2705 Suporte dispon\u00edvel em caso de d\u00favidas<\/p>\n<p>&nbsp;<\/p>\n<p>&nbsp;<\/p>\n<p>\u2014\u2014\u2014\u2014\u2014\u2014\u2014\u2014\u2014\u2014\u2014\u2014\u2014\u2014\u2014\u2014\u2014\u2013<\/p>\n<p>&nbsp;<\/p>\n<h5>\ud83c\udf81 O que est\u00e1 incluso?<\/h5>\n<p>&nbsp;<\/p>\n<p>\ud83d\ude80 Discord Nitro \u2013 3 meses<\/p>\n<p>&nbsp;<\/p>\n<p>\u2705 Upload de arquivos maiores<\/p>\n<p>\u2705 Emojis personalizados em qualquer servidor<\/p>\n<p>\u2705 Avatar animado e banner de perfil<\/p>\n<p>\u2705 Melhor qualidade de transmiss\u00e3o de tela<\/p>\n<p>\u2705 Personaliza\u00e7\u00e3o avan\u00e7ada do perfil<\/p>\n<p>\u2705 Benef\u00edcios extras dentro de servidores parceiros<\/p>\n<p>&nbsp;<\/p>\n<p>&nbsp;<\/p>\n<p>\u2014\u2014\u2014\u2014\u2014\u2014\u2014\u2014\u2014\u2014\u2014\u2014\u2014\u2014\u2014\u2014\u2014\u2013<\/p>\n<p>&nbsp;<\/p>\n<h5>\ud83d\udda5\ufe0f\ud83d\udcf1 Compatibilidade<\/h5>\n<p>&nbsp;<\/p>\n<p>\u2714\ufe0f Computador (Windows \/ Mac)<\/p>\n<p>\u2714\ufe0f Navegador<\/p>\n<p>\u2714\ufe0f Android<\/p>\n<p>\u2714\ufe0f iPhone (iOS)<\/p>\n<p>&nbsp;<\/p>\n<p>&nbsp;<\/p>\n<p>\u2014\u2014\u2014\u2014\u2014\u2014\u2014\u2014\u2014\u2014\u2014\u2014\u2014\u2014\u2014\u2014\u2014\u2013<\/p>\n<p>&nbsp;<\/p>\n<h5>\ud83d\udce6 Regras e Condi\u00e7\u00f5es Importantes<\/h5>\n<p>&nbsp;<\/p>\n<p>\u26a0\ufe0f V\u00e1lido apenas para contas que N\u00c3O tiveram Nitro nos \u00faltimos 12 meses<\/p>\n<p>\u26a0\ufe0f A conta deve ter m\u00ednimo de 30 dias de cria\u00e7\u00e3o<\/p>\n<p>\u26a0\ufe0f Produto 100% digital<\/p>\n<p>\u26a0\ufe0f Uso pessoal<\/p>\n<p>\u26a0\ufe0f Proibida a revenda<\/p>\n<p>&nbsp;<\/p>\n<p>&nbsp;<\/p>\n<p>\u2014\u2014\u2014\u2014\u2014\u2014\u2014\u2014\u2014\u2014\u2014\u2014\u2014\u2014\u2014\u2014\u2014\u2013<\/p>\n<p>&nbsp;<\/p>\n<h5>\ud83e\udd1d Suporte e Garantia<\/h5>\n<p>&nbsp;<\/p>\n<p>\u2705 Atendimento para aux\u00edlio na ativa\u00e7\u00e3o<\/p>\n<p>\u2705 Suporte durante o processo de resgate<\/p>\n<p>\u2705 Ajuda r\u00e1pida em caso de erro no resgate do link<\/p>\n<h5><\/h5>\n<h5><\/h5>\n<h5>\u2014\u2014\u2014\u2014\u2014\u2014\u2014\u2014\u2014\u2014\u2014\u2014\u2014\u2014\u2014\u2014\u2014\u2013<\/h5>\n<h5><\/h5>\n<h5>\u2139\ufe0f Observa\u00e7\u00f5es<\/h5>\n<p>&nbsp;<\/p>\n<p>\u25ab\ufe0f A ativa\u00e7\u00e3o \u00e9 feita diretamente na sua conta pessoal<\/p>\n<p>\u25ab\ufe0f Benef\u00edcios v\u00e1lidos por 3 meses ap\u00f3s o resgate<\/p>\n<p>\u25ab\ufe0f Leia todas as regras antes da compra para evitar problemas na ativa\u00e7\u00e3o<\/p>","protected":false},"excerpt":{"rendered":"<p>\ud83c\udfae DISCORD NITRO \u2013 assinatura de 3 meses &nbsp; Tenha acesso ao Discord Nitro por 3 meses e aproveite recursos premium que deixam sua experi\u00eancia no Discord muito mais completa, personalizada e divertida. Ideal para quem usa servidores, joga com amigos ou participa de comunidades. &nbsp; &nbsp; \u2014\u2014\u2014\u2014\u2014\u2014\u2014\u2014\u2014\u2014\u2014\u2014\u2014\u2014\u2014\u2014\u2014\u2013 &nbsp; \u26a0\ufe0f Leia tudo com aten\u00e7\u00e3o para [&hellip;]<\/p>\n","protected":false},"featured_media":10265,"comment_status":"open","ping_status":"closed","template":"","meta":[],"product_brand":[],"product_cat":[100],"product_tag":[],"sistema_operacional":[],"duracao":[161],"plataforma":[176],"outros":[],"entrega":[],"nexuz_flag":[143,142],"class_list":{"0":"post-10255","1":"product","2":"type-product","3":"status-publish","4":"has-post-thumbnail","6":"product_cat-servicos-de-jogos","7":"duracao-3-meses","8":"plataforma-multi","9":"nexuz_flag-mais-avaliados","10":"nexuz_flag-mais-vendidos","12":"first","13":"instock","14":"sale","15":"shipping-taxable","16":"purchasable","17":"product-type-simple","18":"produto-sem-combo"},"jetpack_sharing_enabled":true,"_links":{"self":[{"href":"https:\/\/nexuz-teste.prosperiuz.com\/en\/wp-json\/wp\/v2\/product\/10255","targetHints":{"allow":["GET"]}}],"collection":[{"href":"https:\/\/nexuz-teste.prosperiuz.com\/en\/wp-json\/wp\/v2\/product"}],"about":[{"href":"https:\/\/nexuz-teste.prosperiuz.com\/en\/wp-json\/wp\/v2\/types\/product"}],"replies":[{"embeddable":true,"href":"https:\/\/nexuz-teste.prosperiuz.com\/en\/wp-json\/wp\/v2\/comments?post=10255"}],"version-history":[{"count":2,"href":"https:\/\/nexuz-teste.prosperiuz.com\/en\/wp-json\/wp\/v2\/product\/10255\/revisions"}],"predecessor-version":[{"id":10258,"href":"https:\/\/nexuz-teste.prosperiuz.com\/en\/wp-json\/wp\/v2\/product\/10255\/revisions\/10258"}],"wp:featuredmedia":[{"embeddable":true,"href":"https:\/\/nexuz-teste.prosperiuz.com\/en\/wp-json\/wp\/v2\/media\/10265"}],"wp:attachment":[{"href":"https:\/\/nexuz-teste.prosperiuz.com\/en\/wp-json\/wp\/v2\/media?parent=10255"}],"wp:term":[{"taxonomy":"product_brand","embeddable":true,"href":"https:\/\/nexuz-teste.prosperiuz.com\/en\/wp-json\/wp\/v2\/product_brand?post=10255"},{"taxonomy":"product_cat","embeddable":true,"href":"https:\/\/nexuz-teste.prosperiuz.com\/en\/wp-json\/wp\/v2\/product_cat?post=10255"},{"taxonomy":"product_tag","embeddable":true,"href":"https:\/\/nexuz-teste.prosperiuz.com\/en\/wp-json\/wp\/v2\/product_tag?post=10255"},{"taxonomy":"sistema_operacional","embeddable":true,"href":"https:\/\/nexuz-teste.prosperiuz.com\/en\/wp-json\/wp\/v2\/sistema_operacional?post=10255"},{"taxonomy":"duracao","embeddable":true,"href":"https:\/\/nexuz-teste.prosperiuz.com\/en\/wp-json\/wp\/v2\/duracao?post=10255"},{"taxonomy":"plataforma","embeddable":true,"href":"https:\/\/nexuz-teste.prosperiuz.com\/en\/wp-json\/wp\/v2\/plataforma?post=10255"},{"taxonomy":"outros","embeddable":true,"href":"https:\/\/nexuz-teste.prosperiuz.com\/en\/wp-json\/wp\/v2\/outros?post=10255"},{"taxonomy":"entrega","embeddable":true,"href":"https:\/\/nexuz-teste.prosperiuz.com\/en\/wp-json\/wp\/v2\/entrega?post=10255"},{"taxonomy":"nexuz_flag","embeddable":true,"href":"https:\/\/nexuz-teste.prosperiuz.com\/en\/wp-json\/wp\/v2\/nexuz_flag?post=10255"}],"curies":[{"name":"wp","href":"https:\/\/api.w.org\/{rel}","templated":true}]}}