{"id":10216,"date":"2026-01-13T16:59:25","date_gmt":"2026-01-13T19:59:25","guid":{"rendered":"https:\/\/nexuz.prosperiuz.com\/?post_type=product&#038;p=10216"},"modified":"2026-03-23T01:17:54","modified_gmt":"2026-03-23T04:17:54","slug":"remini-ia","status":"publish","type":"product","link":"https:\/\/nexuz-teste.prosperiuz.com\/en\/acesso\/remini-ia\/","title":{"rendered":"Remini IA"},"content":{"rendered":"<h3>\ud83d\ude80 REMINI PRO \u2013 restaura\u00e7\u00e3o e melhoria de imagens com IA | 7 dias de acesso<\/h3>\n<p>&nbsp;<\/p>\n<p>Tenha acesso ao Remini PRO por 7 dias e transforme fotos antigas, borradas ou pixeladas em imagens n\u00edtidas e cheias de detalhes. Ideal para quem quer recuperar mem\u00f3rias, melhorar retratos ou elevar a qualidade de imagens com poucos cliques usando intelig\u00eancia artificial.<\/p>\n<p>&nbsp;<\/p>\n<p>&nbsp;<\/p>\n<p>\u2014\u2014\u2014\u2014\u2014\u2014\u2014\u2014\u2014\u2014\u2014\u2014\u2014\u2014\u2014\u2014\u2014\u2013<\/p>\n<p>&nbsp;<\/p>\n<h4>\u26a0\ufe0f Leia tudo com aten\u00e7\u00e3o para evitar problemas!<\/h4>\n<p>&nbsp;<\/p>\n<p>As informa\u00e7\u00f5es abaixo explicam como funciona o acesso, o que est\u00e1 incluso e as regras de uso.<\/p>\n<p>&nbsp;<\/p>\n<p>&nbsp;<\/p>\n<p>\u2014\u2014\u2014\u2014\u2014\u2014\u2014\u2014\u2014\u2014\u2014\u2014\u2014\u2014\u2014\u2014\u2014\u2013<\/p>\n<p>&nbsp;<\/p>\n<h5>\ud83d\udce9 Como recebo meu acesso?<\/h5>\n<p>&nbsp;<\/p>\n<p>\u2705 Ap\u00f3s a confirma\u00e7\u00e3o do pagamento, clique em \u201cJ\u00e1 paguei, e meu acesso?\u201d<\/p>\n<p>\u2705 Escolha a op\u00e7\u00e3o \u201cSem \u26a1\ufe0f\u201d<\/p>\n<p>\u2705 Receba login e senha pelo WhatsApp<\/p>\n<p>\u2705 Ativa\u00e7\u00e3o r\u00e1pida e segura<\/p>\n<p>\u2705 Suporte durante os 7 dias de acesso<\/p>\n<p>&nbsp;<\/p>\n<p>&nbsp;<\/p>\n<p>\u2014\u2014\u2014\u2014\u2014\u2014\u2014\u2014\u2014\u2014\u2014\u2014\u2014\u2014\u2014\u2014\u2014\u2013<\/p>\n<p>&nbsp;<\/p>\n<h5>\ud83c\udf81 O que est\u00e1 incluso?<\/h5>\n<p>&nbsp;<\/p>\n<p>\u2705 Acesso ao Remini PRO por 7 dias<\/p>\n<p>\u2705 Melhoria de fotos borradas e pixeladas com alta nitidez<\/p>\n<p>\u2705 Restaura\u00e7\u00e3o de fotos antigas, recuperando detalhes perdidos<\/p>\n<p>\ud83d\udc75\ud83d\udcf7 Ideal para imagens antigas e mem\u00f3rias familiares<\/p>\n<p>\ud83e\udde0 Intelig\u00eancia artificial para resultados autom\u00e1ticos e r\u00e1pidos<\/p>\n<p>\ud83c\udfa8 Realce de tra\u00e7os faciais com apar\u00eancia natural<\/p>\n<p>\ud83d\udcf1 Comparativo antes e depois em tempo real<\/p>\n<p>&nbsp;<\/p>\n<p>\ud83c\udfa5 Aprimoramento de v\u00eddeos dispon\u00edvel em alguns planos<\/p>\n<p>&nbsp;<\/p>\n<p>&nbsp;<\/p>\n<p>\u2014\u2014\u2014\u2014\u2014\u2014\u2014\u2014\u2014\u2014\u2014\u2014\u2014\u2014\u2014\u2014\u2014\u2013<\/p>\n<p>&nbsp;<\/p>\n<h5>\ud83c\udf10 Compatibilidade<\/h5>\n<p>&nbsp;<\/p>\n<p>\u2714\ufe0f Dispon\u00edvel apenas para Web<\/p>\n<p>\u2714\ufe0f Funciona em navegadores de PC, notebook e celular<\/p>\n<p>&nbsp;<\/p>\n<p>&nbsp;<\/p>\n<p>\u2014\u2014\u2014\u2014\u2014\u2014\u2014\u2014\u2014\u2014\u2014\u2014\u2014\u2014\u2014\u2014\u2014\u2013<\/p>\n<p>&nbsp;<\/p>\n<h5>\ud83d\udce6 Regras e Condi\u00e7\u00f5es Importantes<\/h5>\n<p>&nbsp;<\/p>\n<p>\u26a0\ufe0f Produto 100% digital<\/p>\n<p>\u26a0\ufe0f Uso pessoal<\/p>\n<p>\u26a0\ufe0f Proibida a revenda<\/p>\n<p>\u26a0\ufe0f N\u00e3o alterar dados da conta (quando acesso compartilhado)<\/p>\n<p>&nbsp;<\/p>\n<p>&nbsp;<\/p>\n<h5>\u2014\u2014\u2014\u2014\u2014\u2014\u2014\u2014\u2014\u2014\u2014\u2014\u2014\u2014\u2014\u2014\u2014\u2013<\/h5>\n<h5><\/h5>\n<h5>\ud83e\udd1d Suporte e Garantia<\/h5>\n<p>&nbsp;<\/p>\n<p>\u2705 Suporte via WhatsApp<\/p>\n<p>\u2705 Garantia de acesso durante os 7 dias contratados<\/p>\n<p>\u2705 Ajuda r\u00e1pida em caso de d\u00favidas ou erros<\/p>\n<p>&nbsp;<\/p>\n<p>&nbsp;<\/p>\n<p>\u2014\u2014\u2014\u2014\u2014\u2014\u2014\u2014\u2014\u2014\u2014\u2014\u2014\u2014\u2014\u2014\u2014\u2013<\/p>\n<p>&nbsp;<\/p>\n<h5>\u2139\ufe0f Observa\u00e7\u00f5es<\/h5>\n<p>&nbsp;<\/p>\n<p>\u25ab\ufe0f Resultados variam conforme a qualidade da imagem original<\/p>\n<p>\u25ab\ufe0f Ideal para fotos antigas, redes sociais e retratos<\/p>\n<p>\u25ab\ufe0f Leia todas as informa\u00e7\u00f5es antes da compra para evitar imprevistos<\/p>\n<p>&nbsp;<\/p>","protected":false},"excerpt":{"rendered":"<p>\ud83d\ude80 REMINI PRO \u2013 restaura\u00e7\u00e3o e melhoria de imagens com IA | 7 dias de acesso &nbsp; Tenha acesso ao Remini PRO por 7 dias e transforme fotos antigas, borradas ou pixeladas em imagens n\u00edtidas e cheias de detalhes. Ideal para quem quer recuperar mem\u00f3rias, melhorar retratos ou elevar a qualidade de imagens com poucos [&hellip;]<\/p>\n","protected":false},"featured_media":10232,"comment_status":"open","ping_status":"closed","template":"","meta":[],"product_brand":[],"product_cat":[97],"product_tag":[],"sistema_operacional":[],"duracao":[159],"plataforma":[176],"outros":[],"entrega":[],"nexuz_flag":[143,142],"class_list":{"0":"post-10216","1":"product","2":"type-product","3":"status-publish","4":"has-post-thumbnail","6":"product_cat-edicao-e-design","7":"duracao-7-dias","8":"plataforma-multi","9":"nexuz_flag-mais-avaliados","10":"nexuz_flag-mais-vendidos","12":"first","13":"instock","14":"sale","15":"shipping-taxable","16":"purchasable","17":"product-type-simple","18":"produto-sem-combo"},"jetpack_sharing_enabled":true,"_links":{"self":[{"href":"https:\/\/nexuz-teste.prosperiuz.com\/en\/wp-json\/wp\/v2\/product\/10216","targetHints":{"allow":["GET"]}}],"collection":[{"href":"https:\/\/nexuz-teste.prosperiuz.com\/en\/wp-json\/wp\/v2\/product"}],"about":[{"href":"https:\/\/nexuz-teste.prosperiuz.com\/en\/wp-json\/wp\/v2\/types\/product"}],"replies":[{"embeddable":true,"href":"https:\/\/nexuz-teste.prosperiuz.com\/en\/wp-json\/wp\/v2\/comments?post=10216"}],"version-history":[{"count":1,"href":"https:\/\/nexuz-teste.prosperiuz.com\/en\/wp-json\/wp\/v2\/product\/10216\/revisions"}],"predecessor-version":[{"id":10217,"href":"https:\/\/nexuz-teste.prosperiuz.com\/en\/wp-json\/wp\/v2\/product\/10216\/revisions\/10217"}],"wp:featuredmedia":[{"embeddable":true,"href":"https:\/\/nexuz-teste.prosperiuz.com\/en\/wp-json\/wp\/v2\/media\/10232"}],"wp:attachment":[{"href":"https:\/\/nexuz-teste.prosperiuz.com\/en\/wp-json\/wp\/v2\/media?parent=10216"}],"wp:term":[{"taxonomy":"product_brand","embeddable":true,"href":"https:\/\/nexuz-teste.prosperiuz.com\/en\/wp-json\/wp\/v2\/product_brand?post=10216"},{"taxonomy":"product_cat","embeddable":true,"href":"https:\/\/nexuz-teste.prosperiuz.com\/en\/wp-json\/wp\/v2\/product_cat?post=10216"},{"taxonomy":"product_tag","embeddable":true,"href":"https:\/\/nexuz-teste.prosperiuz.com\/en\/wp-json\/wp\/v2\/product_tag?post=10216"},{"taxonomy":"sistema_operacional","embeddable":true,"href":"https:\/\/nexuz-teste.prosperiuz.com\/en\/wp-json\/wp\/v2\/sistema_operacional?post=10216"},{"taxonomy":"duracao","embeddable":true,"href":"https:\/\/nexuz-teste.prosperiuz.com\/en\/wp-json\/wp\/v2\/duracao?post=10216"},{"taxonomy":"plataforma","embeddable":true,"href":"https:\/\/nexuz-teste.prosperiuz.com\/en\/wp-json\/wp\/v2\/plataforma?post=10216"},{"taxonomy":"outros","embeddable":true,"href":"https:\/\/nexuz-teste.prosperiuz.com\/en\/wp-json\/wp\/v2\/outros?post=10216"},{"taxonomy":"entrega","embeddable":true,"href":"https:\/\/nexuz-teste.prosperiuz.com\/en\/wp-json\/wp\/v2\/entrega?post=10216"},{"taxonomy":"nexuz_flag","embeddable":true,"href":"https:\/\/nexuz-teste.prosperiuz.com\/en\/wp-json\/wp\/v2\/nexuz_flag?post=10216"}],"curies":[{"name":"wp","href":"https:\/\/api.w.org\/{rel}","templated":true}]}}