{"id":10207,"date":"2026-01-11T20:34:03","date_gmt":"2026-01-11T23:34:03","guid":{"rendered":"https:\/\/nexuz.prosperiuz.com\/?post_type=product&#038;p=10207"},"modified":"2026-03-23T01:20:13","modified_gmt":"2026-03-23T04:20:13","slug":"githubcopilot","status":"publish","type":"product","link":"https:\/\/nexuz-teste.prosperiuz.com\/en\/acesso\/githubcopilot\/","title":{"rendered":"GitHub Copilot \u2022 PRO"},"content":{"rendered":"<h3>\ud83d\ude80 GITHUB COPILOT PRO \u2013 assistente de programa\u00e7\u00e3o com IA avan\u00e7ada<\/h3>\n<p>&nbsp;<\/p>\n<p>Tenha acesso ao GitHub Copilot Pro, a ferramenta oficial de IA da GitHub que auxilia desenvolvedores a escrever c\u00f3digo mais r\u00e1pido, com mais qualidade e menos esfor\u00e7o. Ideal para estudantes, programadores, freelancers e profissionais de tecnologia.<\/p>\n<p>&nbsp;<\/p>\n<p>&nbsp;<\/p>\n<p>\u2014\u2014\u2014\u2014\u2014\u2014\u2014\u2014\u2014\u2014\u2014\u2014\u2014\u2014\u2014\u2014\u2014\u2013<\/p>\n<p>&nbsp;<\/p>\n<p>\u26a0\ufe0f Leia tudo com aten\u00e7\u00e3o para evitar problemas!<\/p>\n<p>&nbsp;<\/p>\n<p>As informa\u00e7\u00f5es abaixo explicam como funciona o acesso, o que est\u00e1 incluso e as regras de uso.<\/p>\n<p>&nbsp;<\/p>\n<p>&nbsp;<\/p>\n<p>\u2014\u2014\u2014\u2014\u2014\u2014\u2014\u2014\u2014\u2014\u2014\u2014\u2014\u2014\u2014\u2014\u2014\u2013<\/p>\n<p>&nbsp;<\/p>\n<p>\ud83d\udce9 Como recebo meu acesso?<\/p>\n<p>&nbsp;<\/p>\n<p>\u2705 Ap\u00f3s a confirma\u00e7\u00e3o do pagamento, clique em \u201cJ\u00e1 paguei, e meu acesso?\u201d<\/p>\n<p>\u2705 Escolha a op\u00e7\u00e3o \u201cSem \u26a1\ufe0f\u201d<\/p>\n<p>\u2705 Receba os dados de acesso pelo WhatsApp<\/p>\n<p>\u2705 Entrega manual super r\u00e1pida<\/p>\n<p>\u2705 Conta criada exclusivamente para voc\u00ea<\/p>\n<p>&nbsp;<\/p>\n<p>&nbsp;<\/p>\n<p>\u2014\u2014\u2014\u2014\u2014\u2014\u2014\u2014\u2014\u2014\u2014\u2014\u2014\u2014\u2014\u2014\u2014\u2013<\/p>\n<p>&nbsp;<\/p>\n<p>\ud83c\udf81 O que est\u00e1 incluso?<\/p>\n<p>&nbsp;<\/p>\n<p>\u2705 GitHub Copilot Pro (Premium)<\/p>\n<p>\u2705 Conta individual, privada e exclusiva<\/p>\n<p>\u2705 30 dias de acesso garantido<\/p>\n<p>\u2705 Sugest\u00f5es de c\u00f3digo em tempo real<\/p>\n<p>\u2705 Autocompletar inteligente para dezenas de linguagens<\/p>\n<p>\u2705 Integra\u00e7\u00e3o com VS Code, JetBrains, Neovim e outros editores<\/p>\n<p>\u2705 Acesso aos recursos avan\u00e7ados do Copilot Pro<\/p>\n<p>&nbsp;<\/p>\n<p>&nbsp;<\/p>\n<p>\u2014\u2014\u2014\u2014\u2014\u2014\u2014\u2014\u2014\u2014\u2014\u2014\u2014\u2014\u2014\u2014\u2014\u2013<\/p>\n<p>&nbsp;<\/p>\n<p>\ud83d\udda5\ufe0f Compatibilidade<\/p>\n<p>&nbsp;<\/p>\n<p>\u2714\ufe0f VS Code<\/p>\n<p>\u2714\ufe0f JetBrains (IntelliJ, PyCharm, WebStorm, etc.)<\/p>\n<p>\u2714\ufe0f Neovim<\/p>\n<p>\u2714\ufe0f GitHub Web<\/p>\n<p>&nbsp;<\/p>\n<p>&nbsp;<\/p>\n<p>\u2014\u2014\u2014\u2014\u2014\u2014\u2014\u2014\u2014\u2014\u2014\u2014\u2014\u2014\u2014\u2014\u2014\u2013<\/p>\n<p>&nbsp;<\/p>\n<p>\ud83d\udce6 Regras e Condi\u00e7\u00f5es Importantes<\/p>\n<p>&nbsp;<\/p>\n<p>\u26a0\ufe0f Conta 100% privada \u2014 uso exclusivo do comprador<\/p>\n<p>\u26a0\ufe0f Voc\u00ea pode alterar senha e e-mail livremente<\/p>\n<p>\u26a0\ufe0f Revenda proibida<\/p>\n<p>\u26a0\ufe0f Produto digital \u2014 n\u00e3o h\u00e1 envio f\u00edsico<\/p>\n<p>&nbsp;<\/p>\n<p>&nbsp;<\/p>\n<p>\u2014\u2014\u2014\u2014\u2014\u2014\u2014\u2014\u2014\u2014\u2014\u2014\u2014\u2014\u2014\u2014\u2014\u2013<\/p>\n<p>&nbsp;<\/p>\n<p>\ud83e\udd1d Suporte e Garantia<\/p>\n<p>&nbsp;<\/p>\n<p>\u2705 Suporte via WhatsApp<\/p>\n<p>\u2705 Garantia de 30 dias de acesso<\/p>\n<p>\u2705 Assist\u00eancia em caso de d\u00favidas ou problemas iniciais<\/p>\n<p>&nbsp;<\/p>\n<p>&nbsp;<\/p>\n<p>\u2014\u2014\u2014\u2014\u2014\u2014\u2014\u2014\u2014\u2014\u2014\u2014\u2014\u2014\u2014\u2014\u2014\u2013<\/p>\n<p>&nbsp;<\/p>\n<h5>\u2139\ufe0f Observa\u00e7\u00f5es<\/h5>\n<p>&nbsp;<\/p>\n<p>\u25ab\ufe0f Ideal para acelerar projetos e estudos em programa\u00e7\u00e3o<\/p>\n<p>\u25ab\ufe0f Excelente para front-end, back-end, mobile, scripts e automa\u00e7\u00f5es<\/p>\n<p>\u25ab\ufe0f Recomendado para quem busca produtividade profissional com IA<\/p>","protected":false},"excerpt":{"rendered":"<p>\ud83d\ude80 GITHUB COPILOT PRO \u2013 assistente de programa\u00e7\u00e3o com IA avan\u00e7ada &nbsp; Tenha acesso ao GitHub Copilot Pro, a ferramenta oficial de IA da GitHub que auxilia desenvolvedores a escrever c\u00f3digo mais r\u00e1pido, com mais qualidade e menos esfor\u00e7o. Ideal para estudantes, programadores, freelancers e profissionais de tecnologia. &nbsp; &nbsp; \u2014\u2014\u2014\u2014\u2014\u2014\u2014\u2014\u2014\u2014\u2014\u2014\u2014\u2014\u2014\u2014\u2014\u2013 &nbsp; \u26a0\ufe0f Leia tudo [&hellip;]<\/p>\n","protected":false},"featured_media":10211,"comment_status":"open","ping_status":"closed","template":"","meta":[],"product_brand":[],"product_cat":[96],"product_tag":[],"sistema_operacional":[],"duracao":[160],"plataforma":[168],"outros":[],"entrega":[],"nexuz_flag":[143,142],"class_list":{"0":"post-10207","1":"product","2":"type-product","3":"status-publish","4":"has-post-thumbnail","6":"product_cat-inteligencia-artificial","7":"duracao-30-dias","8":"plataforma-plugin","9":"nexuz_flag-mais-avaliados","10":"nexuz_flag-mais-vendidos","12":"first","13":"instock","14":"sale","15":"shipping-taxable","16":"purchasable","17":"product-type-simple","18":"produto-sem-combo"},"jetpack_sharing_enabled":true,"_links":{"self":[{"href":"https:\/\/nexuz-teste.prosperiuz.com\/en\/wp-json\/wp\/v2\/product\/10207","targetHints":{"allow":["GET"]}}],"collection":[{"href":"https:\/\/nexuz-teste.prosperiuz.com\/en\/wp-json\/wp\/v2\/product"}],"about":[{"href":"https:\/\/nexuz-teste.prosperiuz.com\/en\/wp-json\/wp\/v2\/types\/product"}],"replies":[{"embeddable":true,"href":"https:\/\/nexuz-teste.prosperiuz.com\/en\/wp-json\/wp\/v2\/comments?post=10207"}],"version-history":[{"count":3,"href":"https:\/\/nexuz-teste.prosperiuz.com\/en\/wp-json\/wp\/v2\/product\/10207\/revisions"}],"predecessor-version":[{"id":12334,"href":"https:\/\/nexuz-teste.prosperiuz.com\/en\/wp-json\/wp\/v2\/product\/10207\/revisions\/12334"}],"wp:featuredmedia":[{"embeddable":true,"href":"https:\/\/nexuz-teste.prosperiuz.com\/en\/wp-json\/wp\/v2\/media\/10211"}],"wp:attachment":[{"href":"https:\/\/nexuz-teste.prosperiuz.com\/en\/wp-json\/wp\/v2\/media?parent=10207"}],"wp:term":[{"taxonomy":"product_brand","embeddable":true,"href":"https:\/\/nexuz-teste.prosperiuz.com\/en\/wp-json\/wp\/v2\/product_brand?post=10207"},{"taxonomy":"product_cat","embeddable":true,"href":"https:\/\/nexuz-teste.prosperiuz.com\/en\/wp-json\/wp\/v2\/product_cat?post=10207"},{"taxonomy":"product_tag","embeddable":true,"href":"https:\/\/nexuz-teste.prosperiuz.com\/en\/wp-json\/wp\/v2\/product_tag?post=10207"},{"taxonomy":"sistema_operacional","embeddable":true,"href":"https:\/\/nexuz-teste.prosperiuz.com\/en\/wp-json\/wp\/v2\/sistema_operacional?post=10207"},{"taxonomy":"duracao","embeddable":true,"href":"https:\/\/nexuz-teste.prosperiuz.com\/en\/wp-json\/wp\/v2\/duracao?post=10207"},{"taxonomy":"plataforma","embeddable":true,"href":"https:\/\/nexuz-teste.prosperiuz.com\/en\/wp-json\/wp\/v2\/plataforma?post=10207"},{"taxonomy":"outros","embeddable":true,"href":"https:\/\/nexuz-teste.prosperiuz.com\/en\/wp-json\/wp\/v2\/outros?post=10207"},{"taxonomy":"entrega","embeddable":true,"href":"https:\/\/nexuz-teste.prosperiuz.com\/en\/wp-json\/wp\/v2\/entrega?post=10207"},{"taxonomy":"nexuz_flag","embeddable":true,"href":"https:\/\/nexuz-teste.prosperiuz.com\/en\/wp-json\/wp\/v2\/nexuz_flag?post=10207"}],"curies":[{"name":"wp","href":"https:\/\/api.w.org\/{rel}","templated":true}]}}