{"id":10204,"date":"2026-01-11T20:26:44","date_gmt":"2026-01-11T23:26:44","guid":{"rendered":"https:\/\/nexuz.prosperiuz.com\/?post_type=product&#038;p=10204"},"modified":"2026-03-23T01:21:09","modified_gmt":"2026-03-23T04:21:09","slug":"voicemod","status":"publish","type":"product","link":"https:\/\/nexuz-teste.prosperiuz.com\/en\/acesso\/voicemod\/","title":{"rendered":"Voicemod"},"content":{"rendered":"<h3>\ud83d\ude80 VOICEMOD PRO \u2013 vozes, efeitos e divers\u00e3o liberada<\/h3>\n<p>&nbsp;<\/p>\n<p>Tenha acesso ao VoiceMod PRO, a ferramenta mais popular para modificar voz em tempo real, adicionar efeitos sonoros, memes e vozes exclusivas para jogos, lives, chamadas e cria\u00e7\u00e3o de conte\u00fado. Ideal para quem quer deixar a jogatina e as transmiss\u00f5es muito mais divertidas.<\/p>\n<p>&nbsp;<\/p>\n<p>&nbsp;<\/p>\n<p>\u2014\u2014\u2014\u2014\u2014\u2014\u2014\u2014\u2014\u2014\u2014\u2014\u2014\u2014\u2014\u2014\u2014\u2013<\/p>\n<p>&nbsp;<\/p>\n<h4>\u26a0\ufe0f Leia tudo com aten\u00e7\u00e3o para evitar problemas!<\/h4>\n<p>&nbsp;<\/p>\n<p>As informa\u00e7\u00f5es abaixo explicam como funciona o acesso, o que est\u00e1 incluso e as regras de uso.<\/p>\n<p>&nbsp;<\/p>\n<p>&nbsp;<\/p>\n<p>\u2014\u2014\u2014\u2014\u2014\u2014\u2014\u2014\u2014\u2014\u2014\u2014\u2014\u2014\u2014\u2014\u2014\u2013<\/p>\n<p>&nbsp;<\/p>\n<h5>\ud83d\udce9 Como recebo meu acesso?<\/h5>\n<p>&nbsp;<\/p>\n<p>\u2705 Ap\u00f3s a confirma\u00e7\u00e3o do pagamento, clique em \u201cJ\u00e1 paguei, e meu acesso?\u201d<\/p>\n<p>\u2705 Escolha a op\u00e7\u00e3o \u201cSem \u26a1\ufe0f\u201d<\/p>\n<p>\u2705 Receba os dados de acesso pelo WhatsApp<\/p>\n<p>\u2705 Ativa\u00e7\u00e3o r\u00e1pida e acompanhada<\/p>\n<p>\u2705 Suporte dispon\u00edvel durante todo o per\u00edodo<\/p>\n<p>&nbsp;<\/p>\n<p>&nbsp;<\/p>\n<p>\u2014\u2014\u2014\u2014\u2014\u2014\u2014\u2014\u2014\u2014\u2014\u2014\u2014\u2014\u2014\u2014\u2014\u2013<\/p>\n<p>&nbsp;<\/p>\n<h5>\ud83c\udf81 O que est\u00e1 incluso?<\/h5>\n<p>&nbsp;<\/p>\n<p>\u2705 VoiceMod PRO<\/p>\n<p>\u2705 Todos os efeitos desbloqueados<\/p>\n<p>\u2705 Mais de 200 vozes, efeitos e memes<\/p>\n<p>\u2705 Modifica\u00e7\u00e3o de voz em tempo real<\/p>\n<p>\u2705 Soundboard completo para jogos e chamadas<\/p>\n<p>\u2705 Ideal para jogos, Discord, lives, streams e grava\u00e7\u00f5es<\/p>\n<p>&nbsp;<\/p>\n<p>&nbsp;<\/p>\n<p>\u2014\u2014\u2014\u2014\u2014\u2014\u2014\u2014\u2014\u2014\u2014\u2014\u2014\u2014\u2014\u2014\u2014\u2013<\/p>\n<p>&nbsp;<\/p>\n<h5>\ud83d\udda5\ufe0f Compatibilidade<\/h5>\n<p>&nbsp;<\/p>\n<p>\u2714\ufe0f Computadores (PC)<\/p>\n<p>\u2714\ufe0f Celulares<\/p>\n<p>\u2714\ufe0f Android<\/p>\n<p>\u2714\ufe0f iPhone<\/p>\n<p>\u2714\ufe0f Compat\u00edvel com jogos, Discord, apps de voz e streaming<\/p>\n<p>&nbsp;<\/p>\n<p>&nbsp;<\/p>\n<p>\u2014\u2014\u2014\u2014\u2014\u2014\u2014\u2014\u2014\u2014\u2014\u2014\u2014\u2014\u2014\u2014\u2014\u2013<\/p>\n<p>&nbsp;<\/p>\n<h5>\ud83d\udce6 Regras e Condi\u00e7\u00f5es Importantes<\/h5>\n<p>&nbsp;<\/p>\n<p>\u26a0\ufe0f Conta compartilhada<\/p>\n<p>\u26a0\ufe0f O VoiceMod n\u00e3o sofre interfer\u00eancia entre usu\u00e1rios<\/p>\n<p>\u26a0\ufe0f Uso permitido sem risco de conflito<\/p>\n<p>\u26a0\ufe0f Proibida a revenda<\/p>\n<p>\u26a0\ufe0f Produto 100% digital<\/p>\n<p>&nbsp;<\/p>\n<p>&nbsp;<\/p>\n<p>\u2014\u2014\u2014\u2014\u2014\u2014\u2014\u2014\u2014\u2014\u2014\u2014\u2014\u2014\u2014\u2014\u2014\u2013<\/p>\n<p>&nbsp;<\/p>\n<h5>\ud83e\udd1d Suporte e Garantia<\/h5>\n<p>&nbsp;<\/p>\n<p>\ud83d\udee1\ufe0f Garantia de 30 dias de acesso<\/p>\n<p>\u2705 Suporte direto via WhatsApp<\/p>\n<p>\u2705 Ajuda r\u00e1pida para ativa\u00e7\u00e3o e uso<\/p>\n<p>&nbsp;<\/p>\n<p>&nbsp;<\/p>\n<p>\u2014\u2014\u2014\u2014\u2014\u2014\u2014\u2014\u2014\u2014\u2014\u2014\u2014\u2014\u2014\u2014\u2014\u2013<\/p>\n<p>&nbsp;<\/p>\n<h5>\u2139\ufe0f Observa\u00e7\u00f5es<\/h5>\n<p>&nbsp;<\/p>\n<p>\u25ab\ufe0f Ideal para quem quer se divertir em jogos e chamadas<\/p>\n<p>\u25ab\ufe0f Excelente para criadores de conte\u00fado e streamers<\/p>\n<p>\u25ab\ufe0f Leia todas as informa\u00e7\u00f5es antes da compra para evitar imprevistos<\/p>","protected":false},"excerpt":{"rendered":"<p>\ud83d\ude80 VOICEMOD PRO \u2013 vozes, efeitos e divers\u00e3o liberada &nbsp; Tenha acesso ao VoiceMod PRO, a ferramenta mais popular para modificar voz em tempo real, adicionar efeitos sonoros, memes e vozes exclusivas para jogos, lives, chamadas e cria\u00e7\u00e3o de conte\u00fado. Ideal para quem quer deixar a jogatina e as transmiss\u00f5es muito mais divertidas. &nbsp; &nbsp; [&hellip;]<\/p>\n","protected":false},"featured_media":10394,"comment_status":"open","ping_status":"closed","template":"","meta":[],"product_brand":[],"product_cat":[96],"product_tag":[],"sistema_operacional":[],"duracao":[160],"plataforma":[169],"outros":[],"entrega":[],"nexuz_flag":[143,142],"class_list":{"0":"post-10204","1":"product","2":"type-product","3":"status-publish","4":"has-post-thumbnail","6":"product_cat-inteligencia-artificial","7":"duracao-30-dias","8":"plataforma-programa","9":"nexuz_flag-mais-avaliados","10":"nexuz_flag-mais-vendidos","12":"first","13":"instock","14":"sale","15":"shipping-taxable","16":"purchasable","17":"product-type-simple","18":"produto-sem-combo"},"jetpack_sharing_enabled":true,"_links":{"self":[{"href":"https:\/\/nexuz-teste.prosperiuz.com\/en\/wp-json\/wp\/v2\/product\/10204","targetHints":{"allow":["GET"]}}],"collection":[{"href":"https:\/\/nexuz-teste.prosperiuz.com\/en\/wp-json\/wp\/v2\/product"}],"about":[{"href":"https:\/\/nexuz-teste.prosperiuz.com\/en\/wp-json\/wp\/v2\/types\/product"}],"replies":[{"embeddable":true,"href":"https:\/\/nexuz-teste.prosperiuz.com\/en\/wp-json\/wp\/v2\/comments?post=10204"}],"version-history":[{"count":1,"href":"https:\/\/nexuz-teste.prosperiuz.com\/en\/wp-json\/wp\/v2\/product\/10204\/revisions"}],"predecessor-version":[{"id":10206,"href":"https:\/\/nexuz-teste.prosperiuz.com\/en\/wp-json\/wp\/v2\/product\/10204\/revisions\/10206"}],"wp:featuredmedia":[{"embeddable":true,"href":"https:\/\/nexuz-teste.prosperiuz.com\/en\/wp-json\/wp\/v2\/media\/10394"}],"wp:attachment":[{"href":"https:\/\/nexuz-teste.prosperiuz.com\/en\/wp-json\/wp\/v2\/media?parent=10204"}],"wp:term":[{"taxonomy":"product_brand","embeddable":true,"href":"https:\/\/nexuz-teste.prosperiuz.com\/en\/wp-json\/wp\/v2\/product_brand?post=10204"},{"taxonomy":"product_cat","embeddable":true,"href":"https:\/\/nexuz-teste.prosperiuz.com\/en\/wp-json\/wp\/v2\/product_cat?post=10204"},{"taxonomy":"product_tag","embeddable":true,"href":"https:\/\/nexuz-teste.prosperiuz.com\/en\/wp-json\/wp\/v2\/product_tag?post=10204"},{"taxonomy":"sistema_operacional","embeddable":true,"href":"https:\/\/nexuz-teste.prosperiuz.com\/en\/wp-json\/wp\/v2\/sistema_operacional?post=10204"},{"taxonomy":"duracao","embeddable":true,"href":"https:\/\/nexuz-teste.prosperiuz.com\/en\/wp-json\/wp\/v2\/duracao?post=10204"},{"taxonomy":"plataforma","embeddable":true,"href":"https:\/\/nexuz-teste.prosperiuz.com\/en\/wp-json\/wp\/v2\/plataforma?post=10204"},{"taxonomy":"outros","embeddable":true,"href":"https:\/\/nexuz-teste.prosperiuz.com\/en\/wp-json\/wp\/v2\/outros?post=10204"},{"taxonomy":"entrega","embeddable":true,"href":"https:\/\/nexuz-teste.prosperiuz.com\/en\/wp-json\/wp\/v2\/entrega?post=10204"},{"taxonomy":"nexuz_flag","embeddable":true,"href":"https:\/\/nexuz-teste.prosperiuz.com\/en\/wp-json\/wp\/v2\/nexuz_flag?post=10204"}],"curies":[{"name":"wp","href":"https:\/\/api.w.org\/{rel}","templated":true}]}}