{"id":10181,"date":"2026-01-08T12:27:41","date_gmt":"2026-01-08T15:27:41","guid":{"rendered":"https:\/\/nexuz.prosperiuz.com\/?post_type=product&#038;p=10181"},"modified":"2026-03-16T05:03:45","modified_gmt":"2026-03-16T08:03:45","slug":"ativador-windows-10-11","status":"publish","type":"product","link":"https:\/\/nexuz-teste.prosperiuz.com\/en\/acesso\/ativador-windows-10-11\/","title":{"rendered":"Ativador Windows 10\/11"},"content":{"rendered":"<h3>\u26a1 Ativador Windows 10\/11 \u2013 Ativa\u00e7\u00e3o Permanente e Licenciamento Digital<\/h3>\n<p>&nbsp;<\/p>\n<p>Tenha acesso \u00e0 ativa\u00e7\u00e3o completa do seu sistema operacional profissionalmente, sendo a solu\u00e7\u00e3o definitiva para desbloquear todos os recursos do Windows 10 e 11. O ativador permite desde a personaliza\u00e7\u00e3o total do sistema (temas, cores e papel de parede) at\u00e9 a remo\u00e7\u00e3o definitiva da marca d&#8217;\u00e1gua &#8220;Ativar o Windows&#8221;, garantindo que seu computador receba todas as atualiza\u00e7\u00f5es de seguran\u00e7a oficiais via Windows Update, mantendo o sistema est\u00e1vel, leg\u00edtimo e com desempenho otimizado para trabalho ou jogos.<\/p>\n<p>&nbsp;<\/p>\n<p>&nbsp;<\/p>\n<p>&#8212;&#8212;&#8212;&#8212;&#8212;&#8212;&#8212;&#8212;&#8212;&#8212;&#8212;&#8212;&#8212;&#8212;&#8212;&#8212;&#8212;&#8211;<\/p>\n<p>&nbsp;<\/p>\n<h4>\u26a0\ufe0f Leia tudo com aten\u00e7\u00e3o para evitar problemas!<\/h4>\n<p>&nbsp;<\/p>\n<p>As informa\u00e7\u00f5es abaixo explicam como voc\u00ea recebe o acesso, o que est\u00e1 incluso e como usar corretamente.<\/p>\n<p>&nbsp;<\/p>\n<p>&nbsp;<\/p>\n<p>&#8212;&#8212;&#8212;&#8212;&#8212;&#8212;&#8212;&#8212;&#8212;&#8212;&#8212;&#8212;&#8212;&#8212;&#8212;&#8212;&#8212;&#8211;<\/p>\n<p>&nbsp;<\/p>\n<h5>\ud83d\udce9 Como recebo meu acesso?<\/h5>\n<p>&nbsp;<\/p>\n<p>\u2705 Ap\u00f3s a confirma\u00e7\u00e3o do pagamento, clique em \u201cJ\u00e1 paguei, e meu acesso?\u201d<\/p>\n<p>\u2705 Escolha a op\u00e7\u00e3o \u201cCom \u26a1\ufe0f\u201d<\/p>\n<p>\u2705 Voc\u00ea vai pra um p\u00e1gina de download onde baixa, extrai os arquivos, ler o tutorial e faz a instala\u00e7\u00e3o e ativa\u00e7\u00e3o.<\/p>\n<p>&nbsp;<\/p>\n<p>&nbsp;<\/p>\n<p>&#8212;&#8212;&#8212;&#8212;&#8212;&#8212;&#8212;&#8212;&#8212;&#8212;&#8212;&#8212;&#8212;&#8212;&#8212;&#8212;&#8212;&#8211;<\/p>\n<p>&nbsp;<\/p>\n<h5>\ud83c\udf81 O que est\u00e1 incluso?<\/h5>\n<p>&nbsp;<\/p>\n<p>\u2705 Licen\u00e7a Digital Permanente (HWID): Ativa\u00e7\u00e3o que fica vinculada \u00e0 placa-m\u00e3e do PC para sempre.<\/p>\n<p>\u2705 Suporte a Vers\u00f5es Pro e Home: Funciona em todas as edi\u00e7\u00f5es do Windows 10 e 11.<\/p>\n<p>\u2705 Remo\u00e7\u00e3o de Restri\u00e7\u00f5es: Desbloqueia menus de personaliza\u00e7\u00e3o e configura\u00e7\u00f5es de conta.<\/p>\n<p>\u2705 Sistema 100% Atualiz\u00e1vel: Voc\u00ea pode baixar todas as atualiza\u00e7\u00f5es da Microsoft sem risco de perder a ativa\u00e7\u00e3o.<\/p>\n<p>\u2705 Sem V\u00edrus ou Malwares: Ferramenta limpa, baseada em scripts de c\u00f3digo aberto e seguros.<\/p>\n<p>\u2705 Ativa\u00e7\u00e3o do Microsoft Store: Permite baixar apps e jogos da loja oficial sem erros.<\/p>\n<p>&nbsp;<\/p>\n<p>&nbsp;<\/p>\n<p>&nbsp;<\/p>\n<p>&#8212;&#8212;&#8212;&#8212;&#8212;&#8212;&#8212;&#8212;&#8212;&#8212;&#8212;&#8212;&#8212;&#8212;&#8212;&#8212;&#8212;&#8211;<\/p>\n<p>&nbsp;<\/p>\n<h5>\ud83d\udce6 Plano Dispon\u00edvel<\/h5>\n<p>&nbsp;<\/p>\n<h5>\ud83d\uddd3\ufe0f Assinatura Vers\u00e3o<\/h5>\n<p>&nbsp;<\/p>\n<p>\u2705 Compra acesso a licen\u00e7a de ativa\u00e7\u00e3o windows 10-11<\/p>\n<p>\u2705 Ativa\u00e7\u00e3o r\u00e1pida via login\/senha<\/p>\n<p>\u2705 Suporte ativo para qualquer ajuda<\/p>\n<p>&nbsp;<\/p>\n<p>&nbsp;<\/p>\n<p>&#8212;&#8212;&#8212;&#8212;&#8212;&#8212;&#8212;&#8212;&#8212;&#8212;&#8212;&#8212;&#8212;&#8212;&#8212;&#8212;&#8212;&#8211;<\/p>\n<p>&nbsp;<\/p>\n<h5>\ud83d\udda5\ufe0f Qualidade e Compatibilidade<\/h5>\n<p>&nbsp;<\/p>\n<p>\u2705 Funciona em Windows e macOS<\/p>\n<p>\u2705 Permite instala\u00e7\u00e3o em PC e notebook<\/p>\n<p>\u2705 Interface profissional com ferramentas completas<\/p>\n<p>\u2705 Armazenamento integrado (dependendo do plano)<\/p>\n<p>&nbsp;<\/p>\n<p>&nbsp;<\/p>\n<p>&#8212;&#8212;&#8212;&#8212;&#8212;&#8212;&#8212;&#8212;&#8212;&#8212;&#8212;&#8212;&#8212;&#8212;&#8212;&#8212;&#8212;&#8211;<\/p>\n<p>&nbsp;<\/p>\n<h5>\ud83e\udd1d Suporte e Garantia<\/h5>\n<p>&nbsp;<\/p>\n<p>\u2705 Atendimento direto via WhatsApp<\/p>\n<p>\u2705 Garantia de acesso durante todo o per\u00edodo contratado<\/p>\n<p>\u2705 Ajuda r\u00e1pida em caso de d\u00favidas ou falhas<\/p>\n<p>&nbsp;<\/p>\n<p>&nbsp;<\/p>\n<p>&#8212;&#8212;&#8212;&#8212;&#8212;&#8212;&#8212;&#8212;&#8212;&#8212;&#8212;&#8212;&#8212;&#8212;&#8212;&#8212;&#8212;&#8211;<\/p>\n<p>&nbsp;<\/p>\n<h5>\u2139\ufe0f Observa\u00e7\u00f5es<\/h5>\n<p>&nbsp;<\/p>\n<p>\u25ab\ufe0f Por ser acesso compartilhado, n\u00e3o insira dados pessoais<\/p>\n<p>\u25ab\ufe0f N\u00e3o altere e-mail, senha ou configura\u00e7\u00f5es da conta<\/p>\n<p>\u25ab\ufe0f Leia todas as informa\u00e7\u00f5es antes da compra para evitar imprevistos<\/p>","protected":false},"excerpt":{"rendered":"<p>\u26a1 Ativador Windows 10\/11 \u2013 Ativa\u00e7\u00e3o Permanente e Licenciamento Digital &nbsp; Tenha acesso \u00e0 ativa\u00e7\u00e3o completa do seu sistema operacional profissionalmente, sendo a solu\u00e7\u00e3o definitiva para desbloquear todos os recursos do Windows 10 e 11. O ativador permite desde a personaliza\u00e7\u00e3o total do sistema (temas, cores e papel de parede) at\u00e9 a remo\u00e7\u00e3o definitiva da [&hellip;]<\/p>\n","protected":false},"featured_media":10203,"comment_status":"open","ping_status":"closed","template":"","meta":[],"product_brand":[],"product_cat":[107],"product_tag":[],"sistema_operacional":[156],"duracao":[164],"plataforma":[169],"outros":[],"entrega":[174],"nexuz_flag":[143,142],"class_list":{"0":"post-10181","1":"product","2":"type-product","3":"status-publish","4":"has-post-thumbnail","6":"product_cat-programas","7":"sistema_operacional-windows","8":"duracao-versao","9":"plataforma-programa","10":"entrega-entrega-automatica-fixo","11":"nexuz_flag-mais-avaliados","12":"nexuz_flag-mais-vendidos","14":"first","15":"instock","16":"sale","17":"downloadable","18":"virtual","19":"purchasable","20":"product-type-simple","21":"produto-sem-combo"},"jetpack_sharing_enabled":true,"_links":{"self":[{"href":"https:\/\/nexuz-teste.prosperiuz.com\/en\/wp-json\/wp\/v2\/product\/10181","targetHints":{"allow":["GET"]}}],"collection":[{"href":"https:\/\/nexuz-teste.prosperiuz.com\/en\/wp-json\/wp\/v2\/product"}],"about":[{"href":"https:\/\/nexuz-teste.prosperiuz.com\/en\/wp-json\/wp\/v2\/types\/product"}],"replies":[{"embeddable":true,"href":"https:\/\/nexuz-teste.prosperiuz.com\/en\/wp-json\/wp\/v2\/comments?post=10181"}],"version-history":[{"count":1,"href":"https:\/\/nexuz-teste.prosperiuz.com\/en\/wp-json\/wp\/v2\/product\/10181\/revisions"}],"predecessor-version":[{"id":10183,"href":"https:\/\/nexuz-teste.prosperiuz.com\/en\/wp-json\/wp\/v2\/product\/10181\/revisions\/10183"}],"wp:featuredmedia":[{"embeddable":true,"href":"https:\/\/nexuz-teste.prosperiuz.com\/en\/wp-json\/wp\/v2\/media\/10203"}],"wp:attachment":[{"href":"https:\/\/nexuz-teste.prosperiuz.com\/en\/wp-json\/wp\/v2\/media?parent=10181"}],"wp:term":[{"taxonomy":"product_brand","embeddable":true,"href":"https:\/\/nexuz-teste.prosperiuz.com\/en\/wp-json\/wp\/v2\/product_brand?post=10181"},{"taxonomy":"product_cat","embeddable":true,"href":"https:\/\/nexuz-teste.prosperiuz.com\/en\/wp-json\/wp\/v2\/product_cat?post=10181"},{"taxonomy":"product_tag","embeddable":true,"href":"https:\/\/nexuz-teste.prosperiuz.com\/en\/wp-json\/wp\/v2\/product_tag?post=10181"},{"taxonomy":"sistema_operacional","embeddable":true,"href":"https:\/\/nexuz-teste.prosperiuz.com\/en\/wp-json\/wp\/v2\/sistema_operacional?post=10181"},{"taxonomy":"duracao","embeddable":true,"href":"https:\/\/nexuz-teste.prosperiuz.com\/en\/wp-json\/wp\/v2\/duracao?post=10181"},{"taxonomy":"plataforma","embeddable":true,"href":"https:\/\/nexuz-teste.prosperiuz.com\/en\/wp-json\/wp\/v2\/plataforma?post=10181"},{"taxonomy":"outros","embeddable":true,"href":"https:\/\/nexuz-teste.prosperiuz.com\/en\/wp-json\/wp\/v2\/outros?post=10181"},{"taxonomy":"entrega","embeddable":true,"href":"https:\/\/nexuz-teste.prosperiuz.com\/en\/wp-json\/wp\/v2\/entrega?post=10181"},{"taxonomy":"nexuz_flag","embeddable":true,"href":"https:\/\/nexuz-teste.prosperiuz.com\/en\/wp-json\/wp\/v2\/nexuz_flag?post=10181"}],"curies":[{"name":"wp","href":"https:\/\/api.w.org\/{rel}","templated":true}]}}