{"id":10099,"date":"2026-01-04T00:02:53","date_gmt":"2026-01-04T03:02:53","guid":{"rendered":"https:\/\/nexuz.prosperiuz.com\/?post_type=product&#038;p=10099"},"modified":"2026-03-23T01:26:52","modified_gmt":"2026-03-23T04:26:52","slug":"seaart-ia-standard","status":"publish","type":"product","link":"https:\/\/nexuz-teste.prosperiuz.com\/en\/acesso\/seaart-ia-standard\/","title":{"rendered":"SeaArt IA \u2022 Standard"},"content":{"rendered":"<h3>\ud83d\ude80 SEAART IA<\/h3>\n<p>&nbsp;<\/p>\n<p>Crie imagens incr\u00edveis a partir de texto com uma das plataformas de IA mais completas do mercado. O SeaArt IA \u00e9 perfeito para artistas, designers e criadores que querem liberdade total de cria\u00e7\u00e3o, alta qualidade e velocidade.<\/p>\n<p>&nbsp;<\/p>\n<h5>Similar a: Midjourney, Stable Diffusion, Leonardo IA, Tensor Art<\/h5>\n<h5>(Este an\u00fancio refere-se exclusivamente \u00e0 assinatura do SEAART)<\/h5>\n<p>&nbsp;<\/p>\n<p>&nbsp;<\/p>\n<p>\u2014\u2014\u2014\u2014\u2014\u2014\u2014\u2014\u2014\u2014\u2014\u2014\u2014\u2014\u2014\u2014\u2014\u2013<\/p>\n<p>&nbsp;<\/p>\n<h4>\u26a0\ufe0f Leia tudo com aten\u00e7\u00e3o para evitar problemas!<\/h4>\n<p>As informa\u00e7\u00f5es abaixo explicam como funciona o acesso, o que est\u00e1 incluso e as condi\u00e7\u00f5es de uso.<\/p>\n<p>&nbsp;<\/p>\n<p>&nbsp;<\/p>\n<p>\u2014\u2014\u2014\u2014\u2014\u2014\u2014\u2014\u2014\u2014\u2014\u2014\u2014\u2014\u2014\u2014\u2014\u2013<\/p>\n<p>&nbsp;<\/p>\n<h5>\ud83d\udce9 Como funciona o acesso?<\/h5>\n<p>&nbsp;<\/p>\n<p>\u2705 Login no site oficial ou app mobile<\/p>\n<p>\u2705 Plano ativo por 30 dias<\/p>\n<p>\u2705 Acesso imediato ap\u00f3s a libera\u00e7\u00e3o<\/p>\n<p>\u2705 Suporte e garantia durante todo o per\u00edodo<\/p>\n<p>&nbsp;<\/p>\n<p>&nbsp;<\/p>\n<p>\u2014\u2014\u2014\u2014\u2014\u2014\u2014\u2014\u2014\u2014\u2014\u2014\u2014\u2014\u2014\u2014\u2014\u2013<\/p>\n<p>&nbsp;<\/p>\n<h5>\ud83d\udc8e Principais Benef\u00edcios<\/h5>\n<p>&nbsp;<\/p>\n<p>\u2714\ufe0f Gera\u00e7\u00e3o ilimitada de imagens com IA<\/p>\n<p>\u2714\ufe0f Diversos modelos e estilos: realista, anime, 3D, pintura digital, fantasia, z-image e muito mais<\/p>\n<p>\u2714\ufe0f Uso de milhares de LoRAs para personaliza\u00e7\u00e3o avan\u00e7ada<\/p>\n<p>\u2714\ufe0f Cria\u00e7\u00e3o em segundos, com v\u00e1rias imagens de uma vez<\/p>\n<p>\u2714\ufe0f Download em alta resolu\u00e7\u00e3o e qualidade<\/p>\n<p>\u2714\ufe0f Controles avan\u00e7ados no algoritmo de gera\u00e7\u00e3o<\/p>\n<p>\u2714\ufe0f Modo Ilimitado<\/p>\n<p>&nbsp;<\/p>\n<p>&nbsp;<\/p>\n<p>\u2014\u2014\u2014\u2014\u2014\u2014\u2014\u2014\u2014\u2014\u2014\u2014\u2014\u2014\u2014\u2014\u2014\u2013<\/p>\n<p>&nbsp;<\/p>\n<h5>\ud83c\udf81 Recursos Extras<\/h5>\n<p>(limitados por cr\u00e9ditos e n\u00e3o garantidos)<\/p>\n<p>&nbsp;<\/p>\n<p>\u25ab\ufe0f Gerador 3D<\/p>\n<p>\u25ab\ufe0f Gera\u00e7\u00e3o de v\u00eddeos com IA<\/p>\n<p>\u25ab\ufe0f \u00c1udio IA<\/p>\n<p>\u25ab\ufe0f Troca de rosto<\/p>\n<p>\u25ab\ufe0f Filtros IA<\/p>\n<p>\u25ab\ufe0f DeepSeek e ChatGPT Rei da Dan\u00e7a<\/p>\n<p>\u25ab\ufe0f Provador virtual de roupas<\/p>\n<p>\u25ab\ufe0f Removedor de fundo<\/p>\n<p>\u25ab\ufe0f Melhorador de imagem<\/p>\n<p>\u25ab\ufe0f Maquiagem IA<\/p>\n<p>\u25ab\ufe0f Gera\u00e7\u00e3o por rascunho<\/p>\n<p>\u25ab\ufe0f Anime Comic Generator<\/p>\n<p>\u25ab\ufe0f Personagens de IA<\/p>\n<p>\u25ab\ufe0f Edi\u00e7\u00e3o avan\u00e7ada, roleplays, nano banana (usa cr\u00e9dito) e muito mais<\/p>\n<p>&nbsp;<\/p>\n<p>&nbsp;<\/p>\n<p>\u2014\u2014\u2014\u2014\u2014\u2014\u2014\u2014\u2014\u2014\u2014\u2014\u2014\u2014\u2014\u2014\u2014\u2013<\/p>\n<p>&nbsp;<\/p>\n<h5>\ud83d\udda5\ufe0f Compatibilidade<\/h5>\n<p>&nbsp;<\/p>\n<p>\u2714\ufe0f Android<\/p>\n<p>\u2714\ufe0f iOS<\/p>\n<p>\u2714\ufe0f PC \/ Notebook<\/p>\n<p>\u2714\ufe0f Navegadores de internet<\/p>\n<p>&nbsp;<\/p>\n<p>&nbsp;<\/p>\n<p>\u2014\u2014\u2014\u2014\u2014\u2014\u2014\u2014\u2014\u2014\u2014\u2014\u2014\u2014\u2014\u2014\u2014\u2013<\/p>\n<p>&nbsp;<\/p>\n<h5>\ud83d\udce6 Regras e Condi\u00e7\u00f5es Importantes<\/h5>\n<p>&nbsp;<\/p>\n<p>\u26a0\ufe0f Produto 100% digital<\/p>\n<p>\u26a0\ufe0f Uso conforme as regras da plataforma<\/p>\n<p>\u26a0\ufe0f Recursos extras dependem de cr\u00e9ditos<\/p>\n<p>\u26a0\ufe0f Proibida a revenda do acesso<\/p>\n<p>&nbsp;<\/p>\n<p>&nbsp;<\/p>\n<p>\u2014\u2014\u2014\u2014\u2014\u2014\u2014\u2014\u2014\u2014\u2014\u2014\u2014\u2014\u2014\u2014\u2014\u2013<\/p>\n<p>&nbsp;<\/p>\n<h5>\ud83e\udd1d Suporte e Garantia<\/h5>\n<p>&nbsp;<\/p>\n<p>\u2705 30 dias de garantia de acesso<\/p>\n<p>\u2705 Suporte dispon\u00edvel durante o per\u00edodo ativo<\/p>\n<p>&nbsp;<\/p>\n<p>\u2014\u2014\u2014\u2014\u2014\u2014\u2014\u2014\u2014\u2014\u2014\u2014\u2014\u2014\u2014\u2014\u2014\u2013<\/p>\n<p>&nbsp;<\/p>\n<h5>\u2139\ufe0f Observa\u00e7\u00f5es<\/h5>\n<p>&nbsp;<\/p>\n<p>\u25ab\ufe0f Ideal para quem cria artes, capas, personagens e conte\u00fado visual<\/p>\n<p>\u25ab\ufe0f Excelente custo-benef\u00edcio para quem quer IA ilimitada<\/p>\n<p>\u25ab\ufe0f Recursos podem variar conforme atualiza\u00e7\u00f5es do SeaArt<\/p>","protected":false},"excerpt":{"rendered":"<p>\ud83d\ude80 SEAART IA &nbsp; Crie imagens incr\u00edveis a partir de texto com uma das plataformas de IA mais completas do mercado. O SeaArt IA \u00e9 perfeito para artistas, designers e criadores que querem liberdade total de cria\u00e7\u00e3o, alta qualidade e velocidade. &nbsp; Similar a: Midjourney, Stable Diffusion, Leonardo IA, Tensor Art (Este an\u00fancio refere-se exclusivamente [&hellip;]<\/p>\n","protected":false},"featured_media":10100,"comment_status":"open","ping_status":"closed","template":"","meta":[],"product_brand":[],"product_cat":[96],"product_tag":[],"sistema_operacional":[],"duracao":[160],"plataforma":[176],"outros":[],"entrega":[],"nexuz_flag":[143,142],"class_list":{"0":"post-10099","1":"product","2":"type-product","3":"status-publish","4":"has-post-thumbnail","6":"product_cat-inteligencia-artificial","7":"duracao-30-dias","8":"plataforma-multi","9":"nexuz_flag-mais-avaliados","10":"nexuz_flag-mais-vendidos","12":"first","13":"instock","14":"sale","15":"shipping-taxable","16":"purchasable","17":"product-type-simple","18":"produto-sem-combo"},"jetpack_sharing_enabled":true,"_links":{"self":[{"href":"https:\/\/nexuz-teste.prosperiuz.com\/en\/wp-json\/wp\/v2\/product\/10099","targetHints":{"allow":["GET"]}}],"collection":[{"href":"https:\/\/nexuz-teste.prosperiuz.com\/en\/wp-json\/wp\/v2\/product"}],"about":[{"href":"https:\/\/nexuz-teste.prosperiuz.com\/en\/wp-json\/wp\/v2\/types\/product"}],"replies":[{"embeddable":true,"href":"https:\/\/nexuz-teste.prosperiuz.com\/en\/wp-json\/wp\/v2\/comments?post=10099"}],"version-history":[{"count":3,"href":"https:\/\/nexuz-teste.prosperiuz.com\/en\/wp-json\/wp\/v2\/product\/10099\/revisions"}],"predecessor-version":[{"id":10103,"href":"https:\/\/nexuz-teste.prosperiuz.com\/en\/wp-json\/wp\/v2\/product\/10099\/revisions\/10103"}],"wp:featuredmedia":[{"embeddable":true,"href":"https:\/\/nexuz-teste.prosperiuz.com\/en\/wp-json\/wp\/v2\/media\/10100"}],"wp:attachment":[{"href":"https:\/\/nexuz-teste.prosperiuz.com\/en\/wp-json\/wp\/v2\/media?parent=10099"}],"wp:term":[{"taxonomy":"product_brand","embeddable":true,"href":"https:\/\/nexuz-teste.prosperiuz.com\/en\/wp-json\/wp\/v2\/product_brand?post=10099"},{"taxonomy":"product_cat","embeddable":true,"href":"https:\/\/nexuz-teste.prosperiuz.com\/en\/wp-json\/wp\/v2\/product_cat?post=10099"},{"taxonomy":"product_tag","embeddable":true,"href":"https:\/\/nexuz-teste.prosperiuz.com\/en\/wp-json\/wp\/v2\/product_tag?post=10099"},{"taxonomy":"sistema_operacional","embeddable":true,"href":"https:\/\/nexuz-teste.prosperiuz.com\/en\/wp-json\/wp\/v2\/sistema_operacional?post=10099"},{"taxonomy":"duracao","embeddable":true,"href":"https:\/\/nexuz-teste.prosperiuz.com\/en\/wp-json\/wp\/v2\/duracao?post=10099"},{"taxonomy":"plataforma","embeddable":true,"href":"https:\/\/nexuz-teste.prosperiuz.com\/en\/wp-json\/wp\/v2\/plataforma?post=10099"},{"taxonomy":"outros","embeddable":true,"href":"https:\/\/nexuz-teste.prosperiuz.com\/en\/wp-json\/wp\/v2\/outros?post=10099"},{"taxonomy":"entrega","embeddable":true,"href":"https:\/\/nexuz-teste.prosperiuz.com\/en\/wp-json\/wp\/v2\/entrega?post=10099"},{"taxonomy":"nexuz_flag","embeddable":true,"href":"https:\/\/nexuz-teste.prosperiuz.com\/en\/wp-json\/wp\/v2\/nexuz_flag?post=10099"}],"curies":[{"name":"wp","href":"https:\/\/api.w.org\/{rel}","templated":true}]}}