{"id":10080,"date":"2026-01-03T01:33:08","date_gmt":"2026-01-03T04:33:08","guid":{"rendered":"https:\/\/nexuz.prosperiuz.com\/?post_type=product&#038;p=10080"},"modified":"2026-03-23T01:28:06","modified_gmt":"2026-03-23T04:28:06","slug":"jasper-ia","status":"publish","type":"product","link":"https:\/\/nexuz-teste.prosperiuz.com\/en\/acesso\/jasper-ia\/","title":{"rendered":"Jasper IA"},"content":{"rendered":"<h3>\ud83d\ude80 JASPER AI PRO \u2013 conta exclusiva por 7 dias<\/h3>\n<p>Tenha acesso \u00e0 Jasper AI Pro, uma das intelig\u00eancias artificiais mais avan\u00e7adas para cria\u00e7\u00e3o de textos profissionais, marketing, an\u00fancios, conte\u00fados para redes sociais, blogs, e-mails e muito mais. Ideal para quem quer produzir conte\u00fado em alto n\u00edvel com rapidez e consist\u00eancia.<\/p>\n<p>&nbsp;<\/p>\n<p>\u2014\u2014\u2014\u2014\u2014\u2014\u2014\u2014\u2014\u2014\u2014\u2014\u2014\u2014\u2014\u2014\u2014\u2013<\/p>\n<p>&nbsp;<\/p>\n<h4>\u26a0\ufe0f Leia tudo com aten\u00e7\u00e3o para evitar problemas!<\/h4>\n<p>&nbsp;<\/p>\n<p>As informa\u00e7\u00f5es abaixo explicam como funciona o acesso, o que est\u00e1 incluso e os limites do plano.<\/p>\n<p>&nbsp;<\/p>\n<p>\u2014\u2014\u2014\u2014\u2014\u2014\u2014\u2014\u2014\u2014\u2014\u2014\u2014\u2014\u2014\u2014\u2014<\/p>\n<p>&nbsp;<\/p>\n<h5>\ud83d\udce9 Como recebo meu acesso?<\/h5>\n<p>&nbsp;<\/p>\n<p>\u2705 Ap\u00f3s a confirma\u00e7\u00e3o do pagamento, clique em \u201cJ\u00e1 paguei, e meu acesso?\u201d<\/p>\n<p>\u2705 Escolha a op\u00e7\u00e3o \u201cSem \u26a1\ufe0f\u201d<\/p>\n<p>\u2705 Receba login e senha via WhatsApp<\/p>\n<p>\u2705 Conta somente sua por 7 dias<\/p>\n<p>\u2705 Ativa\u00e7\u00e3o imediata e acompanhada<\/p>\n<p>\u2705 Suporte durante todo o per\u00edodo de uso<\/p>\n<p>&nbsp;<\/p>\n<p>\u2014\u2014\u2014\u2014\u2014\u2014\u2014\u2014\u2014\u2014\u2014\u2014\u2014\u2014\u2014\u2014\u2014\u2013<\/p>\n<p>&nbsp;<\/p>\n<h5>\ud83c\udf81 O que est\u00e1 incluso no plano Pro?<\/h5>\n<p>&nbsp;<\/p>\n<p>\u2705 Palavras ilimitadas para gera\u00e7\u00e3o de conte\u00fado<\/p>\n<p>\u2705 M\u00faltiplas Brand Voices (vozes da marca)<\/p>\n<p>\u2014 Configure 2 ou 3 vozes diferentes para marcas ou projetos distintos<\/p>\n<p>\u2705 Uso em equipe (colabora\u00e7\u00e3o com mais de um membro\/assento)<\/p>\n<p>\u2705 Cria\u00e7\u00e3o de textos para an\u00fancios, redes sociais, blogs, e-mails e p\u00e1ginas de venda<\/p>\n<p>\u2705 Knowledge Assets para alimentar a IA com informa\u00e7\u00f5es da sua marca ou empresa<\/p>\n<p>\u2705 Templates din\u00e2micos e recursos avan\u00e7ados de escrita<\/p>\n<p>\u2705 Poss\u00edvel integra\u00e7\u00e3o com ferramentas de SEO<\/p>\n<p>&nbsp;<\/p>\n<p>\u2014\u2014\u2014\u2014\u2014\u2014\u2014\u2014\u2014\u2014\u2014\u2014\u2014\u2014\u2014\u2014\u2014\u2013<\/p>\n<p>&nbsp;<\/p>\n<h5>\ud83d\udda5\ufe0f Compatibilidade<\/h5>\n<p>&nbsp;<\/p>\n<p>\u2714\ufe0f Funciona em qualquer navegador<\/p>\n<p>\u2714\ufe0f PC, notebook, tablet e celular<\/p>\n<p>\u2714\ufe0f N\u00e3o requer instala\u00e7\u00e3o<\/p>\n<p>\ud83d\udce6 Limites e Informa\u00e7\u00f5es Importantes<\/p>\n<p>\u26a0\ufe0f Mesmo no plano Pro, existem limites de:<\/p>\n<p>\u25ab\ufe0f Brand Voices<\/p>\n<p>\u25ab\ufe0f Knowledge Assets<\/p>\n<p>\u25ab\ufe0f Audiences (perfis de p\u00fablico)<\/p>\n<p>\u26a0\ufe0f Recursos acima desses limites s\u00e3o exclusivos de planos superiores (Business\/Enterprise)<\/p>\n<p>\u26a0\ufe0f N\u00e3o alterar e-mail, senha ou configura\u00e7\u00f5es cr\u00edticas da conta<\/p>\n<p>\u26a0\ufe0f Uso exclusivamente pessoal\/profissional \u2014 revenda proibida<\/p>\n<p>&nbsp;<\/p>\n<p>\u2014\u2014\u2014\u2014\u2014\u2014\u2014\u2014\u2014\u2014\u2014\u2014\u2014\u2014\u2014\u2014\u2014<\/p>\n<p>&nbsp;<\/p>\n<h5>\ud83e\udd1d Suporte e Garantia<\/h5>\n<p>&nbsp;<\/p>\n<p>\u2705 Suporte direto via WhatsApp<\/p>\n<p>\u2705 Ajuda r\u00e1pida para ativa\u00e7\u00e3o e uso<\/p>\n<p>\u2705 Garantia total durante os 7 dias de acesso<\/p>\n<p>&nbsp;<\/p>\n<p>\u2014\u2014\u2014\u2014\u2014\u2014\u2014\u2014\u2014\u2014\u2014\u2014\u2014\u2014\u2014\u2014\u2014\u2013<\/p>\n<p>&nbsp;<\/p>\n<h5>\u2139\ufe0f Observa\u00e7\u00f5es<\/h5>\n<blockquote><p>&nbsp;<\/p><\/blockquote>\n<p>\u25ab\ufe0f Ideal para copywriters, social media, gestores de tr\u00e1fego, empreendedores e ag\u00eancias<\/p>\n<p>\u25ab\ufe0f Excelente para testar a Jasper AI em n\u00edvel profissional antes de planos maiores<\/p>\n<p>\u25ab\ufe0f Leia todas as instru\u00e7\u00f5es para aproveitar ao m\u00e1ximo o per\u00edodo de acesso<\/p>","protected":false},"excerpt":{"rendered":"<p>\ud83d\ude80 JASPER AI PRO \u2013 conta exclusiva por 7 dias Tenha acesso \u00e0 Jasper AI Pro, uma das intelig\u00eancias artificiais mais avan\u00e7adas para cria\u00e7\u00e3o de textos profissionais, marketing, an\u00fancios, conte\u00fados para redes sociais, blogs, e-mails e muito mais. Ideal para quem quer produzir conte\u00fado em alto n\u00edvel com rapidez e consist\u00eancia. &nbsp; \u2014\u2014\u2014\u2014\u2014\u2014\u2014\u2014\u2014\u2014\u2014\u2014\u2014\u2014\u2014\u2014\u2014\u2013 &nbsp; \u26a0\ufe0f [&hellip;]<\/p>\n","protected":false},"featured_media":10086,"comment_status":"open","ping_status":"closed","template":"","meta":[],"product_brand":[],"product_cat":[96],"product_tag":[],"sistema_operacional":[],"duracao":[159],"plataforma":[176],"outros":[],"entrega":[],"nexuz_flag":[143,142],"class_list":{"0":"post-10080","1":"product","2":"type-product","3":"status-publish","4":"has-post-thumbnail","6":"product_cat-inteligencia-artificial","7":"duracao-7-dias","8":"plataforma-multi","9":"nexuz_flag-mais-avaliados","10":"nexuz_flag-mais-vendidos","12":"first","13":"instock","14":"sale","15":"shipping-taxable","16":"purchasable","17":"product-type-simple","18":"produto-sem-combo"},"jetpack_sharing_enabled":true,"_links":{"self":[{"href":"https:\/\/nexuz-teste.prosperiuz.com\/en\/wp-json\/wp\/v2\/product\/10080","targetHints":{"allow":["GET"]}}],"collection":[{"href":"https:\/\/nexuz-teste.prosperiuz.com\/en\/wp-json\/wp\/v2\/product"}],"about":[{"href":"https:\/\/nexuz-teste.prosperiuz.com\/en\/wp-json\/wp\/v2\/types\/product"}],"replies":[{"embeddable":true,"href":"https:\/\/nexuz-teste.prosperiuz.com\/en\/wp-json\/wp\/v2\/comments?post=10080"}],"version-history":[{"count":4,"href":"https:\/\/nexuz-teste.prosperiuz.com\/en\/wp-json\/wp\/v2\/product\/10080\/revisions"}],"predecessor-version":[{"id":10085,"href":"https:\/\/nexuz-teste.prosperiuz.com\/en\/wp-json\/wp\/v2\/product\/10080\/revisions\/10085"}],"wp:featuredmedia":[{"embeddable":true,"href":"https:\/\/nexuz-teste.prosperiuz.com\/en\/wp-json\/wp\/v2\/media\/10086"}],"wp:attachment":[{"href":"https:\/\/nexuz-teste.prosperiuz.com\/en\/wp-json\/wp\/v2\/media?parent=10080"}],"wp:term":[{"taxonomy":"product_brand","embeddable":true,"href":"https:\/\/nexuz-teste.prosperiuz.com\/en\/wp-json\/wp\/v2\/product_brand?post=10080"},{"taxonomy":"product_cat","embeddable":true,"href":"https:\/\/nexuz-teste.prosperiuz.com\/en\/wp-json\/wp\/v2\/product_cat?post=10080"},{"taxonomy":"product_tag","embeddable":true,"href":"https:\/\/nexuz-teste.prosperiuz.com\/en\/wp-json\/wp\/v2\/product_tag?post=10080"},{"taxonomy":"sistema_operacional","embeddable":true,"href":"https:\/\/nexuz-teste.prosperiuz.com\/en\/wp-json\/wp\/v2\/sistema_operacional?post=10080"},{"taxonomy":"duracao","embeddable":true,"href":"https:\/\/nexuz-teste.prosperiuz.com\/en\/wp-json\/wp\/v2\/duracao?post=10080"},{"taxonomy":"plataforma","embeddable":true,"href":"https:\/\/nexuz-teste.prosperiuz.com\/en\/wp-json\/wp\/v2\/plataforma?post=10080"},{"taxonomy":"outros","embeddable":true,"href":"https:\/\/nexuz-teste.prosperiuz.com\/en\/wp-json\/wp\/v2\/outros?post=10080"},{"taxonomy":"entrega","embeddable":true,"href":"https:\/\/nexuz-teste.prosperiuz.com\/en\/wp-json\/wp\/v2\/entrega?post=10080"},{"taxonomy":"nexuz_flag","embeddable":true,"href":"https:\/\/nexuz-teste.prosperiuz.com\/en\/wp-json\/wp\/v2\/nexuz_flag?post=10080"}],"curies":[{"name":"wp","href":"https:\/\/api.w.org\/{rel}","templated":true}]}}