{"id":10026,"date":"2025-12-29T17:39:07","date_gmt":"2025-12-29T20:39:07","guid":{"rendered":"https:\/\/nexuz.prosperiuz.com\/?post_type=product&#038;p=10026"},"modified":"2026-03-16T08:03:51","modified_gmt":"2026-03-16T11:03:51","slug":"microsoft-office-professional-plus","status":"publish","type":"product","link":"https:\/\/nexuz-teste.prosperiuz.com\/en\/acesso\/microsoft-office-professional-plus\/","title":{"rendered":"Microsoft Office Professional Plus (2021-2024)"},"content":{"rendered":"<h3>\ud83d\udcc2 Microsoft Office Professional Plus (2021-2024) \u2013 Produtividade Definitiva com Licen\u00e7a Vital\u00edcia<\/h3>\n<p>&nbsp;<\/p>\n<p>Tenha acesso \u00e0s vers\u00f5es mais robustas e completas do Microsoft Office, podendo criar documentos, analisar dados e gerenciar comunica\u00e7\u00f5es profissionalmente sem a necessidade de assinaturas mensais. Esta su\u00edte \u00e9 a escolha ideal para usu\u00e1rios avan\u00e7ados, empresas e profissionais que buscam estabilidade e desempenho m\u00e1ximo em uma licen\u00e7a definitiva. A plataforma oferece desde o processamento de textos impec\u00e1vel no Word at\u00e9 as f\u00f3rmulas mais complexas e automa\u00e7\u00f5es no Excel, garantindo todas as ferramentas cl\u00e1ssicas em suas vers\u00f5es mais modernas, com suporte a novos recursos visuais, desempenho otimizado para hardware atual e seguran\u00e7a de n\u00edvel corporativo.<\/p>\n<p>&nbsp;<\/p>\n<p>&nbsp;<\/p>\n<p>&#8212;&#8212;&#8212;&#8212;&#8212;&#8212;&#8212;&#8212;&#8212;&#8212;&#8212;&#8212;&#8212;&#8212;&#8212;&#8212;&#8212;&#8211;<\/p>\n<p>&nbsp;<\/p>\n<h4>\u26a0\ufe0f Leia tudo com aten\u00e7\u00e3o para evitar problemas!<\/h4>\n<p>&nbsp;<\/p>\n<p>As informa\u00e7\u00f5es abaixo explicam como voc\u00ea recebe o acesso, o que est\u00e1 incluso e como usar corretamente.<\/p>\n<p>&nbsp;<\/p>\n<p>&nbsp;<\/p>\n<p>&#8212;&#8212;&#8212;&#8212;&#8212;&#8212;&#8212;&#8212;&#8212;&#8212;&#8212;&#8212;&#8212;&#8212;&#8212;&#8212;&#8212;&#8211;<\/p>\n<p>&nbsp;<\/p>\n<h5>\ud83d\udce9 Como recebo meu acesso?<\/h5>\n<p>&nbsp;<\/p>\n<p>\u2705 Ap\u00f3s a confirma\u00e7\u00e3o do pagamento, clique em \u201cJ\u00e1 paguei, e meu acesso?\u201d<\/p>\n<p>\u2705 Escolha a op\u00e7\u00e3o \u201cCom \u26a1\ufe0f\u201d<\/p>\n<p>\u2705 Voc\u00ea vai pra um p\u00e1gina de download onde baixa, extrai os arquivos, ler o tutorial e faz a instala\u00e7\u00e3o e ativa\u00e7\u00e3o.<\/p>\n<p>&nbsp;<\/p>\n<p>&nbsp;<\/p>\n<p>&#8212;&#8212;&#8212;&#8212;&#8212;&#8212;&#8212;&#8212;&#8212;&#8212;&#8212;&#8212;&#8212;&#8212;&#8212;&#8212;&#8212;&#8211;<\/p>\n<p>&nbsp;<\/p>\n<h5>\ud83c\udf81 O que est\u00e1 incluso?<\/h5>\n<p>&nbsp;<\/p>\n<p>\u2705 Word: Novos recursos de tinta, ferramentas de aprendizado e tradu\u00e7\u00e3o integrada.<\/p>\n<p>\u2705Excel: Fun\u00e7\u00f5es de matriz din\u00e2mica, XLOOKUP e melhorias de performance para grandes bases de dados<\/p>\n<p>\u2705 PowerPoint: Transi\u00e7\u00e3o Morph (Transformar), suporte a modelos 3D e grava\u00e7\u00e3o de apresenta\u00e7\u00f5es avan\u00e7ada.<\/p>\n<p>\u2705 Outlook: Gest\u00e3o eficiente de e-mails com foco em seguran\u00e7a e organiza\u00e7\u00e3o de contatos.<\/p>\n<p>\u2705 Access: Cria\u00e7\u00e3o e gest\u00e3o de bancos de dados relacionais (exclusivo para PC).<\/p>\n<p>\u2705 Publisher: Ferramenta de layout para cria\u00e7\u00e3o de materiais de marketing (exclusivo para PC).<\/p>\n<p>\u2705 OneNote: Bloco de notas digital avan\u00e7ado para organiza\u00e7\u00e3o de projetos e estudos.<\/p>\n<p>&nbsp;<\/p>\n<p>&nbsp;<\/p>\n<p>&#8212;&#8212;&#8212;&#8212;&#8212;&#8212;&#8212;&#8212;&#8212;&#8212;&#8212;&#8212;&#8212;&#8212;&#8212;&#8212;&#8212;&#8211;<\/p>\n<p>&nbsp;<\/p>\n<h5>\ud83d\udce6 Plano Dispon\u00edvel<\/h5>\n<p>&nbsp;<\/p>\n<h5>\ud83d\uddd3\ufe0f Assinatura Vers\u00e3o<\/h5>\n<p>&nbsp;<\/p>\n<p>\u2705 Compra acesso ao Microsoft Office<\/p>\n<p>\u2705 Ativa\u00e7\u00e3o r\u00e1pida via login\/senha<\/p>\n<p>\u2705 Suporte ativo para qualquer ajuda<\/p>\n<p>&nbsp;<\/p>\n<p>&nbsp;<\/p>\n<p>&#8212;&#8212;&#8212;&#8212;&#8212;&#8212;&#8212;&#8212;&#8212;&#8212;&#8212;&#8212;&#8212;&#8212;&#8212;&#8212;&#8212;&#8211;<\/p>\n<p>&nbsp;<\/p>\n<h5>\ud83d\udda5\ufe0f Qualidade e Compatibilidade<\/h5>\n<p>&nbsp;<\/p>\n<p>\u2705 Funciona em Windows e macOS<\/p>\n<p>\u2705 Permite instala\u00e7\u00e3o em PC e notebook<\/p>\n<p>\u2705 Interface profissional com ferramentas completas<\/p>\n<p>\u2705 Armazenamento integrado (dependendo do plano)<\/p>\n<p>&nbsp;<\/p>\n<p>&nbsp;<\/p>\n<p>&#8212;&#8212;&#8212;&#8212;&#8212;&#8212;&#8212;&#8212;&#8212;&#8212;&#8212;&#8212;&#8212;&#8212;&#8212;&#8212;&#8212;&#8211;<\/p>\n<p>&nbsp;<\/p>\n<h5>\ud83e\udd1d Suporte e Garantia<\/h5>\n<p>&nbsp;<\/p>\n<p>\u2705 Atendimento direto via WhatsApp<\/p>\n<p>\u2705 Garantia de acesso durante todo o per\u00edodo contratado<\/p>\n<p>\u2705 Ajuda r\u00e1pida em caso de d\u00favidas ou falhas<\/p>\n<p>&nbsp;<\/p>\n<p>&nbsp;<\/p>\n<p>&#8212;&#8212;&#8212;&#8212;&#8212;&#8212;&#8212;&#8212;&#8212;&#8212;&#8212;&#8212;&#8212;&#8212;&#8212;&#8212;&#8212;&#8211;<\/p>\n<p>&nbsp;<\/p>\n<h5>\u2139\ufe0f Observa\u00e7\u00f5es<\/h5>\n<p>&nbsp;<\/p>\n<p>\u25ab\ufe0f Por ser acesso compartilhado, n\u00e3o insira dados pessoais<\/p>\n<p>\u25ab\ufe0f N\u00e3o altere e-mail, senha ou configura\u00e7\u00f5es da conta<\/p>\n<p>\u25ab\ufe0f Leia todas as informa\u00e7\u00f5es antes da compra para evitar imprevistos<\/p>","protected":false},"excerpt":{"rendered":"<p>\ud83d\udcc2 Microsoft Office Professional Plus (2021-2024) \u2013 Produtividade Definitiva com Licen\u00e7a Vital\u00edcia &nbsp; Tenha acesso \u00e0s vers\u00f5es mais robustas e completas do Microsoft Office, podendo criar documentos, analisar dados e gerenciar comunica\u00e7\u00f5es profissionalmente sem a necessidade de assinaturas mensais. Esta su\u00edte \u00e9 a escolha ideal para usu\u00e1rios avan\u00e7ados, empresas e profissionais que buscam estabilidade e [&hellip;]<\/p>\n","protected":false},"featured_media":10046,"comment_status":"open","ping_status":"closed","template":"","meta":[],"product_brand":[],"product_cat":[107],"product_tag":[],"sistema_operacional":[156],"duracao":[164],"plataforma":[169],"outros":[],"entrega":[174],"nexuz_flag":[143,142],"class_list":{"0":"post-10026","1":"product","2":"type-product","3":"status-publish","4":"has-post-thumbnail","6":"product_cat-programas","7":"sistema_operacional-windows","8":"duracao-versao","9":"plataforma-programa","10":"entrega-entrega-automatica-fixo","11":"nexuz_flag-mais-avaliados","12":"nexuz_flag-mais-vendidos","14":"first","15":"instock","16":"sale","17":"downloadable","18":"virtual","19":"purchasable","20":"product-type-simple","21":"produto-sem-combo"},"jetpack_sharing_enabled":true,"_links":{"self":[{"href":"https:\/\/nexuz-teste.prosperiuz.com\/en\/wp-json\/wp\/v2\/product\/10026","targetHints":{"allow":["GET"]}}],"collection":[{"href":"https:\/\/nexuz-teste.prosperiuz.com\/en\/wp-json\/wp\/v2\/product"}],"about":[{"href":"https:\/\/nexuz-teste.prosperiuz.com\/en\/wp-json\/wp\/v2\/types\/product"}],"replies":[{"embeddable":true,"href":"https:\/\/nexuz-teste.prosperiuz.com\/en\/wp-json\/wp\/v2\/comments?post=10026"}],"version-history":[{"count":1,"href":"https:\/\/nexuz-teste.prosperiuz.com\/en\/wp-json\/wp\/v2\/product\/10026\/revisions"}],"predecessor-version":[{"id":10028,"href":"https:\/\/nexuz-teste.prosperiuz.com\/en\/wp-json\/wp\/v2\/product\/10026\/revisions\/10028"}],"wp:featuredmedia":[{"embeddable":true,"href":"https:\/\/nexuz-teste.prosperiuz.com\/en\/wp-json\/wp\/v2\/media\/10046"}],"wp:attachment":[{"href":"https:\/\/nexuz-teste.prosperiuz.com\/en\/wp-json\/wp\/v2\/media?parent=10026"}],"wp:term":[{"taxonomy":"product_brand","embeddable":true,"href":"https:\/\/nexuz-teste.prosperiuz.com\/en\/wp-json\/wp\/v2\/product_brand?post=10026"},{"taxonomy":"product_cat","embeddable":true,"href":"https:\/\/nexuz-teste.prosperiuz.com\/en\/wp-json\/wp\/v2\/product_cat?post=10026"},{"taxonomy":"product_tag","embeddable":true,"href":"https:\/\/nexuz-teste.prosperiuz.com\/en\/wp-json\/wp\/v2\/product_tag?post=10026"},{"taxonomy":"sistema_operacional","embeddable":true,"href":"https:\/\/nexuz-teste.prosperiuz.com\/en\/wp-json\/wp\/v2\/sistema_operacional?post=10026"},{"taxonomy":"duracao","embeddable":true,"href":"https:\/\/nexuz-teste.prosperiuz.com\/en\/wp-json\/wp\/v2\/duracao?post=10026"},{"taxonomy":"plataforma","embeddable":true,"href":"https:\/\/nexuz-teste.prosperiuz.com\/en\/wp-json\/wp\/v2\/plataforma?post=10026"},{"taxonomy":"outros","embeddable":true,"href":"https:\/\/nexuz-teste.prosperiuz.com\/en\/wp-json\/wp\/v2\/outros?post=10026"},{"taxonomy":"entrega","embeddable":true,"href":"https:\/\/nexuz-teste.prosperiuz.com\/en\/wp-json\/wp\/v2\/entrega?post=10026"},{"taxonomy":"nexuz_flag","embeddable":true,"href":"https:\/\/nexuz-teste.prosperiuz.com\/en\/wp-json\/wp\/v2\/nexuz_flag?post=10026"}],"curies":[{"name":"wp","href":"https:\/\/api.w.org\/{rel}","templated":true}]}}