{"id":2136,"date":"2025-10-03T14:59:23","date_gmt":"2025-10-03T17:59:23","guid":{"rendered":"https:\/\/nexuz.prosperiuz.com\/?page_id=2136"},"modified":"2026-03-29T22:06:45","modified_gmt":"2026-03-30T01:06:45","slug":"contato","status":"publish","type":"page","link":"https:\/\/nexuz-teste.prosperiuz.com\/en\/contato\/","title":{"rendered":"Contato"},"content":{"rendered":"<div data-elementor-type=\"wp-page\" data-elementor-id=\"2136\" class=\"elementor elementor-2136\" data-elementor-post-type=\"page\">\n\t\t\t\t<div class=\"elementor-element elementor-element-6e9839f e-flex e-con-boxed e-con e-parent\" data-id=\"6e9839f\" data-element_type=\"container\" data-e-type=\"container\">\n\t\t\t\t\t<div class=\"e-con-inner\">\n\t\t<div class=\"elementor-element elementor-element-556f0ad e-con-full e-flex e-con e-child\" data-id=\"556f0ad\" data-element_type=\"container\" data-e-type=\"container\">\n\t\t<div class=\"elementor-element elementor-element-d3bb07d e-con-full e-flex e-con e-child\" data-id=\"d3bb07d\" data-element_type=\"container\" data-e-type=\"container\">\n\t\t\t\t<div class=\"elementor-element elementor-element-6dd6c1d elementor-widget elementor-widget-heading\" data-id=\"6dd6c1d\" data-element_type=\"widget\" data-e-type=\"widget\" data-widget_type=\"heading.default\">\n\t\t\t\t\t<h2 class=\"elementor-heading-title elementor-size-default\">Fale conosco<\/h2>\t\t\t\t<\/div>\n\t\t\t\t<\/div>\n\t\t\t\t<\/div>\n\t\t\t\t\t<\/div>\n\t\t\t\t<\/div>\n\t\t<div class=\"elementor-element elementor-element-0529c5b e-flex e-con-boxed e-con e-parent\" data-id=\"0529c5b\" data-element_type=\"container\" data-e-type=\"container\">\n\t\t\t\t\t<div class=\"e-con-inner\">\n\t\t<div class=\"elementor-element elementor-element-b67abbc e-con-full e-flex e-con e-child\" data-id=\"b67abbc\" data-element_type=\"container\" data-e-type=\"container\" data-settings=\"{&quot;background_background&quot;:&quot;classic&quot;}\">\n\t\t\t\t<div class=\"elementor-element elementor-element-1a67477 elementor-widget elementor-widget-image\" data-id=\"1a67477\" data-element_type=\"widget\" data-e-type=\"widget\" data-widget_type=\"image.default\">\n\t\t\t\t\t\t\t\t\t\t\t\t\t\t\t<img loading=\"lazy\" decoding=\"async\" width=\"800\" height=\"800\" src=\"https:\/\/nexuz-teste.prosperiuz.com\/wp-content\/uploads\/2025\/11\/SUPORTE-1.png\" class=\"attachment-large size-large wp-image-8600\" alt=\"\" srcset=\"https:\/\/nexuz-teste.prosperiuz.com\/wp-content\/uploads\/2025\/11\/SUPORTE-1.png 1024w, https:\/\/nexuz-teste.prosperiuz.com\/wp-content\/uploads\/2025\/11\/SUPORTE-1-300x300.png 300w, https:\/\/nexuz-teste.prosperiuz.com\/wp-content\/uploads\/2025\/11\/SUPORTE-1-150x150.png 150w, https:\/\/nexuz-teste.prosperiuz.com\/wp-content\/uploads\/2025\/11\/SUPORTE-1-768x768.png 768w, https:\/\/nexuz-teste.prosperiuz.com\/wp-content\/uploads\/2025\/11\/SUPORTE-1-12x12.png 12w, https:\/\/nexuz-teste.prosperiuz.com\/wp-content\/uploads\/2025\/11\/SUPORTE-1-800x800.png 800w, https:\/\/nexuz-teste.prosperiuz.com\/wp-content\/uploads\/2025\/11\/SUPORTE-1-700x700.png 700w, https:\/\/nexuz-teste.prosperiuz.com\/wp-content\/uploads\/2025\/11\/SUPORTE-1-100x100.png 100w\" sizes=\"auto, (max-width: 800px) 100vw, 800px\" \/>\t\t\t\t\t\t\t\t\t\t\t\t\t\t\t<\/div>\n\t\t<div class=\"elementor-element elementor-element-dcbc5a4 e-con-full e-flex e-con e-child\" data-id=\"dcbc5a4\" data-element_type=\"container\" data-e-type=\"container\">\n\t\t\t\t<div class=\"elementor-element elementor-element-e6d7a60 elementor-widget elementor-widget-heading\" data-id=\"e6d7a60\" data-element_type=\"widget\" data-e-type=\"widget\" data-widget_type=\"heading.default\">\n\t\t\t\t\t<h2 class=\"elementor-heading-title elementor-size-default\">Suporte - Sem<\/h2>\t\t\t\t<\/div>\n\t\t\t\t<div class=\"elementor-element elementor-element-5d237cb elementor-widget__width-initial elementor-widget elementor-widget-image\" data-id=\"5d237cb\" data-element_type=\"widget\" data-e-type=\"widget\" data-widget_type=\"image.default\">\n\t\t\t\t\t\t\t\t\t\t\t\t\t\t\t<img loading=\"lazy\" decoding=\"async\" width=\"300\" height=\"300\" src=\"https:\/\/nexuz-teste.prosperiuz.com\/wp-content\/uploads\/2025\/10\/storm-1.png\" class=\"attachment-medium size-medium wp-image-7409\" alt=\"\" \/>\t\t\t\t\t\t\t\t\t\t\t\t\t\t\t<\/div>\n\t\t\t\t<\/div>\n\t\t\t\t<div class=\"elementor-element elementor-element-d3497c4 elementor-widget elementor-widget-heading\" data-id=\"d3497c4\" data-element_type=\"widget\" data-e-type=\"widget\" data-widget_type=\"heading.default\">\n\t\t\t\t\t<h2 class=\"elementor-heading-title elementor-size-default\">Precisa de ajuda com um acesso sem entrega autom\u00e1tica? <br><br>Me chame agora mesmo clicando no bot\u00e3o abaixo!<\/h2>\t\t\t\t<\/div>\n\t\t\t\t<div class=\"elementor-element elementor-element-392e693 elementor-align-justify elementor-widget__width-initial elementor-widget elementor-widget-button\" data-id=\"392e693\" data-element_type=\"widget\" data-e-type=\"widget\" data-widget_type=\"button.default\">\n\t\t\t\t\t\t\t\t\t\t<a class=\"elementor-button elementor-button-link elementor-size-sm\" href=\"https:\/\/wa.link\/rl572e\">\n\t\t\t\t\t\t<span class=\"elementor-button-content-wrapper\">\n\t\t\t\t\t\t\t\t\t<span class=\"elementor-button-text\">Chamar suporte<\/span>\n\t\t\t\t\t<\/span>\n\t\t\t\t\t<\/a>\n\t\t\t\t\t\t\t\t<\/div>\n\t\t\t\t<\/div>\n\t\t<div class=\"elementor-element elementor-element-4fd1270 e-con-full e-flex e-con e-child\" data-id=\"4fd1270\" data-element_type=\"container\" data-e-type=\"container\" data-settings=\"{&quot;background_background&quot;:&quot;classic&quot;}\">\n\t\t\t\t<div class=\"elementor-element elementor-element-3b0fadb elementor-widget elementor-widget-image\" data-id=\"3b0fadb\" data-element_type=\"widget\" data-e-type=\"widget\" data-widget_type=\"image.default\">\n\t\t\t\t\t\t\t\t\t\t\t\t\t\t\t<img loading=\"lazy\" decoding=\"async\" width=\"800\" height=\"800\" src=\"https:\/\/nexuz-teste.prosperiuz.com\/wp-content\/uploads\/2025\/11\/SUPORTE-2.png\" class=\"attachment-large size-large wp-image-8604\" alt=\"\" srcset=\"https:\/\/nexuz-teste.prosperiuz.com\/wp-content\/uploads\/2025\/11\/SUPORTE-2.png 1024w, https:\/\/nexuz-teste.prosperiuz.com\/wp-content\/uploads\/2025\/11\/SUPORTE-2-300x300.png 300w, https:\/\/nexuz-teste.prosperiuz.com\/wp-content\/uploads\/2025\/11\/SUPORTE-2-150x150.png 150w, https:\/\/nexuz-teste.prosperiuz.com\/wp-content\/uploads\/2025\/11\/SUPORTE-2-768x768.png 768w, https:\/\/nexuz-teste.prosperiuz.com\/wp-content\/uploads\/2025\/11\/SUPORTE-2-12x12.png 12w, https:\/\/nexuz-teste.prosperiuz.com\/wp-content\/uploads\/2025\/11\/SUPORTE-2-800x800.png 800w, https:\/\/nexuz-teste.prosperiuz.com\/wp-content\/uploads\/2025\/11\/SUPORTE-2-700x700.png 700w, https:\/\/nexuz-teste.prosperiuz.com\/wp-content\/uploads\/2025\/11\/SUPORTE-2-100x100.png 100w\" sizes=\"auto, (max-width: 800px) 100vw, 800px\" \/>\t\t\t\t\t\t\t\t\t\t\t\t\t\t\t<\/div>\n\t\t<div class=\"elementor-element elementor-element-0adcd20 e-con-full e-flex e-con e-child\" data-id=\"0adcd20\" data-element_type=\"container\" data-e-type=\"container\">\n\t\t\t\t<div class=\"elementor-element elementor-element-440eca5 elementor-widget elementor-widget-heading\" data-id=\"440eca5\" data-element_type=\"widget\" data-e-type=\"widget\" data-widget_type=\"heading.default\">\n\t\t\t\t\t<h2 class=\"elementor-heading-title elementor-size-default\">Suporte - Com<\/h2>\t\t\t\t<\/div>\n\t\t\t\t<div class=\"elementor-element elementor-element-465b5c1 elementor-widget__width-initial elementor-widget elementor-widget-image\" data-id=\"465b5c1\" data-element_type=\"widget\" data-e-type=\"widget\" data-widget_type=\"image.default\">\n\t\t\t\t\t\t\t\t\t\t\t\t\t\t\t<img loading=\"lazy\" decoding=\"async\" width=\"300\" height=\"300\" src=\"https:\/\/nexuz-teste.prosperiuz.com\/wp-content\/uploads\/2025\/10\/storm-1.png\" class=\"attachment-medium size-medium wp-image-7409\" alt=\"\" \/>\t\t\t\t\t\t\t\t\t\t\t\t\t\t\t<\/div>\n\t\t\t\t<\/div>\n\t\t\t\t<div class=\"elementor-element elementor-element-d06a886 elementor-widget elementor-widget-heading\" data-id=\"d06a886\" data-element_type=\"widget\" data-e-type=\"widget\" data-widget_type=\"heading.default\">\n\t\t\t\t\t<h2 class=\"elementor-heading-title elementor-size-default\">Precisa de ajuda com um acesso com entrega autom\u00e1tica? <br><br>Me chame agora mesmo clicando no bot\u00e3o abaixo!<\/h2>\t\t\t\t<\/div>\n\t\t\t\t<div class=\"elementor-element elementor-element-3edcf06 elementor-align-justify elementor-widget__width-initial elementor-widget elementor-widget-button\" data-id=\"3edcf06\" data-element_type=\"widget\" data-e-type=\"widget\" data-widget_type=\"button.default\">\n\t\t\t\t\t\t\t\t\t\t<a class=\"elementor-button elementor-button-link elementor-size-sm\" href=\"https:\/\/wa.link\/wufa86\">\n\t\t\t\t\t\t<span class=\"elementor-button-content-wrapper\">\n\t\t\t\t\t\t\t\t\t<span class=\"elementor-button-text\">Chamar suporte<\/span>\n\t\t\t\t\t<\/span>\n\t\t\t\t\t<\/a>\n\t\t\t\t\t\t\t\t<\/div>\n\t\t\t\t<\/div>\n\t\t\t\t\t<\/div>\n\t\t\t\t<\/div>\n\t\t<div class=\"elementor-element elementor-element-aa8c2d1 e-flex e-con-boxed e-con e-parent\" data-id=\"aa8c2d1\" data-element_type=\"container\" data-e-type=\"container\">\n\t\t\t\t\t<div class=\"e-con-inner\">\n\t\t<div class=\"elementor-element elementor-element-b0a0d00 e-con-full e-flex e-con e-child\" data-id=\"b0a0d00\" data-element_type=\"container\" data-e-type=\"container\">\n\t\t\t\t<div class=\"elementor-element elementor-element-becd042 elementor-widget-divider--view-line elementor-widget elementor-widget-divider\" data-id=\"becd042\" data-element_type=\"widget\" data-e-type=\"widget\" data-widget_type=\"divider.default\">\n\t\t\t\t\t\t\t<div class=\"elementor-divider\">\n\t\t\t<span class=\"elementor-divider-separator\">\n\t\t\t\t\t\t<\/span>\n\t\t<\/div>\n\t\t\t\t\t\t<\/div>\n\t\t\t\t<\/div>\n\t\t\t\t\t<\/div>\n\t\t\t\t<\/div>\n\t\t\t\t<\/div>","protected":false},"excerpt":{"rendered":"<p>Fale conosco Suporte &#8211; Sem Precisa de ajuda com um acesso sem entrega autom\u00e1tica? Me chame agora mesmo clicando no bot\u00e3o abaixo! Chamar suporte Suporte &#8211; Com Precisa de ajuda com um acesso com entrega autom\u00e1tica? Me chame agora mesmo clicando no bot\u00e3o abaixo! Chamar suporte<\/p>","protected":false},"author":2,"featured_media":0,"parent":0,"menu_order":0,"comment_status":"closed","ping_status":"closed","template":"","meta":{"footnotes":""},"class_list":["post-2136","page","type-page","status-publish","hentry"],"jetpack_sharing_enabled":true,"_links":{"self":[{"href":"https:\/\/nexuz-teste.prosperiuz.com\/en\/wp-json\/wp\/v2\/pages\/2136","targetHints":{"allow":["GET"]}}],"collection":[{"href":"https:\/\/nexuz-teste.prosperiuz.com\/en\/wp-json\/wp\/v2\/pages"}],"about":[{"href":"https:\/\/nexuz-teste.prosperiuz.com\/en\/wp-json\/wp\/v2\/types\/page"}],"author":[{"embeddable":true,"href":"https:\/\/nexuz-teste.prosperiuz.com\/en\/wp-json\/wp\/v2\/users\/2"}],"replies":[{"embeddable":true,"href":"https:\/\/nexuz-teste.prosperiuz.com\/en\/wp-json\/wp\/v2\/comments?post=2136"}],"version-history":[{"count":21,"href":"https:\/\/nexuz-teste.prosperiuz.com\/en\/wp-json\/wp\/v2\/pages\/2136\/revisions"}],"predecessor-version":[{"id":13054,"href":"https:\/\/nexuz-teste.prosperiuz.com\/en\/wp-json\/wp\/v2\/pages\/2136\/revisions\/13054"}],"wp:attachment":[{"href":"https:\/\/nexuz-teste.prosperiuz.com\/en\/wp-json\/wp\/v2\/media?parent=2136"}],"curies":[{"name":"wp","href":"https:\/\/api.w.org\/{rel}","templated":true}]}}