{"id":2123,"date":"2025-09-29T15:49:23","date_gmt":"2025-09-29T18:49:23","guid":{"rendered":"https:\/\/nexuz.prosperiuz.com\/minha-conta\/"},"modified":"2026-03-29T22:23:02","modified_gmt":"2026-03-30T01:23:02","slug":"minha-conta","status":"publish","type":"page","link":"https:\/\/nexuz-teste.prosperiuz.com\/en\/minha-conta\/","title":{"rendered":"Minha conta"},"content":{"rendered":"<div data-elementor-type=\"wp-page\" data-elementor-id=\"2123\" class=\"elementor elementor-2123\" data-elementor-post-type=\"page\">\n\t\t\t\t<div class=\"elementor-element elementor-element-41ce68a e-flex e-con-boxed e-con e-parent\" data-id=\"41ce68a\" data-element_type=\"container\" data-e-type=\"container\">\n\t\t\t\t\t<div class=\"e-con-inner\">\n\t\t<div class=\"elementor-element elementor-element-1ec23bf e-con-full e-flex e-con e-child\" data-id=\"1ec23bf\" data-element_type=\"container\" data-e-type=\"container\">\n\t\t\t\t<div class=\"elementor-element elementor-element-bc17ef5 e-my-account-tabs-horizontal elementor-widget elementor-widget-woocommerce-my-account\" data-id=\"bc17ef5\" data-element_type=\"widget\" data-e-type=\"widget\" data-settings=\"{&quot;customize_dashboard_check&quot;:&quot;yes&quot;}\" data-widget_type=\"woocommerce-my-account.default\">\n\t\t\t\t\t<div class=\"e-my-account-tab e-my-account-tab__\">\t\t\t<div class=\"woocommerce\"><\/div>\t\t<\/div>\n\t\t\t\t\t\t<\/div>\n\t\t\t\t<\/div>\n\t\t\t\t\t<\/div>\n\t\t\t\t<\/div>\n\t\t<div class=\"elementor-element elementor-element-dd73d9a e-flex e-con-boxed e-con e-parent\" data-id=\"dd73d9a\" data-element_type=\"container\" data-e-type=\"container\">\n\t\t\t\t\t<div class=\"e-con-inner\">\n\t\t<div class=\"elementor-element elementor-element-24a1e6e e-con-full e-flex e-con e-child\" data-id=\"24a1e6e\" data-element_type=\"container\" data-e-type=\"container\">\n\t\t\t\t<div class=\"elementor-element elementor-element-2e14c38 elementor-widget-divider--view-line elementor-widget elementor-widget-divider\" data-id=\"2e14c38\" data-element_type=\"widget\" data-e-type=\"widget\" data-widget_type=\"divider.default\">\n\t\t\t\t\t\t\t<div class=\"elementor-divider\">\n\t\t\t<span class=\"elementor-divider-separator\">\n\t\t\t\t\t\t<\/span>\n\t\t<\/div>\n\t\t\t\t\t\t<\/div>\n\t\t\t\t<\/div>\n\t\t\t\t\t<\/div>\n\t\t\t\t<\/div>\n\t\t\t\t<\/div>","protected":false},"excerpt":{"rendered":"<p>Ol\u00e1, Painel Acessos Endere\u00e7o Detalhes Wishlist Sair da conta Painel Acessos Endere\u00e7o Detalhes Wishlist Sair da conta Ol\u00e1, Icaro (n\u00e3o \u00e9 Icaro? Sair) A partir do painel de controle de sua conta, voc\u00ea pode ver suas compras recentes, gerenciar seus endere\u00e7os de entrega e cobran\u00e7a, e editar sua senha e detalhes da conta.<\/p>","protected":false},"author":1,"featured_media":0,"parent":0,"menu_order":0,"comment_status":"closed","ping_status":"closed","template":"","meta":{"footnotes":""},"class_list":["post-2123","page","type-page","status-publish","hentry"],"jetpack_sharing_enabled":true,"_links":{"self":[{"href":"https:\/\/nexuz-teste.prosperiuz.com\/en\/wp-json\/wp\/v2\/pages\/2123","targetHints":{"allow":["GET"]}}],"collection":[{"href":"https:\/\/nexuz-teste.prosperiuz.com\/en\/wp-json\/wp\/v2\/pages"}],"about":[{"href":"https:\/\/nexuz-teste.prosperiuz.com\/en\/wp-json\/wp\/v2\/types\/page"}],"author":[{"embeddable":true,"href":"https:\/\/nexuz-teste.prosperiuz.com\/en\/wp-json\/wp\/v2\/users\/1"}],"replies":[{"embeddable":true,"href":"https:\/\/nexuz-teste.prosperiuz.com\/en\/wp-json\/wp\/v2\/comments?post=2123"}],"version-history":[{"count":63,"href":"https:\/\/nexuz-teste.prosperiuz.com\/en\/wp-json\/wp\/v2\/pages\/2123\/revisions"}],"predecessor-version":[{"id":13104,"href":"https:\/\/nexuz-teste.prosperiuz.com\/en\/wp-json\/wp\/v2\/pages\/2123\/revisions\/13104"}],"wp:attachment":[{"href":"https:\/\/nexuz-teste.prosperiuz.com\/en\/wp-json\/wp\/v2\/media?parent=2123"}],"curies":[{"name":"wp","href":"https:\/\/api.w.org\/{rel}","templated":true}]}}