{"id":12695,"date":"2026-03-24T12:08:50","date_gmt":"2026-03-24T15:08:50","guid":{"rendered":"https:\/\/nexuz.prosperiuz.com\/?page_id=12695"},"modified":"2026-03-24T17:44:20","modified_gmt":"2026-03-24T20:44:20","slug":"o-que-significa-o-raio-amarelo","status":"publish","type":"page","link":"https:\/\/nexuz-teste.prosperiuz.com\/en\/o-que-significa-o-raio-amarelo\/","title":{"rendered":"O que significa o Raio Amarelo?"},"content":{"rendered":"<div data-elementor-type=\"wp-page\" data-elementor-id=\"12695\" class=\"elementor elementor-12695\" data-elementor-post-type=\"page\">\n\t\t\t\t<div class=\"elementor-element elementor-element-7a45a2ac e-flex e-con-boxed e-con e-parent\" data-id=\"7a45a2ac\" data-element_type=\"container\" data-e-type=\"container\">\n\t\t\t\t\t<div class=\"e-con-inner\">\n\t\t<div class=\"elementor-element elementor-element-547df2ee e-con-full e-flex e-con e-child\" data-id=\"547df2ee\" data-element_type=\"container\" data-e-type=\"container\">\n\t\t<div class=\"elementor-element elementor-element-6ffd32b3 e-con-full e-flex e-con e-child\" data-id=\"6ffd32b3\" data-element_type=\"container\" data-e-type=\"container\">\n\t\t\t\t<div class=\"elementor-element elementor-element-20ad042e elementor-widget elementor-widget-heading\" data-id=\"20ad042e\" data-element_type=\"widget\" data-e-type=\"widget\" data-widget_type=\"heading.default\">\n\t\t\t\t\t<h2 class=\"elementor-heading-title elementor-size-default\">O que \u00e9 o <b>Raio Amarelo<\/b>?<\/h2>\t\t\t\t<\/div>\n\t\t\t\t<\/div>\n\t\t\t\t<div class=\"elementor-element elementor-element-ee87291 elementor-widget__width-auto elementor-widget elementor-widget-heading\" data-id=\"ee87291\" data-element_type=\"widget\" data-e-type=\"widget\" data-widget_type=\"heading.default\">\n\t\t\t\t\t<h2 class=\"elementor-heading-title elementor-size-default\">Entenda o que significa<\/h2>\t\t\t\t<\/div>\n\t\t\t\t<\/div>\n\t\t\t\t\t<\/div>\n\t\t\t\t<\/div>\n\t\t<div class=\"elementor-element elementor-element-8cc378a e-flex e-con-boxed e-con e-parent\" data-id=\"8cc378a\" data-element_type=\"container\" data-e-type=\"container\">\n\t\t\t\t\t<div class=\"e-con-inner\">\n\t\t\t\t<div class=\"elementor-element elementor-element-caccf2e elementor-widget-divider--view-line elementor-widget elementor-widget-divider\" data-id=\"caccf2e\" data-element_type=\"widget\" data-e-type=\"widget\" data-widget_type=\"divider.default\">\n\t\t\t\t\t\t\t<div class=\"elementor-divider\">\n\t\t\t<span class=\"elementor-divider-separator\">\n\t\t\t\t\t\t<\/span>\n\t\t<\/div>\n\t\t\t\t\t\t<\/div>\n\t\t\t\t\t<\/div>\n\t\t\t\t<\/div>\n\t\t<div class=\"elementor-element elementor-element-980cdd3 e-grid e-con-boxed e-con e-parent\" data-id=\"980cdd3\" data-element_type=\"container\" data-e-type=\"container\">\n\t\t\t\t\t<div class=\"e-con-inner\">\n\t\t\t\t<div class=\"elementor-element elementor-element-9485360 elementor-widget__width-inherit filtro-accordion elementor-widget elementor-widget-n-accordion\" data-id=\"9485360\" data-element_type=\"widget\" data-e-type=\"widget\" data-settings=\"{&quot;default_state&quot;:&quot;all_collapsed&quot;,&quot;n_accordion_animation_duration&quot;:{&quot;unit&quot;:&quot;ms&quot;,&quot;size&quot;:100,&quot;sizes&quot;:[]},&quot;max_items_expended&quot;:&quot;one&quot;}\" data-widget_type=\"nested-accordion.default\">\n\t\t\t\t\t\t\t<div class=\"e-n-accordion\" aria-label=\"Accordion. Open links with Enter or Space, close with Escape, and navigate with Arrow Keys\">\n\t\t\t\t\t\t<details id=\"e-n-accordion-item-1550\" class=\"e-n-accordion-item\" >\n\t\t\t\t<summary class=\"e-n-accordion-item-title\" data-accordion-index=\"1\" tabindex=\"0\" aria-expanded=\"false\" aria-controls=\"e-n-accordion-item-1550\" >\n\t\t\t\t\t<span class='e-n-accordion-item-title-header'><div class=\"e-n-accordion-item-title-text\"> Como identifico os combos? <\/div><\/span>\n\t\t\t\t\t\t\t<span class='e-n-accordion-item-title-icon'>\n\t\t\t<span class='e-opened' ><svg aria-hidden=\"true\" class=\"e-font-icon-svg e-fas-angle-up\" viewbox=\"0 0 320 512\" xmlns=\"http:\/\/www.w3.org\/2000\/svg\"><path d=\"M177 159.7l136 136c9.4 9.4 9.4 24.6 0 33.9l-22.6 22.6c-9.4 9.4-24.6 9.4-33.9 0L160 255.9l-96.4 96.4c-9.4 9.4-24.6 9.4-33.9 0L7 329.7c-9.4-9.4-9.4-24.6 0-33.9l136-136c9.4-9.5 24.6-9.5 34-.1z\"><\/path><\/svg><\/span>\n\t\t\t<span class='e-closed'><svg aria-hidden=\"true\" class=\"e-font-icon-svg e-fas-angle-down\" viewbox=\"0 0 320 512\" xmlns=\"http:\/\/www.w3.org\/2000\/svg\"><path d=\"M143 352.3L7 216.3c-9.4-9.4-9.4-24.6 0-33.9l22.6-22.6c9.4-9.4 24.6-9.4 33.9 0l96.4 96.4 96.4-96.4c9.4-9.4 24.6-9.4 33.9 0l22.6 22.6c9.4 9.4 9.4 24.6 0 33.9l-136 136c-9.2 9.4-24.4 9.4-33.8 0z\"><\/path><\/svg><\/span>\n\t\t<\/span>\n\n\t\t\t\t\t\t<\/summary>\n\t\t\t\t<div role=\"region\" aria-labelledby=\"e-n-accordion-item-1550\" class=\"elementor-element elementor-element-30585b8 e-con-full e-grid e-con e-child\" data-id=\"30585b8\" data-element_type=\"container\" data-e-type=\"container\" data-settings=\"{&quot;background_background&quot;:&quot;classic&quot;}\">\n\t\t\t\t<div class=\"elementor-element elementor-element-770d79c elementor-widget elementor-widget-heading\" data-id=\"770d79c\" data-element_type=\"widget\" data-e-type=\"widget\" data-widget_type=\"heading.default\">\n\t\t\t\t\t<h2 class=\"elementor-heading-title elementor-size-default\">Acessos com borda amarela indicam que fazem parte de um combo especial, reunindo mais benef\u00edcios\/ descontos em uma \u00fanica oferta.<\/h2>\t\t\t\t<\/div>\n\t\t\t\t<div class=\"elementor-element elementor-element-1655286 elementor-widget elementor-widget-image\" data-id=\"1655286\" data-element_type=\"widget\" data-e-type=\"widget\" data-widget_type=\"image.default\">\n\t\t\t\t\t\t\t\t\t\t\t\t\t\t\t<img loading=\"lazy\" decoding=\"async\" width=\"687\" height=\"1024\" src=\"https:\/\/nexuz-teste.prosperiuz.com\/wp-content\/uploads\/2026\/03\/Combo-tutorial-687x1024.jpeg\" class=\"attachment-large size-large wp-image-12856\" alt=\"\" srcset=\"https:\/\/nexuz-teste.prosperiuz.com\/wp-content\/uploads\/2026\/03\/Combo-tutorial-687x1024.jpeg 687w, https:\/\/nexuz-teste.prosperiuz.com\/wp-content\/uploads\/2026\/03\/Combo-tutorial-201x300.jpeg 201w, https:\/\/nexuz-teste.prosperiuz.com\/wp-content\/uploads\/2026\/03\/Combo-tutorial-768x1145.jpeg 768w, https:\/\/nexuz-teste.prosperiuz.com\/wp-content\/uploads\/2026\/03\/Combo-tutorial-1030x1536.jpeg 1030w, https:\/\/nexuz-teste.prosperiuz.com\/wp-content\/uploads\/2026\/03\/Combo-tutorial-8x12.jpeg 8w, https:\/\/nexuz-teste.prosperiuz.com\/wp-content\/uploads\/2026\/03\/Combo-tutorial-700x1044.jpeg 700w, https:\/\/nexuz-teste.prosperiuz.com\/wp-content\/uploads\/2026\/03\/Combo-tutorial.jpeg 1073w\" sizes=\"auto, (max-width: 687px) 100vw, 687px\" \/>\t\t\t\t\t\t\t\t\t\t\t\t\t\t\t<\/div>\n\t\t\t\t<\/div>\n\t\t\t\t\t<\/details>\n\t\t\t\t\t<\/div>\n\t\t\t\t\t\t<\/div>\n\t\t\t\t\t<\/div>\n\t\t\t\t<\/div>\n\t\t<div class=\"elementor-element elementor-element-d04b5bc e-grid e-con-boxed e-con e-parent\" data-id=\"d04b5bc\" data-element_type=\"container\" data-e-type=\"container\">\n\t\t\t\t\t<div class=\"e-con-inner\">\n\t\t<div class=\"elementor-element elementor-element-6219c72 e-con-full e-flex e-con e-child\" data-id=\"6219c72\" data-element_type=\"container\" data-e-type=\"container\" data-settings=\"{&quot;background_background&quot;:&quot;classic&quot;}\">\n\t\t\t\t<div class=\"elementor-element elementor-element-dd98d97 elementor-widget elementor-widget-image\" data-id=\"dd98d97\" data-element_type=\"widget\" data-e-type=\"widget\" data-widget_type=\"image.default\">\n\t\t\t\t\t\t\t\t\t\t\t\t\t\t\t<img loading=\"lazy\" decoding=\"async\" width=\"300\" height=\"300\" src=\"https:\/\/nexuz-teste.prosperiuz.com\/wp-content\/uploads\/2025\/10\/storm-1.png\" class=\"attachment-medium size-medium wp-image-7409\" alt=\"\" \/>\t\t\t\t\t\t\t\t\t\t\t\t\t\t\t<\/div>\n\t\t\t\t<div class=\"elementor-element elementor-element-34591c7 elementor-widget__width-auto elementor-widget elementor-widget-heading\" data-id=\"34591c7\" data-element_type=\"widget\" data-e-type=\"widget\" data-widget_type=\"heading.default\">\n\t\t\t\t\t<h2 class=\"elementor-heading-title elementor-size-default\"><b>Significado:<\/b> <br>O acesso com o raio amarelo, est\u00e1 configurado para entregar o conte\u00fado instantaneamente ap\u00f3s a compra, na \u00e1rea minha conta, acessado pelo mesmo email que foi efetuado a compra do acesso.<\/h2>\t\t\t\t<\/div>\n\t\t\t\t<\/div>\n\t\t\t\t\t<\/div>\n\t\t\t\t<\/div>\n\t\t<div class=\"elementor-element elementor-element-22a33cf e-flex e-con-boxed e-con e-parent\" data-id=\"22a33cf\" data-element_type=\"container\" data-e-type=\"container\">\n\t\t\t\t\t<div class=\"e-con-inner\">\n\t\t<div class=\"elementor-element elementor-element-1ea38be6 e-con-full e-flex e-con e-child\" data-id=\"1ea38be6\" data-element_type=\"container\" data-e-type=\"container\">\n\t\t\t\t<div class=\"elementor-element elementor-element-5501871c elementor-widget-divider--view-line elementor-widget elementor-widget-divider\" data-id=\"5501871c\" data-element_type=\"widget\" data-e-type=\"widget\" data-widget_type=\"divider.default\">\n\t\t\t\t\t\t\t<div class=\"elementor-divider\">\n\t\t\t<span class=\"elementor-divider-separator\">\n\t\t\t\t\t\t<\/span>\n\t\t<\/div>\n\t\t\t\t\t\t<\/div>\n\t\t\t\t<\/div>\n\t\t\t\t\t<\/div>\n\t\t\t\t<\/div>\n\t\t\t\t<\/div>","protected":false},"excerpt":{"rendered":"<p>O que \u00e9 o Raio Amarelo? Entenda o que significa Como identifico os combos? Acessos com borda amarela indicam que fazem parte de um combo especial, reunindo mais benef\u00edcios\/ descontos em uma \u00fanica oferta. Acessos com borda amarela indicam que fazem parte de um combo especial, reunindo mais benef\u00edcios\/ descontos em uma \u00fanica oferta. Significado: [&hellip;]<\/p>\n","protected":false},"author":2,"featured_media":0,"parent":0,"menu_order":0,"comment_status":"closed","ping_status":"closed","template":"","meta":{"footnotes":""},"class_list":["post-12695","page","type-page","status-publish","hentry"],"jetpack_sharing_enabled":true,"_links":{"self":[{"href":"https:\/\/nexuz-teste.prosperiuz.com\/en\/wp-json\/wp\/v2\/pages\/12695","targetHints":{"allow":["GET"]}}],"collection":[{"href":"https:\/\/nexuz-teste.prosperiuz.com\/en\/wp-json\/wp\/v2\/pages"}],"about":[{"href":"https:\/\/nexuz-teste.prosperiuz.com\/en\/wp-json\/wp\/v2\/types\/page"}],"author":[{"embeddable":true,"href":"https:\/\/nexuz-teste.prosperiuz.com\/en\/wp-json\/wp\/v2\/users\/2"}],"replies":[{"embeddable":true,"href":"https:\/\/nexuz-teste.prosperiuz.com\/en\/wp-json\/wp\/v2\/comments?post=12695"}],"version-history":[{"count":22,"href":"https:\/\/nexuz-teste.prosperiuz.com\/en\/wp-json\/wp\/v2\/pages\/12695\/revisions"}],"predecessor-version":[{"id":12875,"href":"https:\/\/nexuz-teste.prosperiuz.com\/en\/wp-json\/wp\/v2\/pages\/12695\/revisions\/12875"}],"wp:attachment":[{"href":"https:\/\/nexuz-teste.prosperiuz.com\/en\/wp-json\/wp\/v2\/media?parent=12695"}],"curies":[{"name":"wp","href":"https:\/\/api.w.org\/{rel}","templated":true}]}}