{"id":12621,"date":"2026-03-24T00:01:52","date_gmt":"2026-03-24T03:01:52","guid":{"rendered":"https:\/\/nexuz.prosperiuz.com\/?page_id=12621"},"modified":"2026-03-24T17:43:55","modified_gmt":"2026-03-24T20:43:55","slug":"tudo-sobre-duracao","status":"publish","type":"page","link":"https:\/\/nexuz-teste.prosperiuz.com\/en\/tudo-sobre-duracao\/","title":{"rendered":"Tudo sobre Dura\u00e7\u00e3o"},"content":{"rendered":"<div data-elementor-type=\"wp-page\" data-elementor-id=\"12621\" class=\"elementor elementor-12621\" data-elementor-post-type=\"page\">\n\t\t\t\t<div class=\"elementor-element elementor-element-7a45a2ac e-flex e-con-boxed e-con e-parent\" data-id=\"7a45a2ac\" data-element_type=\"container\" data-e-type=\"container\">\n\t\t\t\t\t<div class=\"e-con-inner\">\n\t\t<div class=\"elementor-element elementor-element-547df2ee e-con-full e-flex e-con e-child\" data-id=\"547df2ee\" data-element_type=\"container\" data-e-type=\"container\">\n\t\t<div class=\"elementor-element elementor-element-6ffd32b3 e-con-full e-flex e-con e-child\" data-id=\"6ffd32b3\" data-element_type=\"container\" data-e-type=\"container\">\n\t\t\t\t<div class=\"elementor-element elementor-element-20ad042e elementor-widget elementor-widget-heading\" data-id=\"20ad042e\" data-element_type=\"widget\" data-e-type=\"widget\" data-widget_type=\"heading.default\">\n\t\t\t\t\t<h2 class=\"elementor-heading-title elementor-size-default\">Tudo sobre <b>Dura\u00e7\u00e3o<\/b><\/h2>\t\t\t\t<\/div>\n\t\t\t\t<\/div>\n\t\t\t\t<div class=\"elementor-element elementor-element-ee87291 elementor-widget__width-auto elementor-widget elementor-widget-heading\" data-id=\"ee87291\" data-element_type=\"widget\" data-e-type=\"widget\" data-widget_type=\"heading.default\">\n\t\t\t\t\t<h2 class=\"elementor-heading-title elementor-size-default\">Entenda o que cada uma significa<\/h2>\t\t\t\t<\/div>\n\t\t\t\t<\/div>\n\t\t\t\t\t<\/div>\n\t\t\t\t<\/div>\n\t\t<div class=\"elementor-element elementor-element-8cc378a e-flex e-con-boxed e-con e-parent\" data-id=\"8cc378a\" data-element_type=\"container\" data-e-type=\"container\">\n\t\t\t\t\t<div class=\"e-con-inner\">\n\t\t\t\t<div class=\"elementor-element elementor-element-caccf2e elementor-widget-divider--view-line elementor-widget elementor-widget-divider\" data-id=\"caccf2e\" data-element_type=\"widget\" data-e-type=\"widget\" data-widget_type=\"divider.default\">\n\t\t\t\t\t\t\t<div class=\"elementor-divider\">\n\t\t\t<span class=\"elementor-divider-separator\">\n\t\t\t\t\t\t<\/span>\n\t\t<\/div>\n\t\t\t\t\t\t<\/div>\n\t\t\t\t\t<\/div>\n\t\t\t\t<\/div>\n\t\t<div class=\"elementor-element elementor-element-90f864e e-grid e-con-boxed e-con e-parent\" data-id=\"90f864e\" data-element_type=\"container\" data-e-type=\"container\">\n\t\t\t\t\t<div class=\"e-con-inner\">\n\t\t\t\t<div class=\"elementor-element elementor-element-dd692c1 elementor-widget__width-inherit filtro-accordion elementor-widget elementor-widget-n-accordion\" data-id=\"dd692c1\" data-element_type=\"widget\" data-e-type=\"widget\" data-settings=\"{&quot;default_state&quot;:&quot;all_collapsed&quot;,&quot;n_accordion_animation_duration&quot;:{&quot;unit&quot;:&quot;ms&quot;,&quot;size&quot;:100,&quot;sizes&quot;:[]},&quot;max_items_expended&quot;:&quot;one&quot;}\" data-widget_type=\"nested-accordion.default\">\n\t\t\t\t\t\t\t<div class=\"e-n-accordion\" aria-label=\"Accordion. Open links with Enter or Space, close with Escape, and navigate with Arrow Keys\">\n\t\t\t\t\t\t<details id=\"e-n-accordion-item-2320\" class=\"e-n-accordion-item\" >\n\t\t\t\t<summary class=\"e-n-accordion-item-title\" data-accordion-index=\"1\" tabindex=\"0\" aria-expanded=\"false\" aria-controls=\"e-n-accordion-item-2320\" >\n\t\t\t\t\t<span class='e-n-accordion-item-title-header'><div class=\"e-n-accordion-item-title-text\"> Como identifico os combos? <\/div><\/span>\n\t\t\t\t\t\t\t<span class='e-n-accordion-item-title-icon'>\n\t\t\t<span class='e-opened' ><svg aria-hidden=\"true\" class=\"e-font-icon-svg e-fas-angle-up\" viewbox=\"0 0 320 512\" xmlns=\"http:\/\/www.w3.org\/2000\/svg\"><path d=\"M177 159.7l136 136c9.4 9.4 9.4 24.6 0 33.9l-22.6 22.6c-9.4 9.4-24.6 9.4-33.9 0L160 255.9l-96.4 96.4c-9.4 9.4-24.6 9.4-33.9 0L7 329.7c-9.4-9.4-9.4-24.6 0-33.9l136-136c9.4-9.5 24.6-9.5 34-.1z\"><\/path><\/svg><\/span>\n\t\t\t<span class='e-closed'><svg aria-hidden=\"true\" class=\"e-font-icon-svg e-fas-angle-down\" viewbox=\"0 0 320 512\" xmlns=\"http:\/\/www.w3.org\/2000\/svg\"><path d=\"M143 352.3L7 216.3c-9.4-9.4-9.4-24.6 0-33.9l22.6-22.6c9.4-9.4 24.6-9.4 33.9 0l96.4 96.4 96.4-96.4c9.4-9.4 24.6-9.4 33.9 0l22.6 22.6c9.4 9.4 9.4 24.6 0 33.9l-136 136c-9.2 9.4-24.4 9.4-33.8 0z\"><\/path><\/svg><\/span>\n\t\t<\/span>\n\n\t\t\t\t\t\t<\/summary>\n\t\t\t\t<div role=\"region\" aria-labelledby=\"e-n-accordion-item-2320\" class=\"elementor-element elementor-element-a23596c e-con-full e-grid e-con e-child\" data-id=\"a23596c\" data-element_type=\"container\" data-e-type=\"container\" data-settings=\"{&quot;background_background&quot;:&quot;classic&quot;}\">\n\t\t\t\t<div class=\"elementor-element elementor-element-fef1b7e elementor-widget elementor-widget-heading\" data-id=\"fef1b7e\" data-element_type=\"widget\" data-e-type=\"widget\" data-widget_type=\"heading.default\">\n\t\t\t\t\t<h2 class=\"elementor-heading-title elementor-size-default\">Acessos com borda amarela indicam que fazem parte de um combo especial, reunindo mais benef\u00edcios\/ descontos em uma \u00fanica oferta.<\/h2>\t\t\t\t<\/div>\n\t\t\t\t<div class=\"elementor-element elementor-element-6e12ce0 elementor-widget elementor-widget-image\" data-id=\"6e12ce0\" data-element_type=\"widget\" data-e-type=\"widget\" data-widget_type=\"image.default\">\n\t\t\t\t\t\t\t\t\t\t\t\t\t\t\t<img loading=\"lazy\" decoding=\"async\" width=\"687\" height=\"1024\" src=\"https:\/\/nexuz-teste.prosperiuz.com\/wp-content\/uploads\/2026\/03\/Combo-tutorial-687x1024.jpeg\" class=\"attachment-large size-large wp-image-12856\" alt=\"\" srcset=\"https:\/\/nexuz-teste.prosperiuz.com\/wp-content\/uploads\/2026\/03\/Combo-tutorial-687x1024.jpeg 687w, https:\/\/nexuz-teste.prosperiuz.com\/wp-content\/uploads\/2026\/03\/Combo-tutorial-201x300.jpeg 201w, https:\/\/nexuz-teste.prosperiuz.com\/wp-content\/uploads\/2026\/03\/Combo-tutorial-768x1145.jpeg 768w, https:\/\/nexuz-teste.prosperiuz.com\/wp-content\/uploads\/2026\/03\/Combo-tutorial-1030x1536.jpeg 1030w, https:\/\/nexuz-teste.prosperiuz.com\/wp-content\/uploads\/2026\/03\/Combo-tutorial-8x12.jpeg 8w, https:\/\/nexuz-teste.prosperiuz.com\/wp-content\/uploads\/2026\/03\/Combo-tutorial-700x1044.jpeg 700w, https:\/\/nexuz-teste.prosperiuz.com\/wp-content\/uploads\/2026\/03\/Combo-tutorial.jpeg 1073w\" sizes=\"auto, (max-width: 687px) 100vw, 687px\" \/>\t\t\t\t\t\t\t\t\t\t\t\t\t\t\t<\/div>\n\t\t\t\t<\/div>\n\t\t\t\t\t<\/details>\n\t\t\t\t\t<\/div>\n\t\t\t\t\t\t<\/div>\n\t\t\t\t\t<\/div>\n\t\t\t\t<\/div>\n\t\t<div class=\"elementor-element elementor-element-e95dfc0 e-grid e-con-boxed e-con e-parent\" data-id=\"e95dfc0\" data-element_type=\"container\" data-e-type=\"container\">\n\t\t\t\t\t<div class=\"e-con-inner\">\n\t\t<div class=\"elementor-element elementor-element-cdcc813 e-con-full e-flex e-con e-child\" data-id=\"cdcc813\" data-element_type=\"container\" data-e-type=\"container\" data-settings=\"{&quot;background_background&quot;:&quot;classic&quot;}\">\n\t\t<div class=\"elementor-element elementor-element-01b0f51 e-con-full e-flex e-con e-child\" data-id=\"01b0f51\" data-element_type=\"container\" data-e-type=\"container\" data-settings=\"{&quot;background_background&quot;:&quot;classic&quot;}\">\n\t\t\t\t<div class=\"elementor-element elementor-element-ddf8deb elementor-widget elementor-widget-heading\" data-id=\"ddf8deb\" data-element_type=\"widget\" data-e-type=\"widget\" data-widget_type=\"heading.default\">\n\t\t\t\t\t<h2 class=\"elementor-heading-title elementor-size-default\">7 dias<\/h2>\t\t\t\t<\/div>\n\t\t\t\t<\/div>\n\t\t\t\t<div class=\"elementor-element elementor-element-4bdb7ee elementor-widget__width-auto elementor-widget elementor-widget-heading\" data-id=\"4bdb7ee\" data-element_type=\"widget\" data-e-type=\"widget\" data-widget_type=\"heading.default\">\n\t\t\t\t\t<h2 class=\"elementor-heading-title elementor-size-default\"><b>Significado:<\/b> <br>Acesso v\u00e1lido por 7 dias corridos a partir da ativa\u00e7\u00e3o. Ideal para quem quer testar o conte\u00fado ou precisa de acesso r\u00e1pido e pontual.<\/h2>\t\t\t\t<\/div>\n\t\t\t\t<\/div>\n\t\t<div class=\"elementor-element elementor-element-490ed36 e-con-full e-flex e-con e-child\" data-id=\"490ed36\" data-element_type=\"container\" data-e-type=\"container\" data-settings=\"{&quot;background_background&quot;:&quot;classic&quot;}\">\n\t\t<div class=\"elementor-element elementor-element-bb75b8a e-con-full e-flex e-con e-child\" data-id=\"bb75b8a\" data-element_type=\"container\" data-e-type=\"container\" data-settings=\"{&quot;background_background&quot;:&quot;classic&quot;}\">\n\t\t\t\t<div class=\"elementor-element elementor-element-4a9fbda elementor-widget elementor-widget-heading\" data-id=\"4a9fbda\" data-element_type=\"widget\" data-e-type=\"widget\" data-widget_type=\"heading.default\">\n\t\t\t\t\t<h2 class=\"elementor-heading-title elementor-size-default\">30 dias<\/h2>\t\t\t\t<\/div>\n\t\t\t\t<\/div>\n\t\t\t\t<div class=\"elementor-element elementor-element-245222f elementor-widget__width-auto elementor-widget elementor-widget-heading\" data-id=\"245222f\" data-element_type=\"widget\" data-e-type=\"widget\" data-widget_type=\"heading.default\">\n\t\t\t\t\t<h2 class=\"elementor-heading-title elementor-size-default\"><b>Significado:<\/b> <br>Acesso completo por 30 dias. Perfeito para uso mensal, permitindo explorar todos os recursos com mais tempo e flexibilidade.<\/h2>\t\t\t\t<\/div>\n\t\t\t\t<\/div>\n\t\t<div class=\"elementor-element elementor-element-a41a638 e-con-full e-flex e-con e-child\" data-id=\"a41a638\" data-element_type=\"container\" data-e-type=\"container\" data-settings=\"{&quot;background_background&quot;:&quot;classic&quot;}\">\n\t\t<div class=\"elementor-element elementor-element-2272293 e-con-full e-flex e-con e-child\" data-id=\"2272293\" data-element_type=\"container\" data-e-type=\"container\" data-settings=\"{&quot;background_background&quot;:&quot;classic&quot;}\">\n\t\t\t\t<div class=\"elementor-element elementor-element-637be5b elementor-widget elementor-widget-heading\" data-id=\"637be5b\" data-element_type=\"widget\" data-e-type=\"widget\" data-widget_type=\"heading.default\">\n\t\t\t\t\t<h2 class=\"elementor-heading-title elementor-size-default\">3 meses<\/h2>\t\t\t\t<\/div>\n\t\t\t\t<\/div>\n\t\t\t\t<div class=\"elementor-element elementor-element-8106677 elementor-widget__width-auto elementor-widget elementor-widget-heading\" data-id=\"8106677\" data-element_type=\"widget\" data-e-type=\"widget\" data-widget_type=\"heading.default\">\n\t\t\t\t\t<h2 class=\"elementor-heading-title elementor-size-default\"><b>Significado:<\/b> <br>Acesso garantido por 90 dias. Indicado para quem busca continuidade e economia em rela\u00e7\u00e3o ao plano mensal.<\/h2>\t\t\t\t<\/div>\n\t\t\t\t<\/div>\n\t\t<div class=\"elementor-element elementor-element-033c8a3 e-con-full e-flex e-con e-child\" data-id=\"033c8a3\" data-element_type=\"container\" data-e-type=\"container\" data-settings=\"{&quot;background_background&quot;:&quot;classic&quot;}\">\n\t\t<div class=\"elementor-element elementor-element-d95db94 e-con-full e-flex e-con e-child\" data-id=\"d95db94\" data-element_type=\"container\" data-e-type=\"container\" data-settings=\"{&quot;background_background&quot;:&quot;classic&quot;}\">\n\t\t\t\t<div class=\"elementor-element elementor-element-90af506 elementor-widget elementor-widget-heading\" data-id=\"90af506\" data-element_type=\"widget\" data-e-type=\"widget\" data-widget_type=\"heading.default\">\n\t\t\t\t\t<h2 class=\"elementor-heading-title elementor-size-default\">Anual<\/h2>\t\t\t\t<\/div>\n\t\t\t\t<\/div>\n\t\t\t\t<div class=\"elementor-element elementor-element-0f56e08 elementor-widget__width-auto elementor-widget elementor-widget-heading\" data-id=\"0f56e08\" data-element_type=\"widget\" data-e-type=\"widget\" data-widget_type=\"heading.default\">\n\t\t\t\t\t<h2 class=\"elementor-heading-title elementor-size-default\"><b>Significado:<\/b> <br>Acesso liberado por 12 meses completos. Melhor custo-benef\u00edcio para quem deseja uso cont\u00ednuo e sem preocupa\u00e7\u00f5es com renova\u00e7\u00e3o frequente.<\/h2>\t\t\t\t<\/div>\n\t\t\t\t<\/div>\n\t\t<div class=\"elementor-element elementor-element-7018e5d e-con-full e-flex e-con e-child\" data-id=\"7018e5d\" data-element_type=\"container\" data-e-type=\"container\" data-settings=\"{&quot;background_background&quot;:&quot;classic&quot;}\">\n\t\t<div class=\"elementor-element elementor-element-6b7a21a e-con-full e-flex e-con e-child\" data-id=\"6b7a21a\" data-element_type=\"container\" data-e-type=\"container\" data-settings=\"{&quot;background_background&quot;:&quot;classic&quot;}\">\n\t\t\t\t<div class=\"elementor-element elementor-element-9dc3f0c elementor-widget elementor-widget-heading\" data-id=\"9dc3f0c\" data-element_type=\"widget\" data-e-type=\"widget\" data-widget_type=\"heading.default\">\n\t\t\t\t\t<h2 class=\"elementor-heading-title elementor-size-default\">Vers\u00e3o<\/h2>\t\t\t\t<\/div>\n\t\t\t\t<\/div>\n\t\t\t\t<div class=\"elementor-element elementor-element-a724cb1 elementor-widget__width-auto elementor-widget elementor-widget-heading\" data-id=\"a724cb1\" data-element_type=\"widget\" data-e-type=\"widget\" data-widget_type=\"heading.default\">\n\t\t\t\t\t<h2 class=\"elementor-heading-title elementor-size-default\"><b>Significado:<\/b> <br>Acesso vinculado a uma vers\u00e3o. Pode funcionar por 1 m\u00eas, 6 meses ou Vital\u00edcio (o funcionamento \u00e9 garantido, mas a quantidade de tempo pode variar). Se ele n\u00e3o parar de funcionar com atualiza\u00e7\u00f5es, voc\u00ea n\u00e3o precisar\u00e1 comprar uma nova vers\u00e3o. Caso pare de funcionar sua vers\u00e3o, voc\u00ea precisar\u00e1 adquirir uma nova vers\u00e3o do acesso.<\/h2>\t\t\t\t<\/div>\n\t\t\t\t<\/div>\n\t\t<div class=\"elementor-element elementor-element-87f7470 e-con-full e-flex e-con e-child\" data-id=\"87f7470\" data-element_type=\"container\" data-e-type=\"container\" data-settings=\"{&quot;background_background&quot;:&quot;classic&quot;}\">\n\t\t<div class=\"elementor-element elementor-element-ddeeb40 e-con-full e-flex e-con e-child\" data-id=\"ddeeb40\" data-element_type=\"container\" data-e-type=\"container\" data-settings=\"{&quot;background_background&quot;:&quot;classic&quot;}\">\n\t\t\t\t<div class=\"elementor-element elementor-element-086093a elementor-widget elementor-widget-heading\" data-id=\"086093a\" data-element_type=\"widget\" data-e-type=\"widget\" data-widget_type=\"heading.default\">\n\t\t\t\t\t<h2 class=\"elementor-heading-title elementor-size-default\">Vital\u00edcio<\/h2>\t\t\t\t<\/div>\n\t\t\t\t<\/div>\n\t\t\t\t<div class=\"elementor-element elementor-element-fef916b elementor-widget__width-auto elementor-widget elementor-widget-heading\" data-id=\"fef916b\" data-element_type=\"widget\" data-e-type=\"widget\" data-widget_type=\"heading.default\">\n\t\t\t\t\t<h2 class=\"elementor-heading-title elementor-size-default\"><b>Significado:<\/b> <br>Acesso permanente. Ideal para quem quer pagar uma \u00fanica vez e usar para sempre, sem renova\u00e7\u00f5es.<\/h2>\t\t\t\t<\/div>\n\t\t\t\t<\/div>\n\t\t\t\t\t<\/div>\n\t\t\t\t<\/div>\n\t\t<div class=\"elementor-element elementor-element-22a33cf e-flex e-con-boxed e-con e-parent\" data-id=\"22a33cf\" data-element_type=\"container\" data-e-type=\"container\">\n\t\t\t\t\t<div class=\"e-con-inner\">\n\t\t<div class=\"elementor-element elementor-element-1ea38be6 e-con-full e-flex e-con e-child\" data-id=\"1ea38be6\" data-element_type=\"container\" data-e-type=\"container\">\n\t\t\t\t<div class=\"elementor-element elementor-element-5501871c elementor-widget-divider--view-line elementor-widget elementor-widget-divider\" data-id=\"5501871c\" data-element_type=\"widget\" data-e-type=\"widget\" data-widget_type=\"divider.default\">\n\t\t\t\t\t\t\t<div class=\"elementor-divider\">\n\t\t\t<span class=\"elementor-divider-separator\">\n\t\t\t\t\t\t<\/span>\n\t\t<\/div>\n\t\t\t\t\t\t<\/div>\n\t\t\t\t<\/div>\n\t\t\t\t\t<\/div>\n\t\t\t\t<\/div>\n\t\t\t\t<\/div>","protected":false},"excerpt":{"rendered":"<p>Tudo sobre Dura\u00e7\u00e3o Entenda o que cada uma significa Como identifico os combos? Acessos com borda amarela indicam que fazem parte de um combo especial, reunindo mais benef\u00edcios\/ descontos em uma \u00fanica oferta. Acessos com borda amarela indicam que fazem parte de um combo especial, reunindo mais benef\u00edcios\/ descontos em uma \u00fanica oferta. 7 dias [&hellip;]<\/p>\n","protected":false},"author":2,"featured_media":0,"parent":0,"menu_order":0,"comment_status":"closed","ping_status":"closed","template":"","meta":{"footnotes":""},"class_list":["post-12621","page","type-page","status-publish","hentry"],"jetpack_sharing_enabled":true,"_links":{"self":[{"href":"https:\/\/nexuz-teste.prosperiuz.com\/en\/wp-json\/wp\/v2\/pages\/12621","targetHints":{"allow":["GET"]}}],"collection":[{"href":"https:\/\/nexuz-teste.prosperiuz.com\/en\/wp-json\/wp\/v2\/pages"}],"about":[{"href":"https:\/\/nexuz-teste.prosperiuz.com\/en\/wp-json\/wp\/v2\/types\/page"}],"author":[{"embeddable":true,"href":"https:\/\/nexuz-teste.prosperiuz.com\/en\/wp-json\/wp\/v2\/users\/2"}],"replies":[{"embeddable":true,"href":"https:\/\/nexuz-teste.prosperiuz.com\/en\/wp-json\/wp\/v2\/comments?post=12621"}],"version-history":[{"count":103,"href":"https:\/\/nexuz-teste.prosperiuz.com\/en\/wp-json\/wp\/v2\/pages\/12621\/revisions"}],"predecessor-version":[{"id":12872,"href":"https:\/\/nexuz-teste.prosperiuz.com\/en\/wp-json\/wp\/v2\/pages\/12621\/revisions\/12872"}],"wp:attachment":[{"href":"https:\/\/nexuz-teste.prosperiuz.com\/en\/wp-json\/wp\/v2\/media?parent=12621"}],"curies":[{"name":"wp","href":"https:\/\/api.w.org\/{rel}","templated":true}]}}